{"id":974721,"date":"2025-04-28T11:46:15","date_gmt":"2025-04-28T15:46:15","guid":{"rendered":"https:\/\/coinscatalogs.com\/?post_type=product&#038;p=974721"},"modified":"2026-02-11T17:36:13","modified_gmt":"2026-02-11T17:36:13","slug":"catalog-des-monnaies-du-monde-volume-13","status":"publish","type":"product","link":"https:\/\/coinscatalogs.com\/fr\/catalog-des-monnaies-du-monde-volume-13\/","title":{"rendered":"catalog des monnaies du monde 2025, volume 13 (pays UVWYZ)"},"content":{"rendered":"<p>Le volume 13 comprend des listes de pays du monde commen\u00e7ant par la lettre <strong>UVWYZ<\/strong>. Ces derniers commencent par l\u2019Ouganda et se terminent par le Zimbabwe.<\/p>\n<h4><strong><em>13460<\/em><\/strong> les pi\u00e8ces sont r\u00e9pertori\u00e9es dans ce catalog<\/h4>\n<p>Le volume 13 comprend 24 pays (incluant les pays existants et ceux qui n&#039;existent plus). Les pays inclus dans le volume 13 sont les suivants\u00a0:<\/p>\n<p><strong><em>Ouganda, Ukraine, Umm al-Qiwain, \u00c9mirats arabes unis, Royaume-Uni de Grande-Bretagne et d&#039;Irlande du Nord, \u00c9tats-Unis d&#039;Am\u00e9rique, Uruguay, Ouzb\u00e9kistan, Vanuatu, Cit\u00e9 du Vatican, \u00c9tats pontificaux du Vatican, Venezuela, Vietnam, \u00c9tats d&#039;Afrique de l&#039;Ouest, \u00celes du Vent, Y\u00e9men, R\u00e9publique d\u00e9mocratique populaire du Y\u00e9men, R\u00e9publique du Y\u00e9men, Arabie du Sud du Y\u00e9men, Yougoslavie, Za\u00efre, Zambie, Zanzibar, Zimbabwe. <\/em><\/strong><\/p>\n<p><strong>Ce catalog de pi\u00e8ces est enti\u00e8rement illustr\u00e9 en couleur avec des images de haute qualit\u00e9.<\/strong><\/p>\n<p>Ces catalogs sont livr\u00e9s au format PDF et sont consultables sur n&#039;importe quel ordinateur.<\/p>\n<p><strong>Livraison:\u00a0<\/strong>Il s&#039;agit d&#039;un eBook au format PDF que vous recevrez par e-mail dans les 24 heures ou moins. Vous aurez \u00e9galement la possibilit\u00e9 de recevoir le produit par DVD.<\/p>\n<p>Pour plus d&#039;informations, vous pouvez t\u00e9l\u00e9charger un catalog de pi\u00e8ces. (voir le\u00a0<a href=\"https:\/\/coinscatalogs.com\/fr\/page-de-demonstration\/\"><strong>D\u00e9mo<\/strong><\/a>\u00a0page pour un catalog de d\u00e9monstration).<\/p>","protected":false},"excerpt":{"rendered":"<p>World Coins catalog Year 2025 Volume 13 (Countries U-V-W-Y-Z), 13460 coins are listed in this catalog.<\/p>","protected":false},"featured_media":974722,"template":"","meta":[],"product_brand":[],"product_cat":[17],"product_tag":[],"class_list":{"0":"post-974721","1":"product","2":"type-product","3":"status-publish","4":"has-post-thumbnail","6":"product_cat-coins-catalog","7":"sales-flash-overlay","8":"woocommerce-text-align-center","9":"woocommerce-image-align-center","10":"do-quantity-buttons","12":"first","13":"instock","14":"downloadable","15":"virtual","16":"purchasable","17":"product-type-simple"},"_links":{"self":[{"href":"https:\/\/coinscatalogs.com\/fr\/wp-json\/wp\/v2\/product\/974721","targetHints":{"allow":["GET"]}}],"collection":[{"href":"https:\/\/coinscatalogs.com\/fr\/wp-json\/wp\/v2\/product"}],"about":[{"href":"https:\/\/coinscatalogs.com\/fr\/wp-json\/wp\/v2\/types\/product"}],"wp:featuredmedia":[{"embeddable":true,"href":"https:\/\/coinscatalogs.com\/fr\/wp-json\/wp\/v2\/media\/974722"}],"wp:attachment":[{"href":"https:\/\/coinscatalogs.com\/fr\/wp-json\/wp\/v2\/media?parent=974721"}],"wp:term":[{"taxonomy":"product_brand","embeddable":true,"href":"https:\/\/coinscatalogs.com\/fr\/wp-json\/wp\/v2\/product_brand?post=974721"},{"taxonomy":"product_cat","embeddable":true,"href":"https:\/\/coinscatalogs.com\/fr\/wp-json\/wp\/v2\/product_cat?post=974721"},{"taxonomy":"product_tag","embeddable":true,"href":"https:\/\/coinscatalogs.com\/fr\/wp-json\/wp\/v2\/product_tag?post=974721"}],"curies":[{"name":"wp","href":"https:\/\/api.w.org\/{rel}","templated":true}]}}