{"id":974719,"date":"2025-04-28T11:43:51","date_gmt":"2025-04-28T15:43:51","guid":{"rendered":"https:\/\/coinscatalogs.com\/?post_type=product&#038;p=974719"},"modified":"2025-12-16T20:36:56","modified_gmt":"2025-12-16T20:36:56","slug":"catalog-des-monnaies-du-monde-volume-12","status":"publish","type":"product","link":"https:\/\/coinscatalogs.com\/fr\/catalog-des-monnaies-du-monde-volume-12\/","title":{"rendered":"catalog des monnaies du monde 2025, volume 12 (Pays T)"},"content":{"rendered":"<p>Le volume 12 comprend des listes de pays du monde commen\u00e7ant par la lettre <strong>T<\/strong>. Ceux-ci commencent par Taiwan et se terminent par Tuvalu.<\/p>\n<h4><strong><em>9130<\/em><\/strong> les pi\u00e8ces sont r\u00e9pertori\u00e9es dans ce catalog<\/h4>\n<p>Le volume 12 comprend 19 pays (incluant les pays existants et ceux qui n&#039;existent plus). Les pays inclus dans le volume 12 sont les suivants\u00a0:<\/p>\n<p><strong><em>Ta\u00efwan, Tadjikistan, Tannu Tuva, Tanzanie, Tha\u00eflande, Tibet, Timor, Togo, Tokelau, Tonga, Transnistrie, Transylvanie, Trinit\u00e9-et-Tobago, Tristan da Cunha, Tunisie, Turquie, Turkm\u00e9nistan, \u00celes Turques-et-Ca\u00efques, Tuvalu. <\/em><\/strong><\/p>\n<p><strong>Ce catalog de pi\u00e8ces est enti\u00e8rement illustr\u00e9 en couleur avec des images de haute qualit\u00e9.<\/strong><\/p>\n<p>Ces catalogs sont livr\u00e9s au format PDF et sont consultables sur n&#039;importe quel ordinateur.<\/p>\n<p><strong>Livraison:\u00a0<\/strong>Il s&#039;agit d&#039;un eBook au format PDF que vous recevrez par e-mail dans les 24 heures ou moins. Vous aurez \u00e9galement la possibilit\u00e9 de recevoir le produit par DVD.<\/p>\n<p>Pour plus d&#039;informations, vous pouvez t\u00e9l\u00e9charger un catalog de pi\u00e8ces. (voir le\u00a0<a href=\"https:\/\/coinscatalogs.com\/fr\/page-de-demonstration\/\"><strong>D\u00e9mo<\/strong><\/a>\u00a0page pour un catalog de d\u00e9monstration).<\/p>","protected":false},"excerpt":{"rendered":"<p>World Coins catalog Year 2025 Volume 12 (Countries S), 9130 coins are listed in this catalog.<\/p>","protected":false},"featured_media":974720,"template":"","meta":[],"product_brand":[],"product_cat":[17],"product_tag":[],"class_list":{"0":"post-974719","1":"product","2":"type-product","3":"status-publish","4":"has-post-thumbnail","6":"product_cat-coins-catalog","7":"sales-flash-overlay","8":"woocommerce-text-align-center","9":"woocommerce-image-align-center","10":"do-quantity-buttons","12":"first","13":"instock","14":"virtual","15":"purchasable","16":"product-type-simple"},"_links":{"self":[{"href":"https:\/\/coinscatalogs.com\/fr\/wp-json\/wp\/v2\/product\/974719","targetHints":{"allow":["GET"]}}],"collection":[{"href":"https:\/\/coinscatalogs.com\/fr\/wp-json\/wp\/v2\/product"}],"about":[{"href":"https:\/\/coinscatalogs.com\/fr\/wp-json\/wp\/v2\/types\/product"}],"wp:featuredmedia":[{"embeddable":true,"href":"https:\/\/coinscatalogs.com\/fr\/wp-json\/wp\/v2\/media\/974720"}],"wp:attachment":[{"href":"https:\/\/coinscatalogs.com\/fr\/wp-json\/wp\/v2\/media?parent=974719"}],"wp:term":[{"taxonomy":"product_brand","embeddable":true,"href":"https:\/\/coinscatalogs.com\/fr\/wp-json\/wp\/v2\/product_brand?post=974719"},{"taxonomy":"product_cat","embeddable":true,"href":"https:\/\/coinscatalogs.com\/fr\/wp-json\/wp\/v2\/product_cat?post=974719"},{"taxonomy":"product_tag","embeddable":true,"href":"https:\/\/coinscatalogs.com\/fr\/wp-json\/wp\/v2\/product_tag?post=974719"}],"curies":[{"name":"wp","href":"https:\/\/api.w.org\/{rel}","templated":true}]}}