{"id":974717,"date":"2025-04-28T11:40:29","date_gmt":"2025-04-28T15:40:29","guid":{"rendered":"https:\/\/coinscatalogs.com\/?post_type=product&#038;p=974717"},"modified":"2025-06-23T15:59:56","modified_gmt":"2025-06-23T15:59:56","slug":"catalog-de-la-base-de-donnees-des-pieces-de-monnaie-du-monde-volume-11","status":"publish","type":"product","link":"https:\/\/coinscatalogs.com\/fr\/catalog-de-la-base-de-donnees-des-pieces-de-monnaie-du-monde-volume-11\/","title":{"rendered":"catalog des monnaies du monde 2025, volume 11 (pays S)"},"content":{"rendered":"<p>Le volume 11 comprend des listes de pays du monde commen\u00e7ant par la lettre <strong>S<\/strong>. Ceux-ci commencent par <strong>Sarre<\/strong> et se termine par <strong>Syrie<\/strong>.<\/p>\n<h4><strong><em>15275<\/em><\/strong> les pi\u00e8ces sont r\u00e9pertori\u00e9es dans ce catalog<\/h4>\n<p>Le volume 11 comprend 42 pays (incluant les pays existants et ceux qui n&#039;existent plus). Les pays inclus dans le volume 11 sont les suivants\u00a0:<\/p>\n<p><strong><em>Sarre, R\u00e9publique arabe sahraouie d\u00e9mocratique, Saint-Barth\u00e9lemy, Saint-Eustache, Sainte-H\u00e9l\u00e8ne, Sainte-H\u00e9l\u00e8ne et Ascension, Saint-Kitts-et-Nevis, Sainte-Lucie, Saint-Pierre-et-Miquelon, Saint-Vincent-et-les Grenadines, Samoa, Saint-Marin, S\u00e3o Tom\u00e9-et-Principe, Sarawak, Arabie saoudite, \u00c9cosse, S\u00e9n\u00e9gal, Serbie, Seychelles, Sharjah, Sierra Leone, Singapour, Slovaquie, Slov\u00e9nie, \u00celes Salomon, Somalie, Somaliland, Afrique du Sud, G\u00e9orgie du Sud et les \u00eeles Sandwich du Sud, Oss\u00e9tie du Sud, Soudan du Sud, Rhod\u00e9sie du Sud, Espagne, Pays-Bas espagnols, Sri Lanka, \u00c9tablissements des d\u00e9troits, Soudan, Suriname, Svalbard, Su\u00e8de, Suisse, Syrie. <\/em><\/strong><\/p>\n<p><strong>Ce catalog de pi\u00e8ces est enti\u00e8rement illustr\u00e9 en couleur avec des images de haute qualit\u00e9.<\/strong><\/p>\n<p>Ces catalogs sont livr\u00e9s au format PDF et sont consultables sur n&#039;importe quel ordinateur.<\/p>\n<p><strong>Livraison:\u00a0<\/strong>Il s&#039;agit d&#039;un eBook au format PDF que vous recevrez par e-mail dans les 24 heures ou moins. Vous aurez \u00e9galement la possibilit\u00e9 de recevoir le produit par DVD.<\/p>\n<p>Pour plus d&#039;informations, vous pouvez t\u00e9l\u00e9charger un catalog de pi\u00e8ces. (voir le\u00a0<a href=\"https:\/\/coinscatalogs.com\/fr\/page-de-demonstration\/\"><strong>D\u00e9mo<\/strong><\/a>\u00a0page pour un catalog de d\u00e9monstration).<\/p>","protected":false},"excerpt":{"rendered":"<p>catalog des pi\u00e8ces du monde Ann\u00e9e 2025 Volume 11 (Pays S), 15275 pi\u00e8ces sont r\u00e9pertori\u00e9es dans ce catalog.<\/p>","protected":false},"featured_media":974718,"template":"","meta":[],"product_brand":[],"product_cat":[17],"product_tag":[],"class_list":{"0":"post-974717","1":"product","2":"type-product","3":"status-publish","4":"has-post-thumbnail","6":"product_cat-coins-catalog","7":"sales-flash-overlay","8":"woocommerce-text-align-center","9":"woocommerce-image-align-center","10":"do-quantity-buttons","12":"first","13":"instock","14":"virtual","15":"purchasable","16":"product-type-simple"},"_links":{"self":[{"href":"https:\/\/coinscatalogs.com\/fr\/wp-json\/wp\/v2\/product\/974717","targetHints":{"allow":["GET"]}}],"collection":[{"href":"https:\/\/coinscatalogs.com\/fr\/wp-json\/wp\/v2\/product"}],"about":[{"href":"https:\/\/coinscatalogs.com\/fr\/wp-json\/wp\/v2\/types\/product"}],"wp:featuredmedia":[{"embeddable":true,"href":"https:\/\/coinscatalogs.com\/fr\/wp-json\/wp\/v2\/media\/974718"}],"wp:attachment":[{"href":"https:\/\/coinscatalogs.com\/fr\/wp-json\/wp\/v2\/media?parent=974717"}],"wp:term":[{"taxonomy":"product_brand","embeddable":true,"href":"https:\/\/coinscatalogs.com\/fr\/wp-json\/wp\/v2\/product_brand?post=974717"},{"taxonomy":"product_cat","embeddable":true,"href":"https:\/\/coinscatalogs.com\/fr\/wp-json\/wp\/v2\/product_cat?post=974717"},{"taxonomy":"product_tag","embeddable":true,"href":"https:\/\/coinscatalogs.com\/fr\/wp-json\/wp\/v2\/product_tag?post=974717"}],"curies":[{"name":"wp","href":"https:\/\/api.w.org\/{rel}","templated":true}]}}