{"id":974715,"date":"2025-04-28T11:37:20","date_gmt":"2025-04-28T15:37:20","guid":{"rendered":"https:\/\/coinscatalogs.com\/?post_type=product&#038;p=974715"},"modified":"2025-07-12T04:10:50","modified_gmt":"2025-07-12T04:10:50","slug":"catalog-des-monnaies-du-monde-volume-10","status":"publish","type":"product","link":"https:\/\/coinscatalogs.com\/fr\/catalog-des-monnaies-du-monde-volume-10\/","title":{"rendered":"catalog des monnaies du monde 2025, volume 10 (Pays PQR)"},"content":{"rendered":"<p>Le volume 10 comprend des listes de pays du monde commen\u00e7ant par la lettre <strong>PQR<\/strong>. Ceux-ci commencent par <strong>Pakistan<\/strong> et se termine par <strong>Rwanda<\/strong>.<\/p>\n<h4><strong><em>11047<\/em><\/strong> les pi\u00e8ces sont r\u00e9pertori\u00e9es dans ce catalog<\/h4>\n<p>Le volume 10 comprend 23 pays (incluant les pays existants et ceux qui n&#039;existent plus). Les pays inclus dans le volume 10 sont les suivants\u00a0:<\/p>\n<p><strong><em>Pakistan, Palaos, Palestine \u2013 Mandat britannique, Panama, Papouasie-Nouvelle-Guin\u00e9e, Paraguay, P\u00e9rou, Philippines, \u00celes Pitcairn, Pologne, Portugal, Guin\u00e9e portugaise, Porto Rico, Qatar, R\u00e9publique de Raguse, Ras al Khaimah, R\u00e9union, Rhod\u00e9sie, Rhod\u00e9sie et Nyassaland, Roumanie, Russie, Rwanda, Rwanda et Burundi. <\/em><\/strong><\/p>\n<p><strong>Ce catalog de pi\u00e8ces est enti\u00e8rement illustr\u00e9 en couleur avec des images de haute qualit\u00e9.<\/strong><\/p>\n<p>Ces catalogs sont livr\u00e9s au format PDF et sont consultables sur n&#039;importe quel ordinateur.<\/p>\n<p><strong>Livraison:\u00a0<\/strong>Il s&#039;agit d&#039;un eBook au format PDF que vous recevrez par e-mail dans les 24 heures ou moins. Vous aurez \u00e9galement la possibilit\u00e9 de recevoir le produit par DVD.<\/p>\n<p>Pour plus d&#039;informations, vous pouvez t\u00e9l\u00e9charger un catalog de pi\u00e8ces. (voir le\u00a0<a href=\"https:\/\/coinscatalogs.com\/fr\/page-de-demonstration\/\"><strong>D\u00e9mo<\/strong><\/a>\u00a0page pour un catalog de d\u00e9monstration).<\/p>","protected":false},"excerpt":{"rendered":"<p>catalog des pi\u00e8ces du monde Ann\u00e9e 2024 Volume 10 (Pays PQR), 11047 pi\u00e8ces sont r\u00e9pertori\u00e9es dans ce catalog.<\/p>","protected":false},"featured_media":974716,"template":"","meta":[],"product_brand":[],"product_cat":[17],"product_tag":[],"class_list":{"0":"post-974715","1":"product","2":"type-product","3":"status-publish","4":"has-post-thumbnail","6":"product_cat-coins-catalog","7":"sales-flash-overlay","8":"woocommerce-text-align-center","9":"woocommerce-image-align-center","10":"do-quantity-buttons","12":"first","13":"instock","14":"virtual","15":"purchasable","16":"product-type-simple"},"_links":{"self":[{"href":"https:\/\/coinscatalogs.com\/fr\/wp-json\/wp\/v2\/product\/974715","targetHints":{"allow":["GET"]}}],"collection":[{"href":"https:\/\/coinscatalogs.com\/fr\/wp-json\/wp\/v2\/product"}],"about":[{"href":"https:\/\/coinscatalogs.com\/fr\/wp-json\/wp\/v2\/types\/product"}],"wp:featuredmedia":[{"embeddable":true,"href":"https:\/\/coinscatalogs.com\/fr\/wp-json\/wp\/v2\/media\/974716"}],"wp:attachment":[{"href":"https:\/\/coinscatalogs.com\/fr\/wp-json\/wp\/v2\/media?parent=974715"}],"wp:term":[{"taxonomy":"product_brand","embeddable":true,"href":"https:\/\/coinscatalogs.com\/fr\/wp-json\/wp\/v2\/product_brand?post=974715"},{"taxonomy":"product_cat","embeddable":true,"href":"https:\/\/coinscatalogs.com\/fr\/wp-json\/wp\/v2\/product_cat?post=974715"},{"taxonomy":"product_tag","embeddable":true,"href":"https:\/\/coinscatalogs.com\/fr\/wp-json\/wp\/v2\/product_tag?post=974715"}],"curies":[{"name":"wp","href":"https:\/\/api.w.org\/{rel}","templated":true}]}}