{"id":974711,"date":"2025-04-28T11:30:24","date_gmt":"2025-04-28T15:30:24","guid":{"rendered":"https:\/\/coinscatalogs.com\/?post_type=product&#038;p=974711"},"modified":"2025-06-23T15:59:46","modified_gmt":"2025-06-23T15:59:46","slug":"catalog-des-monnaies-du-monde-volume-8","status":"publish","type":"product","link":"https:\/\/coinscatalogs.com\/fr\/catalog-des-monnaies-du-monde-volume-8\/","title":{"rendered":"catalog des monnaies du monde 2025, volume 8 (pays KLM)"},"content":{"rendered":"<p>Le volume 8 comprend des listes de pays du monde commen\u00e7ant par la lettre <strong>kLM<\/strong>. Ceux-ci commencent par <strong>Katanga<\/strong> et se termine par <strong>Birmanie<\/strong>.<\/p>\n<h4><strong><em>14605<\/em><\/strong> les pi\u00e8ces sont r\u00e9pertori\u00e9es dans ce catalog<\/h4>\n<p>Le volume 8 comprend\u00a0 <strong><em>50<\/em><\/strong> Pays (incluant les pays existants et ceux qui n&#039;existent plus). Les pays inclus dans le volume 8 sont les suivants\u00a0:<\/p>\n<p>Katanga, Kazakhstan, Kenya, R\u00e9publique sovi\u00e9tique populaire de Khorezm, Kiao Chau, Kiribati, Cor\u00e9e, Cor\u00e9e du Nord, Cor\u00e9e du Sud, Kowe\u00eft, Kirghizistan, Laos, Lettonie, Liban, Lesotho, Lib\u00e9ria, Libye, Liechtenstein, Li\u00e8ge, Lituanie, Livonie, Luxembourg, Macao, Madagascar, \u00celes de Mad\u00e8re, Malawi, Malaisie, Malaisie, Maldives, Mali, Malte, Malte Ordre Souverain Militaire des \u00celes Marshall, Martinique, Mauritanie, Maurice, Mayotte, Mexique, \u00c9tats f\u00e9d\u00e9r\u00e9s de Micron\u00e9sie, Moldavie et Valachie, Principaut\u00e9 moldave, Moldavie, Mombasa, Monaco, Mongolie, Mont\u00e9n\u00e9gro, Montserrat, Maroc, Mozambique, Myanmar.<\/p>\n<p><strong>Ce catalog de pi\u00e8ces est enti\u00e8rement illustr\u00e9 en couleur avec des images de haute qualit\u00e9.<\/strong><\/p>\n<p>Ces catalogs sont livr\u00e9s au format PDF et sont consultables sur n&#039;importe quel ordinateur.<\/p>\n<p><strong>Livraison:\u00a0<\/strong>Il s&#039;agit d&#039;un eBook au format PDF que vous recevrez par e-mail dans les 24 heures ou moins. Vous aurez \u00e9galement la possibilit\u00e9 de recevoir le produit par DVD.<\/p>\n<p>Pour plus d&#039;informations, vous pouvez t\u00e9l\u00e9charger un catalog de pi\u00e8ces. (voir le\u00a0<a href=\"https:\/\/coinscatalogs.com\/fr\/page-de-demonstration\/\"><strong>D\u00e9mo<\/strong><\/a>\u00a0page pour un catalog de d\u00e9monstration).<\/p>","protected":false},"excerpt":{"rendered":"<p>catalog des pi\u00e8ces du monde Ann\u00e9e 2025 Volume 8 (Pays KLM), 14605 pi\u00e8ces sont r\u00e9pertori\u00e9es dans ce catalog.<\/p>","protected":false},"featured_media":974712,"template":"","meta":[],"product_brand":[],"product_cat":[17],"product_tag":[],"class_list":{"0":"post-974711","1":"product","2":"type-product","3":"status-publish","4":"has-post-thumbnail","6":"product_cat-coins-catalog","7":"sales-flash-overlay","8":"woocommerce-text-align-center","9":"woocommerce-image-align-center","10":"do-quantity-buttons","12":"first","13":"instock","14":"virtual","15":"purchasable","16":"product-type-simple"},"_links":{"self":[{"href":"https:\/\/coinscatalogs.com\/fr\/wp-json\/wp\/v2\/product\/974711","targetHints":{"allow":["GET"]}}],"collection":[{"href":"https:\/\/coinscatalogs.com\/fr\/wp-json\/wp\/v2\/product"}],"about":[{"href":"https:\/\/coinscatalogs.com\/fr\/wp-json\/wp\/v2\/types\/product"}],"wp:featuredmedia":[{"embeddable":true,"href":"https:\/\/coinscatalogs.com\/fr\/wp-json\/wp\/v2\/media\/974712"}],"wp:attachment":[{"href":"https:\/\/coinscatalogs.com\/fr\/wp-json\/wp\/v2\/media?parent=974711"}],"wp:term":[{"taxonomy":"product_brand","embeddable":true,"href":"https:\/\/coinscatalogs.com\/fr\/wp-json\/wp\/v2\/product_brand?post=974711"},{"taxonomy":"product_cat","embeddable":true,"href":"https:\/\/coinscatalogs.com\/fr\/wp-json\/wp\/v2\/product_cat?post=974711"},{"taxonomy":"product_tag","embeddable":true,"href":"https:\/\/coinscatalogs.com\/fr\/wp-json\/wp\/v2\/product_tag?post=974711"}],"curies":[{"name":"wp","href":"https:\/\/api.w.org\/{rel}","templated":true}]}}