{"id":974705,"date":"2025-04-28T11:18:47","date_gmt":"2025-04-28T15:18:47","guid":{"rendered":"https:\/\/coinscatalogs.com\/?post_type=product&#038;p=974705"},"modified":"2025-06-23T15:59:36","modified_gmt":"2025-06-23T15:59:36","slug":"catalog-des-monnaies-du-monde-volume-5","status":"publish","type":"product","link":"https:\/\/coinscatalogs.com\/fr\/catalog-des-monnaies-du-monde-volume-5\/","title":{"rendered":"catalog des monnaies du monde 2025, volume 5 (pays F)"},"content":{"rendered":"<p>Le volume 5 comprend des listes de pays du monde commen\u00e7ant par la lettre <strong>F<\/strong>. Ceux-ci commencent par<strong> \u00celes Malouines<\/strong> et se termine par <strong>Fuja\u00efrah<\/strong>.<\/p>\n<h4><strong><em>12782<\/em><\/strong> les pi\u00e8ces sont r\u00e9pertori\u00e9es dans ce catalog<\/h4>\n<p>Le volume 5 comprend 18 pays (incluant les pays existants et ceux qui n&#039;existent plus). Les pays inclus dans le volume 5 sont les suivants\u00a0:<\/p>\n<p>\u00celes Malouines, \u00celes F\u00e9ro\u00e9, R\u00e9publique f\u00e9d\u00e9rale d&#039;Am\u00e9rique centrale, Fidji, Finlande, France, Afars et Issas fran\u00e7ais, Antilles fran\u00e7aises, Colonies fran\u00e7aises, Afrique \u00e9quatoriale fran\u00e7aise, Guyane fran\u00e7aise, Indochine fran\u00e7aise, Oc\u00e9anie fran\u00e7aise, Polyn\u00e9sie fran\u00e7aise, C\u00f4te fran\u00e7aise des Somalis, Terres australes et antarctiques fran\u00e7aises, Afrique occidentale fran\u00e7aise, Fujairah.<\/p>\n<p><strong>Ce catalog de pi\u00e8ces est enti\u00e8rement illustr\u00e9 en couleur avec des images de haute qualit\u00e9.<\/strong><\/p>\n<p>Ces catalogs sont livr\u00e9s au format PDF et sont consultables sur n&#039;importe quel ordinateur.<\/p>\n<p><strong>Livraison:\u00a0<\/strong>Il s&#039;agit d&#039;un eBook au format PDF que vous recevrez par e-mail dans les 24 heures ou moins. Vous aurez \u00e9galement la possibilit\u00e9 de recevoir le produit par DVD.<\/p>\n<p>Pour plus d&#039;informations, vous pouvez t\u00e9l\u00e9charger un catalog de pi\u00e8ces. (voir le\u00a0<a href=\"https:\/\/coinscatalogs.com\/fr\/page-de-demonstration\/\"><strong>D\u00e9mo<\/strong><\/a>\u00a0page pour un catalog de d\u00e9monstration).<\/p>","protected":false},"excerpt":{"rendered":"<p>catalog des pi\u00e8ces du monde Ann\u00e9e 2025 Volume 5 (Pays F), 12782 pi\u00e8ces sont r\u00e9pertori\u00e9es dans ce catalog.<\/p>","protected":false},"featured_media":974706,"template":"","meta":[],"product_brand":[],"product_cat":[17],"product_tag":[],"class_list":{"0":"post-974705","1":"product","2":"type-product","3":"status-publish","4":"has-post-thumbnail","6":"product_cat-coins-catalog","7":"sales-flash-overlay","8":"woocommerce-text-align-center","9":"woocommerce-image-align-center","10":"do-quantity-buttons","12":"first","13":"instock","14":"virtual","15":"purchasable","16":"product-type-simple"},"_links":{"self":[{"href":"https:\/\/coinscatalogs.com\/fr\/wp-json\/wp\/v2\/product\/974705","targetHints":{"allow":["GET"]}}],"collection":[{"href":"https:\/\/coinscatalogs.com\/fr\/wp-json\/wp\/v2\/product"}],"about":[{"href":"https:\/\/coinscatalogs.com\/fr\/wp-json\/wp\/v2\/types\/product"}],"wp:featuredmedia":[{"embeddable":true,"href":"https:\/\/coinscatalogs.com\/fr\/wp-json\/wp\/v2\/media\/974706"}],"wp:attachment":[{"href":"https:\/\/coinscatalogs.com\/fr\/wp-json\/wp\/v2\/media?parent=974705"}],"wp:term":[{"taxonomy":"product_brand","embeddable":true,"href":"https:\/\/coinscatalogs.com\/fr\/wp-json\/wp\/v2\/product_brand?post=974705"},{"taxonomy":"product_cat","embeddable":true,"href":"https:\/\/coinscatalogs.com\/fr\/wp-json\/wp\/v2\/product_cat?post=974705"},{"taxonomy":"product_tag","embeddable":true,"href":"https:\/\/coinscatalogs.com\/fr\/wp-json\/wp\/v2\/product_tag?post=974705"}],"curies":[{"name":"wp","href":"https:\/\/api.w.org\/{rel}","templated":true}]}}