{"id":974703,"date":"2025-04-28T11:15:16","date_gmt":"2025-04-28T15:15:16","guid":{"rendered":"https:\/\/coinscatalogs.com\/?post_type=product&#038;p=974703"},"modified":"2025-06-23T15:59:32","modified_gmt":"2025-06-23T15:59:32","slug":"catalog-des-pieces-du-monde-2025-volume-4-pays-de","status":"publish","type":"product","link":"https:\/\/coinscatalogs.com\/fr\/catalog-des-monnaies-du-monde-volume-4\/","title":{"rendered":"catalog des monnaies du monde 2025, volume 4 (Pays DE)"},"content":{"rendered":"<p>Le volume 4 comprend des listes de pays du monde commen\u00e7ant par des lettres <strong>DE<\/strong>. Celles-ci commencent par le Dahomey et se terminent par l\u2019\u00c9thiopie.<\/p>\n<h4><strong><em>4135<\/em><\/strong> les pi\u00e8ces sont r\u00e9pertori\u00e9es dans ce catalog<\/h4>\n<p>Le volume 4 comprend 21 pays (incluant les pays existants et ceux qui n&#039;existent plus). Les pays inclus dans le volume 4 sont les suivants\u00a0:<\/p>\n<p><strong><em>Dahomey, Antilles danoises, Colonie de Demerara-Essequibo, Danemark, Danemark Gluckstadt, Danemark Holstein-Gottorp-Rendsborg, Djibouti, Dominique, R\u00e9publique dominicaine, \u00c9tats des Cara\u00efbes orientales, Timor oriental, \u00c9quateur, \u00c9gypte, \u00c9gypte ancienne, El Salvador, \u00c9tats d&#039;Afrique \u00e9quatoriale, Guin\u00e9e \u00e9quatoriale, \u00c9rythr\u00e9e, Estonie, Eswatini (Swaziland), \u00c9thiopie. <\/em><\/strong><\/p>\n<p>Vous recevrez le fichier de base de donn\u00e9es comprenant l&#039;image des pi\u00e8ces au format de feuille de calcul Excel modifiable (.xlsx).<\/p>\n<p><strong>Ce catalog de pi\u00e8ces est enti\u00e8rement illustr\u00e9 en couleur avec des images de haute qualit\u00e9.<\/strong><\/p>\n<p>Ces catalogs sont livr\u00e9s au format PDF et sont consultables sur n&#039;importe quel ordinateur.<\/p>\n<p><strong>Livraison:\u00a0<\/strong>Il s&#039;agit d&#039;un eBook au format PDF que vous recevrez par e-mail dans les 24 heures ou moins. Vous aurez \u00e9galement la possibilit\u00e9 de recevoir le produit par DVD.<\/p>\n<p>Pour plus d&#039;informations, vous pouvez t\u00e9l\u00e9charger un catalog de pi\u00e8ces. (voir le\u00a0<a href=\"https:\/\/coinscatalogs.com\/fr\/page-de-demonstration\/\"><strong>D\u00e9mo<\/strong><\/a>\u00a0page pour un catalog de d\u00e9monstration).<\/p>","protected":false},"excerpt":{"rendered":"<p>catalog des pi\u00e8ces du monde Ann\u00e9e 2025 Volume 4 (Pays DE), 4135 pi\u00e8ces sont r\u00e9pertori\u00e9es dans ce catalog.<\/p>","protected":false},"featured_media":974704,"template":"","meta":[],"product_brand":[],"product_cat":[17],"product_tag":[],"class_list":{"0":"post-974703","1":"product","2":"type-product","3":"status-publish","4":"has-post-thumbnail","6":"product_cat-coins-catalog","7":"sales-flash-overlay","8":"woocommerce-text-align-center","9":"woocommerce-image-align-center","10":"do-quantity-buttons","12":"first","13":"instock","14":"virtual","15":"purchasable","16":"product-type-simple"},"_links":{"self":[{"href":"https:\/\/coinscatalogs.com\/fr\/wp-json\/wp\/v2\/product\/974703","targetHints":{"allow":["GET"]}}],"collection":[{"href":"https:\/\/coinscatalogs.com\/fr\/wp-json\/wp\/v2\/product"}],"about":[{"href":"https:\/\/coinscatalogs.com\/fr\/wp-json\/wp\/v2\/types\/product"}],"wp:featuredmedia":[{"embeddable":true,"href":"https:\/\/coinscatalogs.com\/fr\/wp-json\/wp\/v2\/media\/974704"}],"wp:attachment":[{"href":"https:\/\/coinscatalogs.com\/fr\/wp-json\/wp\/v2\/media?parent=974703"}],"wp:term":[{"taxonomy":"product_brand","embeddable":true,"href":"https:\/\/coinscatalogs.com\/fr\/wp-json\/wp\/v2\/product_brand?post=974703"},{"taxonomy":"product_cat","embeddable":true,"href":"https:\/\/coinscatalogs.com\/fr\/wp-json\/wp\/v2\/product_cat?post=974703"},{"taxonomy":"product_tag","embeddable":true,"href":"https:\/\/coinscatalogs.com\/fr\/wp-json\/wp\/v2\/product_tag?post=974703"}],"curies":[{"name":"wp","href":"https:\/\/api.w.org\/{rel}","templated":true}]}}