{"id":974701,"date":"2025-04-28T11:11:13","date_gmt":"2025-04-28T15:11:13","guid":{"rendered":"https:\/\/coinscatalogs.com\/?post_type=product&#038;p=974701"},"modified":"2026-01-06T14:55:44","modified_gmt":"2026-01-06T14:55:44","slug":"catalog-des-monnaies-du-monde-volume-3","status":"publish","type":"product","link":"https:\/\/coinscatalogs.com\/fr\/catalog-des-monnaies-du-monde-volume-3\/","title":{"rendered":"catalog des monnaies du monde 2025, volume 3 (pays C)"},"content":{"rendered":"<p>Le volume 3 comprend des listes de pays du monde commen\u00e7ant par la lettre <strong>C<\/strong>. Celles-ci commencent par le Cap-Vert et se terminent par la Tch\u00e9coslovaquie.<\/p>\n<h4><strong><em>20144<\/em><\/strong> les pi\u00e8ces sont r\u00e9pertori\u00e9es dans ce catalog<\/h4>\n<p>Le volume 3 comprend\u00a0 <em><strong>38<\/strong><\/em> Pays (incluant les pays existants et ceux qui n&#039;existent plus). Les pays inclus dans le volume 3 sont les suivants\u00a0:<\/p>\n<p><strong>Cap-Vert, Cambodge, Cameroun, Canada, Cap de Bonne-Esp\u00e9rance, Empire carolingien, Carthage, \u00celes Ca\u00efmans, R\u00e9publique centrafricaine, \u00c9tats d&#039;Afrique centrale, Ceylan, Tchad, Chili, Chine \u2013 \u00c9tats fantoches japonais, Empires dynastiques de Chine, R\u00e9publique populaire de Chine, R\u00e9publique de Chine, R\u00e9publique sovi\u00e9tique de Chine, \u00celes Cocos (Keeling), Colombie, Colombie, Santander, Comores, \u00c9tats conf\u00e9d\u00e9r\u00e9s d&#039;Am\u00e9rique, R\u00e9publique d\u00e9mocratique du Congo (Kinshasa), \u00c9tat ind\u00e9pendant du Congo, R\u00e9publique du Congo (Brazzaville), \u00celes Cook, Costa Rica, Duch\u00e9 de Courlande et de S\u00e9migalie, Cr\u00e8te, Khanat de Crim\u00e9e, Croatie, \u00c9tats crois\u00e9s, Cuba, Cura\u00e7ao, Chypre, R\u00e9publique tch\u00e8que, Tch\u00e9coslovaquie.<\/strong><\/p>\n<p><em><p><strong>Ce catalog de pi\u00e8ces est enti\u00e8rement illustr\u00e9 en couleur avec des images de haute qualit\u00e9.<\/strong><\/p>\n<p>Ces catalogs sont livr\u00e9s au format PDF et sont consultables sur n&#039;importe quel ordinateur.<\/p>\n<p><strong>Livraison:\u00a0<\/strong>Il s&#039;agit d&#039;un eBook au format PDF que vous recevrez par e-mail dans les 24 heures ou moins. Vous aurez \u00e9galement la possibilit\u00e9 de recevoir le produit par DVD.<\/p>\n<p>Pour plus d&#039;informations, vous pouvez t\u00e9l\u00e9charger un catalog de pi\u00e8ces. (voir le\u00a0<a href=\"https:\/\/coinscatalogs.com\/fr\/page-de-demonstration\/\"><strong>D\u00e9mo<\/strong><\/a>\u00a0page pour un catalog de d\u00e9monstration).<\/p><\/em><\/p>","protected":false},"excerpt":{"rendered":"<p>catalog des pi\u00e8ces du monde Ann\u00e9e 2025 Volume 3 (Pays C), 20144 pi\u00e8ces sont r\u00e9pertori\u00e9es dans cette base de donn\u00e9es.<\/p>","protected":false},"featured_media":974702,"template":"","meta":[],"product_brand":[],"product_cat":[17],"product_tag":[],"class_list":{"0":"post-974701","1":"product","2":"type-product","3":"status-publish","4":"has-post-thumbnail","6":"product_cat-coins-catalog","7":"sales-flash-overlay","8":"woocommerce-text-align-center","9":"woocommerce-image-align-center","10":"do-quantity-buttons","12":"first","13":"instock","14":"virtual","15":"purchasable","16":"product-type-simple"},"_links":{"self":[{"href":"https:\/\/coinscatalogs.com\/fr\/wp-json\/wp\/v2\/product\/974701","targetHints":{"allow":["GET"]}}],"collection":[{"href":"https:\/\/coinscatalogs.com\/fr\/wp-json\/wp\/v2\/product"}],"about":[{"href":"https:\/\/coinscatalogs.com\/fr\/wp-json\/wp\/v2\/types\/product"}],"wp:featuredmedia":[{"embeddable":true,"href":"https:\/\/coinscatalogs.com\/fr\/wp-json\/wp\/v2\/media\/974702"}],"wp:attachment":[{"href":"https:\/\/coinscatalogs.com\/fr\/wp-json\/wp\/v2\/media?parent=974701"}],"wp:term":[{"taxonomy":"product_brand","embeddable":true,"href":"https:\/\/coinscatalogs.com\/fr\/wp-json\/wp\/v2\/product_brand?post=974701"},{"taxonomy":"product_cat","embeddable":true,"href":"https:\/\/coinscatalogs.com\/fr\/wp-json\/wp\/v2\/product_cat?post=974701"},{"taxonomy":"product_tag","embeddable":true,"href":"https:\/\/coinscatalogs.com\/fr\/wp-json\/wp\/v2\/product_tag?post=974701"}],"curies":[{"name":"wp","href":"https:\/\/api.w.org\/{rel}","templated":true}]}}