{"id":974698,"date":"2025-04-28T11:03:19","date_gmt":"2025-04-28T15:03:19","guid":{"rendered":"https:\/\/coinscatalogs.com\/?post_type=product&#038;p=974698"},"modified":"2025-06-23T15:59:26","modified_gmt":"2025-06-23T15:59:26","slug":"catalog-des-monnaies-du-monde-volume-2","status":"publish","type":"product","link":"https:\/\/coinscatalogs.com\/fr\/catalog-des-monnaies-du-monde-volume-2\/","title":{"rendered":"catalog des monnaies du monde 2025, volume 2 (pays B)"},"content":{"rendered":"<p>Le volume 2 comprend des listes de pays du monde commen\u00e7ant par la lettre <strong>B<\/strong>. Ceux-ci commencent par les Bahamas et se terminent par l&#039;Empire byzantin.<\/p>\n<h4><strong><em>9378<\/em><\/strong> les pi\u00e8ces sont r\u00e9pertori\u00e9es dans ce catalog<\/h4>\n<p>Le volume 2 comprend 34 pays (incluant les pays existants et ceux qui n&#039;existent plus). Les pays inclus dans le volume 2 sont les suivants\u00a0:<\/p>\n<p><strong><em>Bahamas, Bahre\u00efn, Bangladesh, Barbade, Bi\u00e9lorussie, Congo belge, Congo belge, Ruanda-Urundi, Belgique, Belize, B\u00e9nin, Bermudes, Bhoutan, Biafra, Boh\u00eame, Boh\u00eame et Moravie, Bolivie, Bosnie-Herz\u00e9govine, Botswana, Br\u00e9sil, Territoire antarctique britannique (BAT), Afrique orientale britannique (Kenya, Ouganda et Tanganyika), Guyane britannique, Honduras britannique, Territoire britannique de l&#039;oc\u00e9an Indien, Born\u00e9o du Nord britannique, \u00celes Vierges britanniques, Afrique occidentale britannique, Antilles britanniques, Brun\u00e9i Darussalam, Bulgarie, Burkina Faso, Birmanie, Burundi, Empire byzantin.<\/em><\/strong><\/p>\n<p><strong>Ce catalog de pi\u00e8ces est enti\u00e8rement illustr\u00e9 en couleur avec des images de haute qualit\u00e9.<\/strong><\/p>\n<p>Ces catalogs sont livr\u00e9s au format PDF et sont consultables sur n&#039;importe quel ordinateur.<\/p>\n<p><strong>Livraison:\u00a0<\/strong>Il s&#039;agit d&#039;un eBook au format PDF que vous recevrez par e-mail dans les 24 heures ou moins. Vous aurez \u00e9galement la possibilit\u00e9 de recevoir le produit par DVD.<\/p>\n<p>Pour plus d&#039;informations, vous pouvez t\u00e9l\u00e9charger un catalog de pi\u00e8ces. (voir le\u00a0<a href=\"https:\/\/coinscatalogs.com\/fr\/page-de-demonstration\/\"><strong>D\u00e9mo<\/strong><\/a>\u00a0page pour un catalog de d\u00e9monstration).<\/p>","protected":false},"excerpt":{"rendered":"<p>catalog des pi\u00e8ces du monde Ann\u00e9e 2025 Volume 2 (Pays B), 9378 pi\u00e8ces sont r\u00e9pertori\u00e9es dans ce catalog.<\/p>","protected":false},"featured_media":974699,"template":"","meta":[],"product_brand":[],"product_cat":[17],"product_tag":[],"class_list":{"0":"post-974698","1":"product","2":"type-product","3":"status-publish","4":"has-post-thumbnail","6":"product_cat-coins-catalog","7":"sales-flash-overlay","8":"woocommerce-text-align-center","9":"woocommerce-image-align-center","10":"do-quantity-buttons","12":"first","13":"instock","14":"virtual","15":"purchasable","16":"product-type-simple"},"_links":{"self":[{"href":"https:\/\/coinscatalogs.com\/fr\/wp-json\/wp\/v2\/product\/974698","targetHints":{"allow":["GET"]}}],"collection":[{"href":"https:\/\/coinscatalogs.com\/fr\/wp-json\/wp\/v2\/product"}],"about":[{"href":"https:\/\/coinscatalogs.com\/fr\/wp-json\/wp\/v2\/types\/product"}],"wp:featuredmedia":[{"embeddable":true,"href":"https:\/\/coinscatalogs.com\/fr\/wp-json\/wp\/v2\/media\/974699"}],"wp:attachment":[{"href":"https:\/\/coinscatalogs.com\/fr\/wp-json\/wp\/v2\/media?parent=974698"}],"wp:term":[{"taxonomy":"product_brand","embeddable":true,"href":"https:\/\/coinscatalogs.com\/fr\/wp-json\/wp\/v2\/product_brand?post=974698"},{"taxonomy":"product_cat","embeddable":true,"href":"https:\/\/coinscatalogs.com\/fr\/wp-json\/wp\/v2\/product_cat?post=974698"},{"taxonomy":"product_tag","embeddable":true,"href":"https:\/\/coinscatalogs.com\/fr\/wp-json\/wp\/v2\/product_tag?post=974698"}],"curies":[{"name":"wp","href":"https:\/\/api.w.org\/{rel}","templated":true}]}}