{"id":974696,"date":"2025-04-28T10:55:59","date_gmt":"2025-04-28T14:55:59","guid":{"rendered":"https:\/\/coinscatalogs.com\/?post_type=product&#038;p=974696"},"modified":"2025-06-23T15:59:22","modified_gmt":"2025-06-23T15:59:22","slug":"catalog-des-monnaies-du-monde-volume-1","status":"publish","type":"product","link":"https:\/\/coinscatalogs.com\/fr\/catalog-des-monnaies-du-monde-volume-1\/","title":{"rendered":"catalog des monnaies du monde 2025, volume 1 (pays A)"},"content":{"rendered":"<p>Le volume 1 comprend des listes de pays du monde commen\u00e7ant par la lettre <strong>UN<\/strong>. Celles-ci commencent par l\u2019Abkhazie et se terminent par les A\u00e7ores.<\/p>\n<h4><strong><em>14495<\/em><\/strong> les pi\u00e8ces sont r\u00e9pertori\u00e9es dans ce catalog<\/h4>\n<p>Le volume 1 comprend 34 pays (incluant les pays existants et ceux qui n&#039;existent plus). Les pays inclus dans le volume 1 sont les suivants\u00a0:<\/p>\n<p><strong>Abkhazie, Afghanistan, Ajman, Albanie, Aurigny, Alg\u00e9rie, Samoa am\u00e9ricaines, Andorre, Angola, Anguilla, Antigua et Barbuda, Araucanie et Patagonie, Argentine, Argentine Buenos Aires, Conf\u00e9d\u00e9ration argentine, Argentine C\u00f3rdoba, Argentine Entre Rios, Argentine La Rioja, Argentine Mendoza, Argentine Provincias Unidas del Rio de la Plata, Argentine Salta, Argentine Santiago del Estero, Argentine Tucum\u00e1n, Arm\u00e9nie, Artsakh (Haut-Karabakh), Aruba, \u00cele de l&#039;Ascension, Australie, Autriche, Pays-Bas autrichiens, \u00c9tats autrichiens, Monarchie austro-hongroise, Azerba\u00efdjan, A\u00e7ores.<\/strong><\/p>\n<p><strong>Ce catalog de pi\u00e8ces est enti\u00e8rement illustr\u00e9 en couleur avec des images de haute qualit\u00e9.<\/strong><\/p>\n<p>Ces catalogs sont livr\u00e9s au format PDF et sont consultables sur n&#039;importe quel ordinateur.<\/p>\n<p><strong>Livraison:\u00a0<\/strong>Il s&#039;agit d&#039;un eBook au format PDF que vous recevrez par e-mail dans les 24 heures ou moins. Vous aurez \u00e9galement la possibilit\u00e9 de recevoir le produit par DVD.<\/p>\n<p>Pour plus d&#039;informations, vous pouvez t\u00e9l\u00e9charger un catalog de pi\u00e8ces. (voir le\u00a0<a href=\"https:\/\/coinscatalogs.com\/fr\/page-de-demonstration\/\"><strong>D\u00e9mo<\/strong><\/a>\u00a0page pour un catalog de d\u00e9monstration).<\/p>","protected":false},"excerpt":{"rendered":"<p>catalog des pi\u00e8ces du monde Ann\u00e9e 2025 Volume 1 (Pays A), 14495 pi\u00e8ces sont r\u00e9pertori\u00e9es dans cette base de donn\u00e9es.<\/p>","protected":false},"featured_media":974697,"template":"","meta":[],"product_brand":[],"product_cat":[17],"product_tag":[],"class_list":{"0":"post-974696","1":"product","2":"type-product","3":"status-publish","4":"has-post-thumbnail","6":"product_cat-coins-catalog","7":"sales-flash-overlay","8":"woocommerce-text-align-center","9":"woocommerce-image-align-center","10":"do-quantity-buttons","12":"first","13":"instock","14":"virtual","15":"purchasable","16":"product-type-simple"},"_links":{"self":[{"href":"https:\/\/coinscatalogs.com\/fr\/wp-json\/wp\/v2\/product\/974696","targetHints":{"allow":["GET"]}}],"collection":[{"href":"https:\/\/coinscatalogs.com\/fr\/wp-json\/wp\/v2\/product"}],"about":[{"href":"https:\/\/coinscatalogs.com\/fr\/wp-json\/wp\/v2\/types\/product"}],"wp:featuredmedia":[{"embeddable":true,"href":"https:\/\/coinscatalogs.com\/fr\/wp-json\/wp\/v2\/media\/974697"}],"wp:attachment":[{"href":"https:\/\/coinscatalogs.com\/fr\/wp-json\/wp\/v2\/media?parent=974696"}],"wp:term":[{"taxonomy":"product_brand","embeddable":true,"href":"https:\/\/coinscatalogs.com\/fr\/wp-json\/wp\/v2\/product_brand?post=974696"},{"taxonomy":"product_cat","embeddable":true,"href":"https:\/\/coinscatalogs.com\/fr\/wp-json\/wp\/v2\/product_cat?post=974696"},{"taxonomy":"product_tag","embeddable":true,"href":"https:\/\/coinscatalogs.com\/fr\/wp-json\/wp\/v2\/product_tag?post=974696"}],"curies":[{"name":"wp","href":"https:\/\/api.w.org\/{rel}","templated":true}]}}