{"id":974639,"date":"2024-08-27T09:22:01","date_gmt":"2024-08-27T13:22:01","guid":{"rendered":"https:\/\/coinscatalogs.com\/?post_type=product&#038;p=974639"},"modified":"2025-12-16T20:36:39","modified_gmt":"2025-12-16T20:36:39","slug":"base-de-donnees-des-pieces-de-monnaie-du-monde-pays-t","status":"publish","type":"product","link":"https:\/\/coinscatalogs.com\/fr\/base-de-donnees-des-pieces-de-monnaie-du-monde-pays-t\/","title":{"rendered":"Base de donn\u00e9es des pi\u00e8ces de monnaie du monde 2025, volume 12 (pays T)"},"content":{"rendered":"<p>Le volume 12 comprend des listes de pays du monde commen\u00e7ant par la lettre <strong>T<\/strong>. Ceux-ci commencent par Taiwan et se terminent par Tuvalu.<\/p>\n<h4><strong><em>9130<\/em><\/strong> les pi\u00e8ces sont r\u00e9pertori\u00e9es dans cette base de donn\u00e9es<\/h4>\n<p>Le volume 12 comprend 19 pays (incluant les pays existants et ceux qui n&#039;existent plus). Les pays inclus dans le volume 12 sont les suivants\u00a0:<\/p>\n<p><strong><em>Ta\u00efwan, Tadjikistan, Tannu Tuva, Tanzanie, Tha\u00eflande, Tibet, Timor, Togo, Tokelau, Tonga, Transnistrie, Transylvanie, Trinit\u00e9-et-Tobago, Tristan da Cunha, Tunisie, Turquie, Turkm\u00e9nistan, \u00celes Turques-et-Ca\u00efques, Tuvalu. <\/em><\/strong><\/p>\n<p>Vous recevrez le fichier de base de donn\u00e9es comprenant l&#039;image des pi\u00e8ces au format de feuille de calcul Excel modifiable (.xlsx).<\/p>\n<p>Bien qu&#039;Excel soit le moyen le plus simple d&#039;ouvrir un fichier .XLSX, d&#039;autres tableurs tels qu&#039;Apple Numbers, OpenOffice Calc, LibreOffice Calc et Google Sheets peuvent \u00e9galement l&#039;ouvrir. Ces programmes sont compatibles avec les fichiers Excel et vous permettent de les consulter, de les modifier et de les enregistrer sans avoir recours \u00e0 Microsoft Office.<\/p>\n<p>Livraison : Vous recevrez le fichier de feuille de calcul Excel (.xlsx) par e-mail avec un lien de t\u00e9l\u00e9chargement dans les 24 heures ou moins gratuitement. Vous aurez \u00e9galement la possibilit\u00e9 de recevoir le produit par DVD (par UPS, USPS).<\/p>","protected":false},"excerpt":{"rendered":"<p>World Coins Excel Worksheet Database Year 2025 Volume 12 (Countries S), 9130 coins are listed in this database.<\/p>","protected":false},"featured_media":974640,"template":"","meta":[],"product_brand":[],"product_cat":[3115],"product_tag":[],"class_list":{"0":"post-974639","1":"product","2":"type-product","3":"status-publish","4":"has-post-thumbnail","6":"product_cat-world-coin-database","7":"sales-flash-overlay","8":"woocommerce-text-align-center","9":"woocommerce-image-align-center","10":"do-quantity-buttons","12":"first","13":"instock","14":"virtual","15":"purchasable","16":"product-type-simple"},"_links":{"self":[{"href":"https:\/\/coinscatalogs.com\/fr\/wp-json\/wp\/v2\/product\/974639","targetHints":{"allow":["GET"]}}],"collection":[{"href":"https:\/\/coinscatalogs.com\/fr\/wp-json\/wp\/v2\/product"}],"about":[{"href":"https:\/\/coinscatalogs.com\/fr\/wp-json\/wp\/v2\/types\/product"}],"wp:featuredmedia":[{"embeddable":true,"href":"https:\/\/coinscatalogs.com\/fr\/wp-json\/wp\/v2\/media\/974640"}],"wp:attachment":[{"href":"https:\/\/coinscatalogs.com\/fr\/wp-json\/wp\/v2\/media?parent=974639"}],"wp:term":[{"taxonomy":"product_brand","embeddable":true,"href":"https:\/\/coinscatalogs.com\/fr\/wp-json\/wp\/v2\/product_brand?post=974639"},{"taxonomy":"product_cat","embeddable":true,"href":"https:\/\/coinscatalogs.com\/fr\/wp-json\/wp\/v2\/product_cat?post=974639"},{"taxonomy":"product_tag","embeddable":true,"href":"https:\/\/coinscatalogs.com\/fr\/wp-json\/wp\/v2\/product_tag?post=974639"}],"curies":[{"name":"wp","href":"https:\/\/api.w.org\/{rel}","templated":true}]}}