{"id":974637,"date":"2024-08-27T08:32:08","date_gmt":"2024-08-27T12:32:08","guid":{"rendered":"https:\/\/coinscatalogs.com\/?post_type=product&#038;p=974637"},"modified":"2025-06-23T15:59:15","modified_gmt":"2025-06-23T15:59:15","slug":"base-de-donnees-des-pieces-de-monnaie-du-monde-pays-s","status":"publish","type":"product","link":"https:\/\/coinscatalogs.com\/fr\/base-de-donnees-des-pieces-de-monnaie-du-monde-pays-s\/","title":{"rendered":"Base de donn\u00e9es des pi\u00e8ces de monnaie du monde 2025, volume 11 (pays S)"},"content":{"rendered":"<p>Le volume 11 comprend des listes de pays du monde commen\u00e7ant par la lettre <strong>S<\/strong>. Celles-ci commencent par la Sarre et se terminent par la Syrie.<\/p>\n<h4><strong><em>15275<\/em><\/strong> les pi\u00e8ces sont r\u00e9pertori\u00e9es dans cette base de donn\u00e9es<\/h4>\n<p>Le volume 11 comprend 42 pays (incluant les pays existants et ceux qui n&#039;existent plus). Les pays inclus dans le volume 11 sont les suivants\u00a0:<\/p>\n<p><strong><em>Sarre, R\u00e9publique arabe sahraouie d\u00e9mocratique, Saint-Barth\u00e9lemy, Saint-Eustache, Sainte-H\u00e9l\u00e8ne, Sainte-H\u00e9l\u00e8ne et Ascension, Saint-Kitts-et-Nevis, Sainte-Lucie, Saint-Pierre-et-Miquelon, Saint-Vincent-et-les Grenadines, Samoa, Saint-Marin, S\u00e3o Tom\u00e9-et-Principe, Sarawak, Arabie saoudite, \u00c9cosse, S\u00e9n\u00e9gal, Serbie, Seychelles, Sharjah, Sierra Leone, Singapour, Slovaquie, Slov\u00e9nie, \u00celes Salomon, Somalie, Somaliland, Afrique du Sud, G\u00e9orgie du Sud et les \u00eeles Sandwich du Sud, Oss\u00e9tie du Sud, Soudan du Sud, Rhod\u00e9sie du Sud, Espagne, Pays-Bas espagnols, Sri Lanka, \u00c9tablissements des d\u00e9troits, Soudan, Suriname, Svalbard, Su\u00e8de, Suisse, Syrie. <\/em><\/strong><\/p>\n<p>Vous recevrez le fichier de base de donn\u00e9es comprenant l&#039;image des pi\u00e8ces au format de feuille de calcul Excel modifiable (.xlsx).<\/p>\n<p>Bien qu&#039;Excel soit le moyen le plus simple d&#039;ouvrir un fichier .XLSX, d&#039;autres tableurs tels qu&#039;Apple Numbers, OpenOffice Calc, LibreOffice Calc et Google Sheets peuvent \u00e9galement l&#039;ouvrir. Ces programmes sont compatibles avec les fichiers Excel et vous permettent de les consulter, de les modifier et de les enregistrer sans avoir recours \u00e0 Microsoft Office.<\/p>\n<p>Livraison : Vous recevrez le fichier de feuille de calcul Excel (.xlsx) par e-mail avec un lien de t\u00e9l\u00e9chargement dans les 24 heures ou moins gratuitement. Vous aurez \u00e9galement la possibilit\u00e9 de recevoir le produit par DVD (par UPS, USPS).<\/p>","protected":false},"excerpt":{"rendered":"<p>Base de donn\u00e9es de feuilles de calcul Excel sur les pi\u00e8ces de monnaie du monde Ann\u00e9e 2025 Volume 11 (Pays S), 15275 pi\u00e8ces sont r\u00e9pertori\u00e9es dans cette base de donn\u00e9es.<\/p>","protected":false},"featured_media":974638,"template":"","meta":[],"product_brand":[],"product_cat":[3115],"product_tag":[],"class_list":{"0":"post-974637","1":"product","2":"type-product","3":"status-publish","4":"has-post-thumbnail","6":"product_cat-world-coin-database","7":"sales-flash-overlay","8":"woocommerce-text-align-center","9":"woocommerce-image-align-center","10":"do-quantity-buttons","12":"first","13":"instock","14":"virtual","15":"purchasable","16":"product-type-simple"},"_links":{"self":[{"href":"https:\/\/coinscatalogs.com\/fr\/wp-json\/wp\/v2\/product\/974637","targetHints":{"allow":["GET"]}}],"collection":[{"href":"https:\/\/coinscatalogs.com\/fr\/wp-json\/wp\/v2\/product"}],"about":[{"href":"https:\/\/coinscatalogs.com\/fr\/wp-json\/wp\/v2\/types\/product"}],"wp:featuredmedia":[{"embeddable":true,"href":"https:\/\/coinscatalogs.com\/fr\/wp-json\/wp\/v2\/media\/974638"}],"wp:attachment":[{"href":"https:\/\/coinscatalogs.com\/fr\/wp-json\/wp\/v2\/media?parent=974637"}],"wp:term":[{"taxonomy":"product_brand","embeddable":true,"href":"https:\/\/coinscatalogs.com\/fr\/wp-json\/wp\/v2\/product_brand?post=974637"},{"taxonomy":"product_cat","embeddable":true,"href":"https:\/\/coinscatalogs.com\/fr\/wp-json\/wp\/v2\/product_cat?post=974637"},{"taxonomy":"product_tag","embeddable":true,"href":"https:\/\/coinscatalogs.com\/fr\/wp-json\/wp\/v2\/product_tag?post=974637"}],"curies":[{"name":"wp","href":"https:\/\/api.w.org\/{rel}","templated":true}]}}