{"id":974633,"date":"2024-08-27T08:14:12","date_gmt":"2024-08-27T12:14:12","guid":{"rendered":"https:\/\/coinscatalogs.com\/?post_type=product&#038;p=974633"},"modified":"2026-03-07T03:47:29","modified_gmt":"2026-03-07T03:47:29","slug":"base-de-donnees-des-pieces-du-monde-pays-non","status":"publish","type":"product","link":"https:\/\/coinscatalogs.com\/fr\/base-de-donnees-des-pieces-du-monde-pays-non\/","title":{"rendered":"World Coins Database 2025 Volume 9 ( Countries N-O )"},"content":{"rendered":"<p>Le volume 9 comprend des listes de pays du monde commen\u00e7ant par la lettre <strong>NON<\/strong>. Ceux-ci commencent par la Namibie et se terminent par Oman.<\/p>\n<h4><strong><em>12158<\/em><\/strong> les pi\u00e8ces sont r\u00e9pertori\u00e9es dans cette base de donn\u00e9es<\/h4>\n<p>Le volume 9 comprend 18 pays (incluant les pays existants et ceux qui n&#039;existent plus). Les pays inclus dans le volume 9 sont les suivants\u00a0:<\/p>\n<p><strong><em>Namibie, Nauru, N\u00e9pal, Pays-Bas, Antilles n\u00e9erlandaises, Indes orientales n\u00e9erlandaises, Nouvelle-Cal\u00e9donie, Nouvelle-Guin\u00e9e, Nouvelles-H\u00e9brides, Nouvelle-Z\u00e9lande, Nicaragua, Niger, Nig\u00e9ria, Niue, Mac\u00e9doine du Nord, \u00celes Mariannes du Nord, Norv\u00e8ge, Oman. <\/em><\/strong><\/p>\n<p>Vous recevrez le fichier de base de donn\u00e9es comprenant l&#039;image des pi\u00e8ces au format de feuille de calcul Excel modifiable (.xlsx).<\/p>\n<p>Bien qu&#039;Excel soit le moyen le plus simple d&#039;ouvrir un fichier .XLSX, d&#039;autres tableurs tels qu&#039;Apple Numbers, OpenOffice Calc, LibreOffice Calc et Google Sheets peuvent \u00e9galement l&#039;ouvrir. Ces programmes sont compatibles avec les fichiers Excel et vous permettent de les consulter, de les modifier et de les enregistrer sans avoir recours \u00e0 Microsoft Office.<\/p>\n<p>Livraison : Vous recevrez le fichier de feuille de calcul Excel (.xlsx) par e-mail avec un lien de t\u00e9l\u00e9chargement dans les 24 heures ou moins gratuitement. Vous aurez \u00e9galement la possibilit\u00e9 de recevoir le produit par DVD (par UPS, USPS).<\/p>","protected":false},"excerpt":{"rendered":"<p>World Coins Excel Worksheet Database Year 2025 Volume 9 (Countries N-O), 12158 coins are listed in this database.<\/p>","protected":false},"featured_media":974634,"template":"","meta":[],"product_brand":[],"product_cat":[3115],"product_tag":[],"class_list":{"0":"post-974633","1":"product","2":"type-product","3":"status-publish","4":"has-post-thumbnail","6":"product_cat-world-coin-database","7":"sales-flash-overlay","8":"woocommerce-text-align-center","9":"woocommerce-image-align-center","10":"do-quantity-buttons","12":"first","13":"instock","14":"virtual","15":"purchasable","16":"product-type-simple"},"_links":{"self":[{"href":"https:\/\/coinscatalogs.com\/fr\/wp-json\/wp\/v2\/product\/974633","targetHints":{"allow":["GET"]}}],"collection":[{"href":"https:\/\/coinscatalogs.com\/fr\/wp-json\/wp\/v2\/product"}],"about":[{"href":"https:\/\/coinscatalogs.com\/fr\/wp-json\/wp\/v2\/types\/product"}],"wp:featuredmedia":[{"embeddable":true,"href":"https:\/\/coinscatalogs.com\/fr\/wp-json\/wp\/v2\/media\/974634"}],"wp:attachment":[{"href":"https:\/\/coinscatalogs.com\/fr\/wp-json\/wp\/v2\/media?parent=974633"}],"wp:term":[{"taxonomy":"product_brand","embeddable":true,"href":"https:\/\/coinscatalogs.com\/fr\/wp-json\/wp\/v2\/product_brand?post=974633"},{"taxonomy":"product_cat","embeddable":true,"href":"https:\/\/coinscatalogs.com\/fr\/wp-json\/wp\/v2\/product_cat?post=974633"},{"taxonomy":"product_tag","embeddable":true,"href":"https:\/\/coinscatalogs.com\/fr\/wp-json\/wp\/v2\/product_tag?post=974633"}],"curies":[{"name":"wp","href":"https:\/\/api.w.org\/{rel}","templated":true}]}}