{"id":974631,"date":"2024-08-27T03:17:26","date_gmt":"2024-08-27T07:17:26","guid":{"rendered":"https:\/\/coinscatalogs.com\/?post_type=product&#038;p=974631"},"modified":"2025-06-23T15:57:37","modified_gmt":"2025-06-23T15:57:37","slug":"base-de-donnees-des-pieces-de-monnaie-du-monde-par-pays-klm","status":"publish","type":"product","link":"https:\/\/coinscatalogs.com\/fr\/base-de-donnees-des-pieces-de-monnaie-du-monde-par-pays-klm\/","title":{"rendered":"Base de donn\u00e9es des pi\u00e8ces du monde 2025, volume 8 (pays KLM)"},"content":{"rendered":"<p>Le volume 8 comprend des listes de pays du monde commen\u00e7ant par la lettre <strong>LLM<\/strong>.Ces r\u00e9gions commencent par le Katanga et se terminent par le Myanmar.<\/p>\n<h4><strong><em>14605<\/em><\/strong> les pi\u00e8ces sont r\u00e9pertori\u00e9es dans cette base de donn\u00e9es<\/h4>\n<p>Le volume 8 comprend 50 pays (incluant les pays existants et ceux qui n&#039;existent plus). Les pays inclus dans le volume 8 sont les suivants\u00a0:<\/p>\n<p><strong><em>Katanga, Kazakhstan, Kenya, R\u00e9publique sovi\u00e9tique populaire de Khorezm, Kiao Chau, Kiribati, Cor\u00e9e, Cor\u00e9e du Nord, Cor\u00e9e du Sud, Kowe\u00eft, Kirghizistan, Laos, Lettonie, Liban, Lesotho, Lib\u00e9ria, Libye, Liechtenstein, Li\u00e8ge, Lituanie, Livonie, Luxembourg, Macao, Madagascar, \u00celes de Mad\u00e8re, Malawi, Malaisie, Malaisie, Maldives, Mali, Malte, Malte Ordre Souverain Militaire des \u00celes Marshall, Martinique, Mauritanie, Maurice, Mayotte, Mexique, \u00c9tats f\u00e9d\u00e9r\u00e9s de Micron\u00e9sie, Moldavie et Valachie, Principaut\u00e9 moldave, Moldavie, Mombasa, Monaco, Mongolie, Mont\u00e9n\u00e9gro, Montserrat, Maroc, Mozambique, Myanmar. <\/em><\/strong><\/p>\n<p>Vous recevrez le fichier de base de donn\u00e9es comprenant l&#039;image des pi\u00e8ces au format de feuille de calcul Excel modifiable (.xlsx).<\/p>\n<p>Bien qu&#039;Excel soit le moyen le plus simple d&#039;ouvrir un fichier .XLSX, d&#039;autres tableurs tels qu&#039;Apple Numbers, OpenOffice Calc, LibreOffice Calc et Google Sheets peuvent \u00e9galement l&#039;ouvrir. Ces programmes sont compatibles avec les fichiers Excel et vous permettent de les consulter, de les modifier et de les enregistrer sans avoir recours \u00e0 Microsoft Office.<\/p>\n<p>Livraison : Vous recevrez le fichier de feuille de calcul Excel (.xlsx) par e-mail avec un lien de t\u00e9l\u00e9chargement dans les 24 heures ou moins gratuitement. Vous aurez \u00e9galement la possibilit\u00e9 de recevoir le produit par DVD (par UPS, USPS).<\/p>","protected":false},"excerpt":{"rendered":"<p>Base de donn\u00e9es de feuilles de calcul Excel des pi\u00e8ces du monde Ann\u00e9e 2025 Volume 8 (Pays KLM), 14605 pi\u00e8ces sont r\u00e9pertori\u00e9es dans cette base de donn\u00e9es.<\/p>","protected":false},"featured_media":974632,"template":"","meta":[],"product_brand":[],"product_cat":[3115],"product_tag":[],"class_list":{"0":"post-974631","1":"product","2":"type-product","3":"status-publish","4":"has-post-thumbnail","6":"product_cat-world-coin-database","7":"sales-flash-overlay","8":"woocommerce-text-align-center","9":"woocommerce-image-align-center","10":"do-quantity-buttons","12":"first","13":"instock","14":"virtual","15":"purchasable","16":"product-type-simple"},"_links":{"self":[{"href":"https:\/\/coinscatalogs.com\/fr\/wp-json\/wp\/v2\/product\/974631","targetHints":{"allow":["GET"]}}],"collection":[{"href":"https:\/\/coinscatalogs.com\/fr\/wp-json\/wp\/v2\/product"}],"about":[{"href":"https:\/\/coinscatalogs.com\/fr\/wp-json\/wp\/v2\/types\/product"}],"wp:featuredmedia":[{"embeddable":true,"href":"https:\/\/coinscatalogs.com\/fr\/wp-json\/wp\/v2\/media\/974632"}],"wp:attachment":[{"href":"https:\/\/coinscatalogs.com\/fr\/wp-json\/wp\/v2\/media?parent=974631"}],"wp:term":[{"taxonomy":"product_brand","embeddable":true,"href":"https:\/\/coinscatalogs.com\/fr\/wp-json\/wp\/v2\/product_brand?post=974631"},{"taxonomy":"product_cat","embeddable":true,"href":"https:\/\/coinscatalogs.com\/fr\/wp-json\/wp\/v2\/product_cat?post=974631"},{"taxonomy":"product_tag","embeddable":true,"href":"https:\/\/coinscatalogs.com\/fr\/wp-json\/wp\/v2\/product_tag?post=974631"}],"curies":[{"name":"wp","href":"https:\/\/api.w.org\/{rel}","templated":true}]}}