{"id":974625,"date":"2024-08-27T01:58:35","date_gmt":"2024-08-27T05:58:35","guid":{"rendered":"https:\/\/coinscatalogs.com\/?post_type=product&#038;p=974625"},"modified":"2025-06-23T15:57:26","modified_gmt":"2025-06-23T15:57:26","slug":"base-de-donnees-des-pieces-de-monnaie-du-monde-pays-f","status":"publish","type":"product","link":"https:\/\/coinscatalogs.com\/fr\/base-de-donnees-des-pieces-de-monnaie-du-monde-pays-f\/","title":{"rendered":"Base de donn\u00e9es des monnaies du monde 2025, volume 5 (pays F)"},"content":{"rendered":"<p>Le volume 5 comprend des listes de pays du monde commen\u00e7ant par la lettre <strong>F<\/strong>. Celles-ci commencent par les \u00eeles Falkland et se terminent par Fujairah.<\/p>\n<h4><strong><em>12782<\/em><\/strong> les pi\u00e8ces sont r\u00e9pertori\u00e9es dans cette base de donn\u00e9es<\/h4>\n<p>Le volume 5 comprend 18 pays (incluant les pays existants et ceux qui n&#039;existent plus). Les pays inclus dans le volume 5 sont les suivants\u00a0:<\/p>\n<p><strong><em>\u00celes Malouines, \u00celes F\u00e9ro\u00e9, R\u00e9publique f\u00e9d\u00e9rale d&#039;Am\u00e9rique centrale, Fidji, Finlande, France, Afars et Issas fran\u00e7ais, Antilles fran\u00e7aises, Colonies fran\u00e7aises, Afrique \u00e9quatoriale fran\u00e7aise, Guyane fran\u00e7aise, Indochine fran\u00e7aise, Oc\u00e9anie fran\u00e7aise, Polyn\u00e9sie fran\u00e7aise, C\u00f4te fran\u00e7aise des Somalis, Terres australes et antarctiques fran\u00e7aises, Afrique occidentale fran\u00e7aise, Fujairah. <\/em><\/strong><\/p>\n<p>Vous recevrez le fichier de base de donn\u00e9es comprenant l&#039;image des pi\u00e8ces au format de feuille de calcul Excel modifiable (.xlsx).<\/p>\n<p>Bien qu&#039;Excel soit le moyen le plus simple d&#039;ouvrir un fichier .XLSX, d&#039;autres tableurs tels qu&#039;Apple Numbers, OpenOffice Calc, LibreOffice Calc et Google Sheets peuvent \u00e9galement l&#039;ouvrir. Ces programmes sont compatibles avec les fichiers Excel et vous permettent de les consulter, de les modifier et de les enregistrer sans avoir recours \u00e0 Microsoft Office.<\/p>\n<p>Livraison : Vous recevrez le fichier de feuille de calcul Excel (.xlsx) par e-mail avec un lien de t\u00e9l\u00e9chargement dans les 24 heures ou moins gratuitement. Vous aurez \u00e9galement la possibilit\u00e9 de recevoir le produit par DVD (par UPS, USPS).<\/p>","protected":false},"excerpt":{"rendered":"<p>Base de donn\u00e9es de feuilles de calcul Excel des pi\u00e8ces de monnaie du monde Ann\u00e9e 2025 Volume 5 (Pays F), 12782 pi\u00e8ces sont r\u00e9pertori\u00e9es dans cette base de donn\u00e9es.<\/p>","protected":false},"featured_media":974626,"template":"","meta":[],"product_brand":[],"product_cat":[3115],"product_tag":[],"class_list":{"0":"post-974625","1":"product","2":"type-product","3":"status-publish","4":"has-post-thumbnail","6":"product_cat-world-coin-database","7":"sales-flash-overlay","8":"woocommerce-text-align-center","9":"woocommerce-image-align-center","10":"do-quantity-buttons","12":"first","13":"instock","14":"virtual","15":"purchasable","16":"product-type-simple"},"_links":{"self":[{"href":"https:\/\/coinscatalogs.com\/fr\/wp-json\/wp\/v2\/product\/974625","targetHints":{"allow":["GET"]}}],"collection":[{"href":"https:\/\/coinscatalogs.com\/fr\/wp-json\/wp\/v2\/product"}],"about":[{"href":"https:\/\/coinscatalogs.com\/fr\/wp-json\/wp\/v2\/types\/product"}],"wp:featuredmedia":[{"embeddable":true,"href":"https:\/\/coinscatalogs.com\/fr\/wp-json\/wp\/v2\/media\/974626"}],"wp:attachment":[{"href":"https:\/\/coinscatalogs.com\/fr\/wp-json\/wp\/v2\/media?parent=974625"}],"wp:term":[{"taxonomy":"product_brand","embeddable":true,"href":"https:\/\/coinscatalogs.com\/fr\/wp-json\/wp\/v2\/product_brand?post=974625"},{"taxonomy":"product_cat","embeddable":true,"href":"https:\/\/coinscatalogs.com\/fr\/wp-json\/wp\/v2\/product_cat?post=974625"},{"taxonomy":"product_tag","embeddable":true,"href":"https:\/\/coinscatalogs.com\/fr\/wp-json\/wp\/v2\/product_tag?post=974625"}],"curies":[{"name":"wp","href":"https:\/\/api.w.org\/{rel}","templated":true}]}}