{"id":974618,"date":"2024-06-08T03:33:01","date_gmt":"2024-06-08T07:33:01","guid":{"rendered":"https:\/\/coinscatalogs.com\/?post_type=product&#038;p=974618"},"modified":"2025-07-03T07:49:22","modified_gmt":"2025-07-03T07:49:22","slug":"base-de-donnees-mondiale-des-pieces-de-monnaie-des-pays-c","status":"publish","type":"product","link":"https:\/\/coinscatalogs.com\/fr\/base-de-donnees-mondiale-des-pieces-de-monnaie-des-pays-c\/","title":{"rendered":"Base de donn\u00e9es des pi\u00e8ces de monnaie du monde 2025, volume 3 (pays C)"},"content":{"rendered":"<p>Le volume 3 comprend des listes de pays du monde commen\u00e7ant par la lettre <strong>C<\/strong>. Celles-ci commencent par le Cap-Vert et se terminent par la Tch\u00e9coslovaquie.<\/p>\n<h4><strong><em>20144<\/em><\/strong> les pi\u00e8ces sont r\u00e9pertori\u00e9es dans cette base de donn\u00e9es<\/h4>\n<p>Le volume 3 comprend 38 pays (incluant les pays existants et ceux qui n&#039;existent plus). Les pays inclus dans le volume 3 sont les suivants\u00a0:<\/p>\n<p><em>Cap-Vert, Cambodge, Cameroun, Canada, Cap de Bonne-Esp\u00e9rance, Empire carolingien, Carthage, \u00celes Ca\u00efmans, R\u00e9publique centrafricaine, \u00c9tats d&#039;Afrique centrale, Ceylan, Tchad, Chili, Chine \u2013 \u00c9tats fantoches japonais, Empires dynastiques de Chine, R\u00e9publique populaire de Chine, R\u00e9publique de Chine, R\u00e9publique sovi\u00e9tique de Chine, \u00celes Cocos (Keeling), Colombie, Colombie, Santander, Comores, \u00c9tats conf\u00e9d\u00e9r\u00e9s d&#039;Am\u00e9rique, R\u00e9publique d\u00e9mocratique du Congo (Kinshasa), \u00c9tat ind\u00e9pendant du Congo, R\u00e9publique du Congo (Brazzaville), \u00celes Cook, Costa Rica, Duch\u00e9 de Courlande et de S\u00e9migalie, Cr\u00e8te, Khanat de Crim\u00e9e, Croatie, \u00c9tats crois\u00e9s, Cuba, Cura\u00e7ao, Chypre, R\u00e9publique tch\u00e8que, Tch\u00e9coslovaquie.<\/em><\/p>\n<p>Vous recevrez le fichier de base de donn\u00e9es comprenant l&#039;image des pi\u00e8ces au format de feuille de calcul Excel modifiable (.xlsx).<\/p>\n<p>Bien qu&#039;Excel soit le moyen le plus simple d&#039;ouvrir un fichier .XLSX, d&#039;autres tableurs tels qu&#039;Apple Numbers, OpenOffice Calc, LibreOffice Calc et Google Sheets peuvent \u00e9galement l&#039;ouvrir. Ces programmes sont compatibles avec les fichiers Excel et vous permettent de les consulter, de les modifier et de les enregistrer sans avoir recours \u00e0 Microsoft Office.<\/p>\n<p>Livraison : Vous recevrez le fichier de feuille de calcul Excel (.xlsx) par e-mail avec un lien de t\u00e9l\u00e9chargement dans les 24 heures ou moins gratuitement. Vous aurez \u00e9galement la possibilit\u00e9 de recevoir le produit par DVD (par UPS, USPS).<\/p>","protected":false},"excerpt":{"rendered":"<p>Base de donn\u00e9es Excel des pi\u00e8ces de monnaie du monde Ann\u00e9e 2025 Volume 3 (Pays C), 20144 pi\u00e8ces sont r\u00e9pertori\u00e9es dans cette base de donn\u00e9es.<\/p>","protected":false},"featured_media":974619,"template":"","meta":[],"product_brand":[],"product_cat":[3115],"product_tag":[],"class_list":{"0":"post-974618","1":"product","2":"type-product","3":"status-publish","4":"has-post-thumbnail","6":"product_cat-world-coin-database","7":"sales-flash-overlay","8":"woocommerce-text-align-center","9":"woocommerce-image-align-center","10":"do-quantity-buttons","12":"first","13":"instock","14":"downloadable","15":"virtual","16":"purchasable","17":"product-type-simple"},"_links":{"self":[{"href":"https:\/\/coinscatalogs.com\/fr\/wp-json\/wp\/v2\/product\/974618","targetHints":{"allow":["GET"]}}],"collection":[{"href":"https:\/\/coinscatalogs.com\/fr\/wp-json\/wp\/v2\/product"}],"about":[{"href":"https:\/\/coinscatalogs.com\/fr\/wp-json\/wp\/v2\/types\/product"}],"wp:featuredmedia":[{"embeddable":true,"href":"https:\/\/coinscatalogs.com\/fr\/wp-json\/wp\/v2\/media\/974619"}],"wp:attachment":[{"href":"https:\/\/coinscatalogs.com\/fr\/wp-json\/wp\/v2\/media?parent=974618"}],"wp:term":[{"taxonomy":"product_brand","embeddable":true,"href":"https:\/\/coinscatalogs.com\/fr\/wp-json\/wp\/v2\/product_brand?post=974618"},{"taxonomy":"product_cat","embeddable":true,"href":"https:\/\/coinscatalogs.com\/fr\/wp-json\/wp\/v2\/product_cat?post=974618"},{"taxonomy":"product_tag","embeddable":true,"href":"https:\/\/coinscatalogs.com\/fr\/wp-json\/wp\/v2\/product_tag?post=974618"}],"curies":[{"name":"wp","href":"https:\/\/api.w.org\/{rel}","templated":true}]}}