{"id":974616,"date":"2024-06-08T02:50:32","date_gmt":"2024-06-08T06:50:32","guid":{"rendered":"https:\/\/coinscatalogs.com\/?post_type=product&#038;p=974616"},"modified":"2025-10-14T13:41:27","modified_gmt":"2025-10-14T13:41:27","slug":"base-de-donnees-mondiale-des-pieces-de-monnaie-pays-b","status":"publish","type":"product","link":"https:\/\/coinscatalogs.com\/fr\/base-de-donnees-mondiale-des-pieces-de-monnaie-pays-b\/","title":{"rendered":"Base de donn\u00e9es des pi\u00e8ces de monnaie du monde 2025, volume 2 (pays B)"},"content":{"rendered":"<p>Le volume 2 comprend des listes de pays du monde commen\u00e7ant par la lettre <strong>B<\/strong>. Ceux-ci commencent par les Bahamas et se terminent par l&#039;Empire byzantin.<\/p>\n<h4><strong><em>9390<\/em><\/strong> les pi\u00e8ces sont r\u00e9pertori\u00e9es dans cette base de donn\u00e9es<\/h4>\n<p>Le volume 2 comprend 34 pays (incluant les pays existants et ceux qui n&#039;existent plus). Les pays inclus dans le volume 2 sont les suivants\u00a0:<\/p>\n<p><em>Bahamas, Bahre\u00efn, Bangladesh, Barbade, Bi\u00e9lorussie, Congo belge, Congo belge, Ruanda-Urundi, Belgique, Belize, B\u00e9nin, Bermudes, Bhoutan, Biafra, Boh\u00eame, Boh\u00eame et Moravie, Bolivie, Bosnie-Herz\u00e9govine, Botswana, Br\u00e9sil, Territoire antarctique britannique (BAT), Afrique orientale britannique (Kenya, Ouganda et Tanganyika), Guyane britannique, Honduras britannique, Territoire britannique de l&#039;oc\u00e9an Indien, Born\u00e9o du Nord britannique, \u00celes Vierges britanniques, Afrique occidentale britannique, Antilles britanniques, Brun\u00e9i Darussalam, Bulgarie, Burkina Faso, Birmanie, Burundi, Empire byzantin.<\/em><\/p>\n<p>Vous recevrez le fichier de base de donn\u00e9es comprenant l&#039;image des pi\u00e8ces au format de feuille de calcul Excel modifiable (.xlsx).<\/p>\n<p>Bien qu&#039;Excel soit le moyen le plus simple d&#039;ouvrir un fichier .XLSX, d&#039;autres tableurs tels qu&#039;Apple Numbers, OpenOffice Calc, LibreOffice Calc et Google Sheets peuvent \u00e9galement l&#039;ouvrir. Ces programmes sont compatibles avec les fichiers Excel et vous permettent de les consulter, de les modifier et de les enregistrer sans avoir recours \u00e0 Microsoft Office.<\/p>\n<p>Livraison : Vous recevrez le fichier de feuille de calcul Excel (.xlsx) par e-mail avec un lien de t\u00e9l\u00e9chargement dans les 24 heures ou moins gratuitement. Vous aurez \u00e9galement la possibilit\u00e9 de recevoir le produit par DVD (par UPS, USPS).<\/p>","protected":false},"excerpt":{"rendered":"<p>World Coins Excel Worksheet Database Year 2025 Volume 2 (Countries B), 9390 coins are listed in this database.<\/p>","protected":false},"featured_media":974617,"template":"","meta":[],"product_brand":[],"product_cat":[3115],"product_tag":[],"class_list":{"0":"post-974616","1":"product","2":"type-product","3":"status-publish","4":"has-post-thumbnail","6":"product_cat-world-coin-database","7":"sales-flash-overlay","8":"woocommerce-text-align-center","9":"woocommerce-image-align-center","10":"do-quantity-buttons","12":"first","13":"instock","14":"virtual","15":"purchasable","16":"product-type-simple"},"_links":{"self":[{"href":"https:\/\/coinscatalogs.com\/fr\/wp-json\/wp\/v2\/product\/974616","targetHints":{"allow":["GET"]}}],"collection":[{"href":"https:\/\/coinscatalogs.com\/fr\/wp-json\/wp\/v2\/product"}],"about":[{"href":"https:\/\/coinscatalogs.com\/fr\/wp-json\/wp\/v2\/types\/product"}],"wp:featuredmedia":[{"embeddable":true,"href":"https:\/\/coinscatalogs.com\/fr\/wp-json\/wp\/v2\/media\/974617"}],"wp:attachment":[{"href":"https:\/\/coinscatalogs.com\/fr\/wp-json\/wp\/v2\/media?parent=974616"}],"wp:term":[{"taxonomy":"product_brand","embeddable":true,"href":"https:\/\/coinscatalogs.com\/fr\/wp-json\/wp\/v2\/product_brand?post=974616"},{"taxonomy":"product_cat","embeddable":true,"href":"https:\/\/coinscatalogs.com\/fr\/wp-json\/wp\/v2\/product_cat?post=974616"},{"taxonomy":"product_tag","embeddable":true,"href":"https:\/\/coinscatalogs.com\/fr\/wp-json\/wp\/v2\/product_tag?post=974616"}],"curies":[{"name":"wp","href":"https:\/\/api.w.org\/{rel}","templated":true}]}}