{"id":974588,"date":"2024-03-09T04:28:57","date_gmt":"2024-03-09T09:28:57","guid":{"rendered":"https:\/\/coinscatalogs.com\/?post_type=product&#038;p=974588"},"modified":"2025-06-23T15:48:37","modified_gmt":"2025-06-23T15:48:37","slug":"base-de-donnees-mondiale-des-pieces-de-monnaie-volume-1-pays-a","status":"publish","type":"product","link":"https:\/\/coinscatalogs.com\/fr\/base-de-donnees-mondiale-des-pieces-de-monnaie-des-pays\/","title":{"rendered":"Base de donn\u00e9es des pi\u00e8ces de monnaie du monde 2025, volume 1 (pays A)"},"content":{"rendered":"<p>Le volume 1 comprend des listes de pays du monde commen\u00e7ant par la lettre <strong>UN<\/strong>. Celles-ci commencent par l\u2019Abkhazie et se terminent par les A\u00e7ores.<\/p>\n<h4><strong><em>14495<\/em><\/strong> les pi\u00e8ces sont r\u00e9pertori\u00e9es dans cette base de donn\u00e9es<\/h4>\n<p>Le volume 1 comprend 34 pays (incluant les pays existants et ceux qui n&#039;existent plus). Les pays inclus dans le volume 1 sont les suivants\u00a0:<\/p>\n<p><strong>Abkhazie, Afghanistan, Ajman, Albanie, Aurigny, Alg\u00e9rie, Samoa am\u00e9ricaines, Andorre, Angola, Anguilla, Antigua et Barbuda, Araucanie et Patagonie, Argentine, Argentine Buenos Aires, Conf\u00e9d\u00e9ration argentine, Argentine C\u00f3rdoba, Argentine Entre Rios, Argentine La Rioja, Argentine Mendoza, Argentine Provincias Unidas del Rio de la Plata, Argentine Salta, Argentine Santiago del Estero, Argentine Tucum\u00e1n, Arm\u00e9nie, Artsakh (Haut-Karabakh), Aruba, \u00cele de l&#039;Ascension, Australie, Autriche, Pays-Bas autrichiens, \u00c9tats autrichiens, Monarchie austro-hongroise, Azerba\u00efdjan, A\u00e7ores.<\/strong><\/p>\n<p>Vous recevrez le fichier de base de donn\u00e9es comprenant l&#039;image des pi\u00e8ces au format de feuille de calcul Excel modifiable (.xlsx).<\/p>\n<p>Bien qu&#039;Excel soit le moyen le plus simple d&#039;ouvrir un fichier .XLSX, d&#039;autres tableurs tels qu&#039;Apple Numbers, OpenOffice Calc, LibreOffice Calc et Google Sheets peuvent \u00e9galement l&#039;ouvrir. Ces programmes sont compatibles avec les fichiers Excel et vous permettent de les consulter, de les modifier et de les enregistrer sans avoir recours \u00e0 Microsoft Office.<\/p>\n<p>Livraison : Vous recevrez le fichier de feuille de calcul Excel (.xlsx) par e-mail avec un lien de t\u00e9l\u00e9chargement dans les 24 heures ou moins gratuitement. Vous aurez \u00e9galement la possibilit\u00e9 de recevoir le produit par DVD (par UPS, USPS).<\/p>","protected":false},"excerpt":{"rendered":"<p>Base de donn\u00e9es de feuilles de calcul Excel sur les pi\u00e8ces de monnaie du monde Ann\u00e9e 2025 Volume 1 (Pays A), 14495 pi\u00e8ces sont r\u00e9pertori\u00e9es dans cette base de donn\u00e9es.<\/p>","protected":false},"featured_media":974613,"template":"","meta":[],"product_brand":[],"product_cat":[3115],"product_tag":[],"class_list":{"0":"post-974588","1":"product","2":"type-product","3":"status-publish","4":"has-post-thumbnail","6":"product_cat-world-coin-database","7":"sales-flash-overlay","8":"woocommerce-text-align-center","9":"woocommerce-image-align-center","10":"do-quantity-buttons","12":"first","13":"instock","14":"virtual","15":"purchasable","16":"product-type-simple"},"_links":{"self":[{"href":"https:\/\/coinscatalogs.com\/fr\/wp-json\/wp\/v2\/product\/974588","targetHints":{"allow":["GET"]}}],"collection":[{"href":"https:\/\/coinscatalogs.com\/fr\/wp-json\/wp\/v2\/product"}],"about":[{"href":"https:\/\/coinscatalogs.com\/fr\/wp-json\/wp\/v2\/types\/product"}],"wp:featuredmedia":[{"embeddable":true,"href":"https:\/\/coinscatalogs.com\/fr\/wp-json\/wp\/v2\/media\/974613"}],"wp:attachment":[{"href":"https:\/\/coinscatalogs.com\/fr\/wp-json\/wp\/v2\/media?parent=974588"}],"wp:term":[{"taxonomy":"product_brand","embeddable":true,"href":"https:\/\/coinscatalogs.com\/fr\/wp-json\/wp\/v2\/product_brand?post=974588"},{"taxonomy":"product_cat","embeddable":true,"href":"https:\/\/coinscatalogs.com\/fr\/wp-json\/wp\/v2\/product_cat?post=974588"},{"taxonomy":"product_tag","embeddable":true,"href":"https:\/\/coinscatalogs.com\/fr\/wp-json\/wp\/v2\/product_tag?post=974588"}],"curies":[{"name":"wp","href":"https:\/\/api.w.org\/{rel}","templated":true}]}}