{"id":725,"date":"2021-01-22T01:07:35","date_gmt":"2021-01-22T06:07:35","guid":{"rendered":"https:\/\/coinscatalogs.com\/p\/united-kingdom-of-great-britain-northern-ireland-coins-catalog-75-bc-to-2020\/"},"modified":"2026-02-11T17:34:04","modified_gmt":"2026-02-11T17:34:04","slug":"catalog-des-pieces-de-monnaie-du-royaume-uni-de-grande-bretagne-et-dirlande-du-nord-de-75-av-j-c-a-2020","status":"publish","type":"product","link":"https:\/\/coinscatalogs.com\/fr\/catalog-de-pieces-de-monnaie-britanniques\/","title":{"rendered":"catalog des pi\u00e8ces du Royaume-Uni de Grande-Bretagne et d&#039;Irlande du Nord 2025"},"content":{"rendered":"<h2>catalog des pi\u00e8ces du Royaume-Uni de Grande-Bretagne et d&#039;Irlande du Nord 2025<\/h2>\n<p>catalog illustr\u00e9 en couleurs des pi\u00e8ces du Royaume-Uni de Grande-Bretagne et d&#039;Irlande du Nord<\/p>\n<h4><strong><em>700 Pages<\/em><\/strong><\/h4>\n<h3>5547 Coins listed<\/h3>\n<p><strong>Ce catalog de pi\u00e8ces est enti\u00e8rement illustr\u00e9 en couleur avec des images de haute qualit\u00e9.<\/strong><\/p>\n<p>Ces catalogs sont livr\u00e9s au format PDF et sont consultables sur n&#039;importe quel ordinateur.<\/p>\n<p><strong>Livraison:\u00a0<\/strong>Il s&#039;agit d&#039;un eBook au format PDF que vous recevrez par e-mail dans les 24 heures ou moins. Vous aurez \u00e9galement la possibilit\u00e9 de recevoir le produit par DVD.<\/p>\n<p>Pour plus d&#039;informations, vous pouvez t\u00e9l\u00e9charger un catalog de pi\u00e8ces. (voir le\u00a0<a href=\"https:\/\/coinscatalogs.com\/fr\/page-de-demonstration\/\"><strong>D\u00e9mo<\/strong><\/a>\u00a0page pour un catalog de d\u00e9monstration).<\/p>","protected":false},"excerpt":{"rendered":"<p>Printable Full Color Illustrated United Kingdom of Great Britain &amp; Northern Ireland Coins catalog 2025 ( 700 pages ) 5547 Coins listed<\/p>","protected":false},"featured_media":724,"template":"","meta":[],"product_brand":[],"product_cat":[17],"product_tag":[],"class_list":{"0":"post-725","1":"product","2":"type-product","3":"status-publish","4":"has-post-thumbnail","6":"product_cat-coins-catalog","7":"sales-flash-overlay","8":"woocommerce-text-align-center","9":"woocommerce-image-align-center","10":"do-quantity-buttons","12":"first","13":"instock","14":"sale","15":"downloadable","16":"virtual","17":"purchasable","18":"product-type-simple"},"_links":{"self":[{"href":"https:\/\/coinscatalogs.com\/fr\/wp-json\/wp\/v2\/product\/725","targetHints":{"allow":["GET"]}}],"collection":[{"href":"https:\/\/coinscatalogs.com\/fr\/wp-json\/wp\/v2\/product"}],"about":[{"href":"https:\/\/coinscatalogs.com\/fr\/wp-json\/wp\/v2\/types\/product"}],"wp:featuredmedia":[{"embeddable":true,"href":"https:\/\/coinscatalogs.com\/fr\/wp-json\/wp\/v2\/media\/724"}],"wp:attachment":[{"href":"https:\/\/coinscatalogs.com\/fr\/wp-json\/wp\/v2\/media?parent=725"}],"wp:term":[{"taxonomy":"product_brand","embeddable":true,"href":"https:\/\/coinscatalogs.com\/fr\/wp-json\/wp\/v2\/product_brand?post=725"},{"taxonomy":"product_cat","embeddable":true,"href":"https:\/\/coinscatalogs.com\/fr\/wp-json\/wp\/v2\/product_cat?post=725"},{"taxonomy":"product_tag","embeddable":true,"href":"https:\/\/coinscatalogs.com\/fr\/wp-json\/wp\/v2\/product_tag?post=725"}],"curies":[{"name":"wp","href":"https:\/\/api.w.org\/{rel}","templated":true}]}}