{"id":642,"date":"2021-01-22T06:07:19","date_gmt":"2021-01-22T06:07:19","guid":{"rendered":"https:\/\/coinscatalogs.com\/p\/vatican-city-coins-catalog-929-to-2020\/"},"modified":"2025-06-23T15:50:19","modified_gmt":"2025-06-23T15:50:19","slug":"catalog-des-pieces-de-monnaie-du-vatican-de-929-a-2020","status":"publish","type":"product","link":"https:\/\/coinscatalogs.com\/fr\/catalog-des-pieces-de-monnaie-de-la-cite-du-vatican\/","title":{"rendered":"catalog des pi\u00e8ces de monnaie du Vatican 2024"},"content":{"rendered":"<h2>catalog des pi\u00e8ces de monnaie du Vatican 2024<\/h2>\n<p>catalog de pi\u00e8ces de monnaie du Vatican illustr\u00e9 en couleurs<\/p>\n<h3><em>768 pi\u00e8ces r\u00e9pertori\u00e9es, 92 pages<\/em><\/h3>\n<p><strong><em><p><strong>Ce catalog de pi\u00e8ces est enti\u00e8rement illustr\u00e9 en couleur avec des images de haute qualit\u00e9.<\/strong><\/p>\n<p>Ces catalogs sont livr\u00e9s au format PDF et sont consultables sur n&#039;importe quel ordinateur.<\/p>\n<p><strong>Livraison:\u00a0<\/strong>Il s&#039;agit d&#039;un eBook au format PDF que vous recevrez par e-mail dans les 24 heures ou moins. Vous aurez \u00e9galement la possibilit\u00e9 de recevoir le produit par DVD.<\/p>\n<p>Pour plus d&#039;informations, vous pouvez t\u00e9l\u00e9charger un catalog de pi\u00e8ces. (voir le\u00a0<a href=\"https:\/\/coinscatalogs.com\/fr\/page-de-demonstration\/\"><strong>D\u00e9mo<\/strong><\/a>\u00a0page pour un catalog de d\u00e9monstration).<\/p><\/em><\/strong><\/p>","protected":false},"excerpt":{"rendered":"<p>catalog imprimable illustr\u00e9 en couleur des pi\u00e8ces de monnaie de la Cit\u00e9 du Vatican 2024 (92 pages) 768 pi\u00e8ces r\u00e9pertori\u00e9es<\/p>","protected":false},"featured_media":641,"template":"","meta":[],"product_brand":[],"product_cat":[17],"product_tag":[],"class_list":{"0":"post-642","1":"product","2":"type-product","3":"status-publish","4":"has-post-thumbnail","6":"product_cat-coins-catalog","7":"sales-flash-overlay","8":"woocommerce-text-align-center","9":"woocommerce-image-align-center","10":"do-quantity-buttons","12":"first","13":"instock","14":"sale","15":"virtual","16":"purchasable","17":"product-type-simple"},"_links":{"self":[{"href":"https:\/\/coinscatalogs.com\/fr\/wp-json\/wp\/v2\/product\/642","targetHints":{"allow":["GET"]}}],"collection":[{"href":"https:\/\/coinscatalogs.com\/fr\/wp-json\/wp\/v2\/product"}],"about":[{"href":"https:\/\/coinscatalogs.com\/fr\/wp-json\/wp\/v2\/types\/product"}],"wp:featuredmedia":[{"embeddable":true,"href":"https:\/\/coinscatalogs.com\/fr\/wp-json\/wp\/v2\/media\/641"}],"wp:attachment":[{"href":"https:\/\/coinscatalogs.com\/fr\/wp-json\/wp\/v2\/media?parent=642"}],"wp:term":[{"taxonomy":"product_brand","embeddable":true,"href":"https:\/\/coinscatalogs.com\/fr\/wp-json\/wp\/v2\/product_brand?post=642"},{"taxonomy":"product_cat","embeddable":true,"href":"https:\/\/coinscatalogs.com\/fr\/wp-json\/wp\/v2\/product_cat?post=642"},{"taxonomy":"product_tag","embeddable":true,"href":"https:\/\/coinscatalogs.com\/fr\/wp-json\/wp\/v2\/product_tag?post=642"}],"curies":[{"name":"wp","href":"https:\/\/api.w.org\/{rel}","templated":true}]}}