{"id":596,"date":"2021-01-22T07:07:09","date_gmt":"2021-01-22T12:07:09","guid":{"rendered":"https:\/\/coinscatalogs.com\/p\/finland-coins-catalog-1864-to-2019\/"},"modified":"2025-06-23T15:50:01","modified_gmt":"2025-06-23T15:50:01","slug":"catalog-des-pieces-de-monnaie-finlandaises-de-1864-a-2019","status":"publish","type":"product","link":"https:\/\/coinscatalogs.com\/fr\/catalog-de-pieces-de-monnaie-finlandaises\/","title":{"rendered":"catalog des pi\u00e8ces de monnaie finlandaises 2025"},"content":{"rendered":"<h2>catalog des pi\u00e8ces de monnaie finlandaises 2025<\/h2>\n<p>catalog illustr\u00e9 en couleur des pi\u00e8ces de monnaie finlandaises<\/p>\n<h4><strong>493<\/strong> Pi\u00e8ces r\u00e9pertori\u00e9es, <strong>59<\/strong> Pages<\/h4>\n<p><strong>Ce catalog de pi\u00e8ces est enti\u00e8rement illustr\u00e9 en couleur avec des images de haute qualit\u00e9.<\/strong><\/p>\n<p>Ces catalogs sont livr\u00e9s au format PDF et sont consultables sur n&#039;importe quel ordinateur.<\/p>\n<p><strong>Livraison:\u00a0<\/strong>Il s&#039;agit d&#039;un eBook au format PDF que vous recevrez par e-mail dans les 24 heures ou moins. Vous aurez \u00e9galement la possibilit\u00e9 de recevoir le produit par DVD.<\/p>\n<p>Pour plus d&#039;informations, vous pouvez t\u00e9l\u00e9charger un catalog de pi\u00e8ces. (voir le\u00a0<a href=\"https:\/\/coinscatalogs.com\/fr\/page-de-demonstration\/\"><strong>D\u00e9mo<\/strong><\/a>\u00a0page pour un catalog de d\u00e9monstration).<\/p>","protected":false},"excerpt":{"rendered":"<p>catalog imprimable illustr\u00e9 en couleur des pi\u00e8ces de monnaie finlandaises 2025 (58 pages) 493 pi\u00e8ces r\u00e9pertori\u00e9es<\/p>","protected":false},"featured_media":595,"template":"","meta":[],"product_brand":[],"product_cat":[17],"product_tag":[],"class_list":{"0":"post-596","1":"product","2":"type-product","3":"status-publish","4":"has-post-thumbnail","6":"product_cat-coins-catalog","7":"sales-flash-overlay","8":"woocommerce-text-align-center","9":"woocommerce-image-align-center","10":"do-quantity-buttons","12":"first","13":"instock","14":"virtual","15":"purchasable","16":"product-type-simple"},"_links":{"self":[{"href":"https:\/\/coinscatalogs.com\/fr\/wp-json\/wp\/v2\/product\/596","targetHints":{"allow":["GET"]}}],"collection":[{"href":"https:\/\/coinscatalogs.com\/fr\/wp-json\/wp\/v2\/product"}],"about":[{"href":"https:\/\/coinscatalogs.com\/fr\/wp-json\/wp\/v2\/types\/product"}],"wp:featuredmedia":[{"embeddable":true,"href":"https:\/\/coinscatalogs.com\/fr\/wp-json\/wp\/v2\/media\/595"}],"wp:attachment":[{"href":"https:\/\/coinscatalogs.com\/fr\/wp-json\/wp\/v2\/media?parent=596"}],"wp:term":[{"taxonomy":"product_brand","embeddable":true,"href":"https:\/\/coinscatalogs.com\/fr\/wp-json\/wp\/v2\/product_brand?post=596"},{"taxonomy":"product_cat","embeddable":true,"href":"https:\/\/coinscatalogs.com\/fr\/wp-json\/wp\/v2\/product_cat?post=596"},{"taxonomy":"product_tag","embeddable":true,"href":"https:\/\/coinscatalogs.com\/fr\/wp-json\/wp\/v2\/product_tag?post=596"}],"curies":[{"name":"wp","href":"https:\/\/api.w.org\/{rel}","templated":true}]}}