{"id":578,"date":"2021-01-22T06:07:05","date_gmt":"2021-01-22T11:07:05","guid":{"rendered":"https:\/\/coinscatalogs.com\/p\/germany-federal-republic-coins-catalog-1948-to-2020\/"},"modified":"2026-01-06T16:18:49","modified_gmt":"2026-01-06T16:18:49","slug":"catalog-de-pieces-de-monnaie-allemandes","status":"publish","type":"product","link":"https:\/\/coinscatalogs.com\/fr\/catalog-de-pieces-de-monnaie-allemandes\/","title":{"rendered":"catalog des pi\u00e8ces de monnaie allemandes 2025"},"content":{"rendered":"<h2>catalog des pi\u00e8ces de monnaie allemandes 2025<\/h2>\n<p><em>&amp; Germany Empire, German states, Third Reich,\u00a0 East Germany (German Democratic Republic), Federal Republic of Germany.<\/em><\/p>\n<p>catalog illustr\u00e9 en couleur des pi\u00e8ces de monnaie allemandes<\/p>\n<p><em><strong>407<\/strong><\/em>\u00a0 Pages<\/p>\n<p><strong><em>3277<\/em>\u00a0Pi\u00e8ces r\u00e9pertori\u00e9es<\/strong><\/p>\n<p><strong>Ce catalog de pi\u00e8ces est enti\u00e8rement illustr\u00e9 en couleur avec des images de haute qualit\u00e9.<\/strong><\/p>\n<p>Ces catalogs sont livr\u00e9s au format PDF et sont consultables sur n&#039;importe quel ordinateur.<\/p>\n<p><strong>Livraison:\u00a0<\/strong>Il s&#039;agit d&#039;un eBook au format PDF que vous recevrez par e-mail dans les 24 heures ou moins. Vous aurez \u00e9galement la possibilit\u00e9 de recevoir le produit par DVD.<\/p>\n<p>Pour plus d&#039;informations, vous pouvez t\u00e9l\u00e9charger un catalog de pi\u00e8ces. (voir le\u00a0<a href=\"https:\/\/coinscatalogs.com\/fr\/page-de-demonstration\/\"><strong>D\u00e9mo<\/strong><\/a>\u00a0page pour un catalog de d\u00e9monstration).<\/p>","protected":false},"excerpt":{"rendered":"<p>Printable Full Color Illustrated Germany Coins catalog 2025 ( 407 pages ) 3277 Coins listed.<\/p>","protected":false},"featured_media":577,"template":"","meta":[],"product_brand":[],"product_cat":[17],"product_tag":[],"class_list":{"0":"post-578","1":"product","2":"type-product","3":"status-publish","4":"has-post-thumbnail","6":"product_cat-coins-catalog","7":"sales-flash-overlay","8":"woocommerce-text-align-center","9":"woocommerce-image-align-center","10":"do-quantity-buttons","12":"first","13":"instock","14":"sale","15":"downloadable","16":"virtual","17":"purchasable","18":"product-type-simple"},"_links":{"self":[{"href":"https:\/\/coinscatalogs.com\/fr\/wp-json\/wp\/v2\/product\/578","targetHints":{"allow":["GET"]}}],"collection":[{"href":"https:\/\/coinscatalogs.com\/fr\/wp-json\/wp\/v2\/product"}],"about":[{"href":"https:\/\/coinscatalogs.com\/fr\/wp-json\/wp\/v2\/types\/product"}],"wp:featuredmedia":[{"embeddable":true,"href":"https:\/\/coinscatalogs.com\/fr\/wp-json\/wp\/v2\/media\/577"}],"wp:attachment":[{"href":"https:\/\/coinscatalogs.com\/fr\/wp-json\/wp\/v2\/media?parent=578"}],"wp:term":[{"taxonomy":"product_brand","embeddable":true,"href":"https:\/\/coinscatalogs.com\/fr\/wp-json\/wp\/v2\/product_brand?post=578"},{"taxonomy":"product_cat","embeddable":true,"href":"https:\/\/coinscatalogs.com\/fr\/wp-json\/wp\/v2\/product_cat?post=578"},{"taxonomy":"product_tag","embeddable":true,"href":"https:\/\/coinscatalogs.com\/fr\/wp-json\/wp\/v2\/product_tag?post=578"}],"curies":[{"name":"wp","href":"https:\/\/api.w.org\/{rel}","templated":true}]}}