{"id":389617,"date":"2022-06-04T22:24:08","date_gmt":"2022-06-05T02:24:08","guid":{"rendered":"https:\/\/coinscatalogs.com\/?post_type=product&#038;p=389617"},"modified":"2025-05-18T13:37:47","modified_gmt":"2025-05-18T17:37:47","slug":"catalog-des-pieces-du-monde","status":"publish","type":"product","link":"https:\/\/coinscatalogs.com\/fr\/catalog-des-pieces-du-monde\/","title":{"rendered":"catalog des pi\u00e8ces du monde 2023 (GRATUIT)"},"content":{"rendered":"<h1>catalog gratuit des pi\u00e8ces du monde<\/h1>\n<h2>catalog des pi\u00e8ces du monde <em><strong>2023\u00a0<\/strong><\/em><\/h2>\n<h3>catalog illustr\u00e9 en couleur des pi\u00e8ces du monde<\/h3>\n<h4><em><strong><span style=\"color: #0000ff;\">21260<\/span> Pages, <\/strong><\/em><span style=\"color: #0000ff;\"><strong>172,739 <\/strong><\/span><strong>Pi\u00e8ces r\u00e9pertori\u00e9es<\/strong><\/h4>\n<h4>Inclure les pi\u00e8ces du monde de <strong>700 av. J.-C.<\/strong> \u00e0 <strong>2023<\/strong><\/h4>\n<h5><em><span style=\"color: #d62d20;\"><strong>Livraison instantan\u00e9e d&#039;e-mails<\/strong><\/span><\/em><\/h5>\n<p>&nbsp;<\/p>\n<h5 style=\"text-align: center;\"><strong>Liste des pays<\/strong>: Abkhazie, Afghanistan, Ajman, Albanie, Aurigny, Alg\u00e9rie, Samoa am\u00e9ricaines, Andorre, Angola, Anguilla, Antigua-et-Barbuda, Araucanie et Patagonie, Argentine, Argentine, Conf\u00e9d\u00e9ration, Arm\u00e9nie, Artsakh, Aruba, \u00cele de l&#039;Ascension, Australie, Autriche, Pays-Bas autrichiens, \u00c9tats autrichiens, Monarchie austro-hongroise, Azerba\u00efdjan, A\u00e7ores, Bahamas, Bahre\u00efn, Bangladesh, Barbade, Bi\u00e9lorussie, Congo belge, Congo belge, Ruanda-Urundi, Belgique, Belize, B\u00e9nin, Bermudes, Bhoutan, Biafra, Boh\u00eame et Moravie, Boh\u00eame, Bolivie, Bosnie-Herz\u00e9govine, Botswana, Br\u00e9sil, Territoire antarctique britannique, Afrique orientale britannique, Guyane britannique, Honduras britannique, Territoire britannique de l&#039;oc\u00e9an Indien, Born\u00e9o du Nord britannique, \u00celes Vierges britanniques, Afrique occidentale britannique, Antilles britanniques, Brun\u00e9i Darussalam, Bulgarie, Burkina Faso, Burundi, Empire byzantin, Cap-Vert, Cambodge, Cameroun, Canada, Cap de Bonne-Esp\u00e9rance, Carolingien Empire, Carthage, \u00celes Ca\u00efmans, R\u00e9publique centrafricaine, \u00c9tats d&#039;Afrique centrale, Ceylan, Tchad, Chili, Chine \u2013 \u00c9tats fantoches japonais, Chine, Empires dynastiques, Chine, R\u00e9publique populaire, Chine, R\u00e9publique de, Chine, R\u00e9publique sovi\u00e9tique, \u00celes Cocos, Colombie, Colombie, Santander, Comores, \u00c9tats conf\u00e9d\u00e9r\u00e9s d&#039;Am\u00e9rique, Congo, R\u00e9publique d\u00e9mocratique, Congo, \u00c9tat libre, Congo, R\u00e9publique, \u00celes Cook, Costa Rica, Courlande et S\u00e9migalie, Duch\u00e9 de, Cr\u00e8te, Khanat de Crim\u00e9e, Croatie, \u00c9tats crois\u00e9s, Cuba, Cura\u00e7ao, Chypre, R\u00e9publique tch\u00e8que, Tch\u00e9coslovaquie, Dahomey, Antilles danoises, Danemark Gluckstadt, Danemark Holstein-Gottorp-Rendsborg, Danemark, Djibouti, Dominique, R\u00e9publique dominicaine, \u00c9tats des Cara\u00efbes orientales, Timor oriental, \u00c9quateur, \u00c9gypte \u2013 Ancienne, \u00c9gypte, El Salvador, \u00c9tats d&#039;Afrique \u00e9quatoriale, Guin\u00e9e \u00e9quatoriale, \u00c9rythr\u00e9e, Estonie, \u00c9thiopie, \u00celes Malouines, Questions fantaisistes, \u00celes F\u00e9ro\u00e9, \u00c9tats malais f\u00e9d\u00e9raux, R\u00e9publique f\u00e9d\u00e9rale de Am\u00e9rique centrale, Fidji, Finlande, France, Afars et Issas fran\u00e7ais, Antilles fran\u00e7aises, Cochinchine fran\u00e7aise, Colonies fran\u00e7aises, Afrique \u00e9quatoriale fran\u00e7aise, Guyane fran\u00e7aise, Indochine fran\u00e7aise, Oc\u00e9anie fran\u00e7aise, Polyn\u00e9sie fran\u00e7aise, C\u00f4te fran\u00e7aise des Somalis, Terres australes et antarctiques fran\u00e7aises, Afrique occidentale fran\u00e7aise, Fujairah, Gabon, Gambie, G\u00e9orgie, Afrique orientale allemande, Nouvelle-Guin\u00e9e allemande, \u00c9tats allemands, Allemagne, R\u00e9publique d\u00e9mocratique, Allemagne, Empire, Allemagne, R\u00e9publique f\u00e9d\u00e9rale, Allemagne, Troisi\u00e8me Reich, Allemagne, R\u00e9publique de Weimar, Ghana, Gibraltar, C\u00f4te de l&#039;Or, Horde d&#039;or, \u00cele de Gough, Gr\u00e8ce \u2013 Ancienne, Gr\u00e8ce, Groenland, Grenade, Guadeloupe, Guatemala, Guernesey, Guin\u00e9e, Guin\u00e9e-Bissau, Guyane, Ha\u00efti, Hawa\u00ef, Honduras, Hong Kong, Hongrie, Islande, \u00celes de France et Bonaparte, Inde, Britannique, Inde, Danois, Inde, N\u00e9erlandais, Inde, \u00c9tats f\u00e9odaux, Inde, Fran\u00e7ais, Inde, Portugais, Inde, R\u00e9publique, Royaume indo-hephtalite, Indon\u00e9sie, \u00celes Ioniennes \u2013 Administration britannique, Iran, Irak, Irlande, Irlande-Hibernia, Isle de Bourbon, Isle of Man, Isra\u00ebl, \u00c9tats pontificaux italiens, Somaliland italien, \u00c9tats italiens, Italie, C\u00f4te d&#039;Ivoire, Jama\u00efque, Japon, Jersey, Jordanie, Jud\u00e9e, Royaume, Katanga, Kazakhstan, Kenya, R\u00e9publique sovi\u00e9tique populaire de Khorezm, Kiao Chau, Royaume de J\u00e9rusalem, Kiribati, Cor\u00e9e, Cor\u00e9e, Nord, Cor\u00e9e du Sud, Kowe\u00eft, Kirghizistan, Laos, Lettonie, Liban, Lesotho, Lib\u00e9ria, Libye, Liechtenstein, Li\u00e8ge, Lituanie, Livonie, Luxembourg, Lydie, Macao, Madagascar, \u00celes de Mad\u00e8re, Malawi, Malaisie et Born\u00e9o britannique, Malaisie, Maldives, Mali, Malte, Malte, Ordre Souverain Militaire des, \u00celes Marshall, Martinique, Mauritanie, Maurice, Mayotte, Mexique, Mexique, Provinces, Micron\u00e9sie, \u00c9tats f\u00e9d\u00e9r\u00e9s de, Moldavie et Valachie, Principaut\u00e9 moldave, Moldavie, Mombasa, Monaco, Mongolie, Mont\u00e9n\u00e9gro, Montserrat, Maroc, Mozambique, Mascate et Oman, Myanmar, Namibie, Nauru, N\u00e9pal, Antilles n\u00e9erlandaises, Indes orientales n\u00e9erlandaises, Pays-Bas, Pays-Bas, \u00c9tats n\u00e9erlandais, Nevis, Nouveau-Brunswick, Nouvelle-Cal\u00e9donie, Nouvelle-Guin\u00e9e, Nouvelles-H\u00e9brides, Nouvelle-Z\u00e9lande, Terre-Neuve, Nicaragua, Niger, Nig\u00e9ria, Niue, Mac\u00e9doine du Nord, \u00celes Mariannes du Nord, Norv\u00e8ge, Nouvelle-\u00c9cosse, Oman, Pakistan, Palaos, Palestine \u2013 Mandat britannique, Panama, Papouasie-Nouvelle-Guin\u00e9e, Paraguay, P\u00e9rou, Philippines, Ph\u00e9nicie, \u00celes Pitcairn, Pologne, Pologne, Gdansk, Commonwealth polono-lituanien, Portugal, Guin\u00e9e portugaise, \u00cele-du-Prince-\u00c9douard, Porto Rico, Qatar et Duba\u00ef, Qatar, Raguse, R\u00e9publique, Ras al Khaimah, R\u00e9union, Rhod\u00e9sie et Nyassaland, Rhod\u00e9sie, Empire romain, Roumanie, Russie, Russie, Caucase, Russie, Empire, Rwanda et Burundi, Rwanda, Sarre, R\u00e9publique arabe sahraouie d\u00e9mocratique, Saint-Barth\u00e9lemy, Saint-Eustache, Sainte-H\u00e9l\u00e8ne et Ascension, Sainte-H\u00e9l\u00e8ne, Saint-Kitts-et-Nevis, Sainte-Lucie, Saint-Pierre-et-Miquelon, Saint-Vincent-et-les Grenadines, Samoa, San Marin, S\u00e3o Tom\u00e9-et-Principe, Sarawak, Empire sassanide, Arabie saoudite, \u00c9cosse, Empire s\u00e9leucide, Empire seldjoukide, S\u00e9n\u00e9gal, Serbie, Seychelles, Sharjah, Sierra Leone, Singapour, Slovaquie, Slov\u00e9nie, \u00celes Salomon, Somalie, Somaliland, Afrique du Sud, G\u00e9orgie du Sud et les \u00eeles Sandwich du Sud, Soudan du Sud, Rhod\u00e9sie du Sud, Union sovi\u00e9tique, URSS, Espagne, Espagne, Guerre civile, Espagne, \u00c9tats, Pays-Bas espagnols, Sri Lanka, \u00c9tablissements des d\u00e9troits, Soudan, Suriname, Svalbard, Swaziland, Su\u00e8de, Cantons suisses, Suisse, Syrie, Ta\u00efwan, Tadjikistan, Tannu Tuva, Tanzanie, Tha\u00eflande, Tibet, Timor, Tobago, Togo, Tokelau, Tonga, Transnistrie, Transylvanie, Trinit\u00e9-et-Tobago, Trinidad, Tristan da Cunha, Tunisie, Turquie, Turkm\u00e9nistan, \u00celes Turques-et-Ca\u00efques, Tuvalu, Ouganda, Ukraine, Umm al-Qaiwain, \u00c9mirats arabes unis, Royaume-Uni de Grande-Bretagne et d&#039;Irlande du Nord, Royaume-Uni \u00c9tats-Unis, \u00c9tats-Unis d&#039;Am\u00e9rique, Uruguay, Ouzb\u00e9kistan, Vanuatu, Cit\u00e9 du Vatican, \u00c9tats pontificaux du Vatican, Venezuela, Vietnam, Vietnam, Dynasties, Vietnam, Nord, Vietnam, Sud, \u00c9tats d&#039;Afrique de l&#039;Ouest, \u00celes du Vent, Monde entier, Y\u00e9men, Y\u00e9men, \u00c9tats du protectorat d&#039;Aden, Y\u00e9men, R\u00e9publique arabe, Y\u00e9men, R\u00e9publique d\u00e9mocratique du, Y\u00e9men, R\u00e9publique, Y\u00e9men, Arabie du Sud, Yougoslavie, Za\u00efre, Zambie, Zanzibar, Zimbabwe.<\/h5>\n<p>&nbsp;<\/p>\n<p><strong>Ce catalog de pi\u00e8ces est enti\u00e8rement illustr\u00e9 en couleur avec des images de haute qualit\u00e9.<\/strong><\/p>\n<p>Ces catalogs sont livr\u00e9s au format PDF et sont consultables sur n&#039;importe quel ordinateur.<\/p>\n<p><strong>Livraison:\u00a0<\/strong>Il s&#039;agit d&#039;un eBook au format PDF que vous recevrez par e-mail (livraison instantan\u00e9e). Vous aurez \u00e9galement la possibilit\u00e9 de recevoir le produit par DVD.<\/p>\n<p>Pour plus d&#039;informations, vous pouvez t\u00e9l\u00e9charger un catalog de pi\u00e8ces. (voir le\u00a0<a href=\"https:\/\/coinscatalogs.com\/fr\/page-de-demonstration\/\">D\u00e9mo<\/a>\u00a0page pour un catalog de d\u00e9monstration).<\/p>","protected":false},"excerpt":{"rendered":"<p><em>catalog gratuit des pi\u00e8ces du monde<\/em>catalog illustr\u00e9 et imprimable des pi\u00e8ces de monnaie du monde en couleur <em>2023<\/em> ( <strong><em><span style=\"color: #003300;\">172,739 <\/span>Pi\u00e8ces r\u00e9pertori\u00e9es<\/em><\/strong> )<\/p>","protected":false},"featured_media":389618,"template":"","meta":[],"product_brand":[],"product_cat":[17],"product_tag":[],"class_list":{"0":"post-389617","1":"product","2":"type-product","3":"status-publish","4":"has-post-thumbnail","6":"product_cat-coins-catalog","7":"sales-flash-overlay","8":"woocommerce-text-align-center","9":"woocommerce-image-align-center","10":"do-quantity-buttons","12":"first","13":"instock","14":"sale","15":"featured","16":"downloadable","17":"virtual","18":"purchasable","19":"product-type-simple"},"_links":{"self":[{"href":"https:\/\/coinscatalogs.com\/fr\/wp-json\/wp\/v2\/product\/389617","targetHints":{"allow":["GET"]}}],"collection":[{"href":"https:\/\/coinscatalogs.com\/fr\/wp-json\/wp\/v2\/product"}],"about":[{"href":"https:\/\/coinscatalogs.com\/fr\/wp-json\/wp\/v2\/types\/product"}],"wp:featuredmedia":[{"embeddable":true,"href":"https:\/\/coinscatalogs.com\/fr\/wp-json\/wp\/v2\/media\/389618"}],"wp:attachment":[{"href":"https:\/\/coinscatalogs.com\/fr\/wp-json\/wp\/v2\/media?parent=389617"}],"wp:term":[{"taxonomy":"product_brand","embeddable":true,"href":"https:\/\/coinscatalogs.com\/fr\/wp-json\/wp\/v2\/product_brand?post=389617"},{"taxonomy":"product_cat","embeddable":true,"href":"https:\/\/coinscatalogs.com\/fr\/wp-json\/wp\/v2\/product_cat?post=389617"},{"taxonomy":"product_tag","embeddable":true,"href":"https:\/\/coinscatalogs.com\/fr\/wp-json\/wp\/v2\/product_tag?post=389617"}],"curies":[{"name":"wp","href":"https:\/\/api.w.org\/{rel}","templated":true}]}}