{"id":974721,"date":"2025-04-28T11:46:15","date_gmt":"2025-04-28T15:46:15","guid":{"rendered":"https:\/\/coinscatalogs.com\/?post_type=product&#038;p=974721"},"modified":"2026-02-11T17:36:13","modified_gmt":"2026-02-11T17:36:13","slug":"catalogo-de-monedas-del-mundo-volumen-13","status":"publish","type":"product","link":"https:\/\/coinscatalogs.com\/es\/catalogo-de-monedas-del-mundo-volumen-13\/","title":{"rendered":"Cat\u00e1logo Mundial de Monedas 2025 Volumen 13 (Pa\u00edses UVWYZ)"},"content":{"rendered":"<p>El volumen 13 incluye listados de pa\u00edses del mundo que comienzan con la letra <strong>UVWYZ<\/strong>Estos comienzan con Uganda y terminan con Zimbabwe.<\/p>\n<h4><strong><em>13460<\/em><\/strong> Las monedas se enumeran en este cat\u00e1logo<\/h4>\n<p>El Volumen 13 incluye 24 pa\u00edses (tanto los existentes como los que ya no existen). Los pa\u00edses incluidos en el Volumen 13 son los siguientes:<\/p>\n<p><strong><em>Uganda, Ucrania, Umm al-Qiwain, Emiratos \u00c1rabes Unidos, Reino Unido de Gran Breta\u00f1a e Irlanda del Norte, Estados Unidos de Am\u00e9rica, Uruguay, Uzbekist\u00e1n, Vanuatu, Ciudad del Vaticano, Estados Pontificios del Vaticano, Venezuela, Vietnam, Estados de \u00c1frica Occidental, Islas de Barlovento, Yemen, Rep\u00fablica Democr\u00e1tica Popular del Yemen, Rep\u00fablica del Yemen, Yemen Arabia Meridional, Yugoslavia, Zaire, Zambia, Zanz\u00edbar, Zimbabue. <\/em><\/strong><\/p>\n<p><strong>Este cat\u00e1logo de monedas est\u00e1 completamente ilustrado en color con im\u00e1genes de alta calidad.<\/strong><\/p>\n<p>Estos cat\u00e1logos se entregan en formato PDF y son visibles en cualquier ordenador.<\/p>\n<p><strong>Entrega:\u00a0<\/strong>Este es un libro electr\u00f3nico en formato PDF que recibir\u00e1s por correo electr\u00f3nico en 24 horas o menos. Tambi\u00e9n tendr\u00e1s la opci\u00f3n de recibir el producto en DVD.<\/p>\n<p>Para m\u00e1s informaci\u00f3n puede descargar un cat\u00e1logo de Monedas. (ver la\u00a0<a href=\"https:\/\/coinscatalogs.com\/es\/pagina-de-demostracion\/\"><strong>Manifestaci\u00f3n<\/strong><\/a>\u00a0p\u00e1gina para un cat\u00e1logo de demostraci\u00f3n).<\/p>","protected":false},"excerpt":{"rendered":"<p>World Coins catalog Year 2025 Volume 13 (Countries U-V-W-Y-Z), 13460 coins are listed in this catalog.<\/p>","protected":false},"featured_media":974722,"template":"","meta":[],"product_brand":[],"product_cat":[17],"product_tag":[],"class_list":{"0":"post-974721","1":"product","2":"type-product","3":"status-publish","4":"has-post-thumbnail","6":"product_cat-coins-catalog","7":"sales-flash-overlay","8":"woocommerce-text-align-center","9":"woocommerce-image-align-center","10":"do-quantity-buttons","12":"first","13":"instock","14":"downloadable","15":"virtual","16":"purchasable","17":"product-type-simple"},"_links":{"self":[{"href":"https:\/\/coinscatalogs.com\/es\/wp-json\/wp\/v2\/product\/974721","targetHints":{"allow":["GET"]}}],"collection":[{"href":"https:\/\/coinscatalogs.com\/es\/wp-json\/wp\/v2\/product"}],"about":[{"href":"https:\/\/coinscatalogs.com\/es\/wp-json\/wp\/v2\/types\/product"}],"wp:featuredmedia":[{"embeddable":true,"href":"https:\/\/coinscatalogs.com\/es\/wp-json\/wp\/v2\/media\/974722"}],"wp:attachment":[{"href":"https:\/\/coinscatalogs.com\/es\/wp-json\/wp\/v2\/media?parent=974721"}],"wp:term":[{"taxonomy":"product_brand","embeddable":true,"href":"https:\/\/coinscatalogs.com\/es\/wp-json\/wp\/v2\/product_brand?post=974721"},{"taxonomy":"product_cat","embeddable":true,"href":"https:\/\/coinscatalogs.com\/es\/wp-json\/wp\/v2\/product_cat?post=974721"},{"taxonomy":"product_tag","embeddable":true,"href":"https:\/\/coinscatalogs.com\/es\/wp-json\/wp\/v2\/product_tag?post=974721"}],"curies":[{"name":"wp","href":"https:\/\/api.w.org\/{rel}","templated":true}]}}