{"id":974717,"date":"2025-04-28T11:40:29","date_gmt":"2025-04-28T15:40:29","guid":{"rendered":"https:\/\/coinscatalogs.com\/?post_type=product&#038;p=974717"},"modified":"2025-06-23T15:59:56","modified_gmt":"2025-06-23T15:59:56","slug":"catalogo-de-la-base-de-datos-de-monedas-mundiales-volumen-11","status":"publish","type":"product","link":"https:\/\/coinscatalogs.com\/es\/catalogo-de-la-base-de-datos-de-monedas-mundiales-volumen-11\/","title":{"rendered":"Cat\u00e1logo Mundial de Monedas 2025 Volumen 11 (Pa\u00edses S)"},"content":{"rendered":"<p>El volumen 11 incluye listados de pa\u00edses del mundo que comienzan con la letra <strong>S<\/strong>Estos comienzan con <strong>Sarre<\/strong> y terminar con <strong>Siria<\/strong>.<\/p>\n<h4><strong><em>15275<\/em><\/strong> Las monedas se enumeran en este cat\u00e1logo<\/h4>\n<p>El Volumen 11 incluye 42 pa\u00edses (tanto los existentes como los que ya no existen). Los pa\u00edses incluidos en el Volumen 11 son los siguientes:<\/p>\n<p><strong><em>Saar, Rep\u00fablica \u00c1rabe Saharaui Democr\u00e1tica, San Bartolom\u00e9, San Eustaquio, Santa Elena, Santa Elena y Ascensi\u00f3n, San Crist\u00f3bal y Nieves, Santa Luc\u00eda, San Pedro y Miquel\u00f3n, San Vicente y las Granadinas, Samoa, San Marino, Santo Tom\u00e9 y Pr\u00edncipe, Sarawak, Arabia Saudita, Escocia, Eslovaquia, Eslovenia, Islas Salom\u00f3n, Somalia, Somalilandia, Sud\u00e1frica, Georgia del Sur y Sandwich del Sur, Osetia del Sur, Sud\u00e1n del Sur, Rhodesia del Sur, Espa\u00f1a, Pa\u00edses Bajos espa\u00f1oles, Sri Lanka, Establecimientos del Estrecho, Sud\u00e1n, Surinam, Svalbard, Suecia, Suiza, Siria. <\/em><\/strong><\/p>\n<p><strong>Este cat\u00e1logo de monedas est\u00e1 completamente ilustrado en color con im\u00e1genes de alta calidad.<\/strong><\/p>\n<p>Estos cat\u00e1logos se entregan en formato PDF y son visibles en cualquier ordenador.<\/p>\n<p><strong>Entrega:\u00a0<\/strong>Este es un libro electr\u00f3nico en formato PDF que recibir\u00e1s por correo electr\u00f3nico en 24 horas o menos. Tambi\u00e9n tendr\u00e1s la opci\u00f3n de recibir el producto en DVD.<\/p>\n<p>Para m\u00e1s informaci\u00f3n puede descargar un cat\u00e1logo de Monedas. (ver la\u00a0<a href=\"https:\/\/coinscatalogs.com\/es\/pagina-de-demostracion\/\"><strong>Manifestaci\u00f3n<\/strong><\/a>\u00a0p\u00e1gina para un cat\u00e1logo de demostraci\u00f3n).<\/p>","protected":false},"excerpt":{"rendered":"<p>Cat\u00e1logo de Monedas del Mundo A\u00f1o 2025 Volumen 11 (Pa\u00edses S), 15275 monedas est\u00e1n listadas en este cat\u00e1logo.<\/p>","protected":false},"featured_media":974718,"template":"","meta":[],"product_brand":[],"product_cat":[17],"product_tag":[],"class_list":{"0":"post-974717","1":"product","2":"type-product","3":"status-publish","4":"has-post-thumbnail","6":"product_cat-coins-catalog","7":"sales-flash-overlay","8":"woocommerce-text-align-center","9":"woocommerce-image-align-center","10":"do-quantity-buttons","12":"first","13":"instock","14":"virtual","15":"purchasable","16":"product-type-simple"},"_links":{"self":[{"href":"https:\/\/coinscatalogs.com\/es\/wp-json\/wp\/v2\/product\/974717","targetHints":{"allow":["GET"]}}],"collection":[{"href":"https:\/\/coinscatalogs.com\/es\/wp-json\/wp\/v2\/product"}],"about":[{"href":"https:\/\/coinscatalogs.com\/es\/wp-json\/wp\/v2\/types\/product"}],"wp:featuredmedia":[{"embeddable":true,"href":"https:\/\/coinscatalogs.com\/es\/wp-json\/wp\/v2\/media\/974718"}],"wp:attachment":[{"href":"https:\/\/coinscatalogs.com\/es\/wp-json\/wp\/v2\/media?parent=974717"}],"wp:term":[{"taxonomy":"product_brand","embeddable":true,"href":"https:\/\/coinscatalogs.com\/es\/wp-json\/wp\/v2\/product_brand?post=974717"},{"taxonomy":"product_cat","embeddable":true,"href":"https:\/\/coinscatalogs.com\/es\/wp-json\/wp\/v2\/product_cat?post=974717"},{"taxonomy":"product_tag","embeddable":true,"href":"https:\/\/coinscatalogs.com\/es\/wp-json\/wp\/v2\/product_tag?post=974717"}],"curies":[{"name":"wp","href":"https:\/\/api.w.org\/{rel}","templated":true}]}}