{"id":974705,"date":"2025-04-28T11:18:47","date_gmt":"2025-04-28T15:18:47","guid":{"rendered":"https:\/\/coinscatalogs.com\/?post_type=product&#038;p=974705"},"modified":"2025-06-23T15:59:36","modified_gmt":"2025-06-23T15:59:36","slug":"catalogo-de-monedas-del-mundo-volumen-5","status":"publish","type":"product","link":"https:\/\/coinscatalogs.com\/es\/catalogo-de-monedas-del-mundo-volumen-5\/","title":{"rendered":"Cat\u00e1logo Mundial de Monedas 2025 Volumen 5 (Pa\u00edses F)"},"content":{"rendered":"<p>El volumen 5 incluye listados de pa\u00edses del mundo que comienzan con la letra <strong>F<\/strong>Estos comienzan con<strong> Islas Malvinas<\/strong> y terminar con <strong>Fujairah<\/strong>.<\/p>\n<h4><strong><em>12782<\/em><\/strong> Las monedas se enumeran en este cat\u00e1logo<\/h4>\n<p>El Volumen 5 incluye 18 pa\u00edses (tanto los existentes como los que ya no existen). Los pa\u00edses incluidos en el Volumen 5 son los siguientes:<\/p>\n<p>Islas Malvinas, Islas Feroe, Rep\u00fablica Federal de Centroam\u00e9rica, Fiyi, Finlandia, Francia, Afars e Issas franceses, Antillas Francesas, Colonias francesas, \u00c1frica Ecuatorial Francesa, Guayana Francesa, Indochina francesa, Ocean\u00eda Francesa, Polinesia Francesa, Somalilandia francesa, Tierras Australes y Ant\u00e1rticas Francesas, \u00c1frica Occidental Francesa, Fujairah.<\/p>\n<p><strong>Este cat\u00e1logo de monedas est\u00e1 completamente ilustrado en color con im\u00e1genes de alta calidad.<\/strong><\/p>\n<p>Estos cat\u00e1logos se entregan en formato PDF y son visibles en cualquier ordenador.<\/p>\n<p><strong>Entrega:\u00a0<\/strong>Este es un libro electr\u00f3nico en formato PDF que recibir\u00e1s por correo electr\u00f3nico en 24 horas o menos. Tambi\u00e9n tendr\u00e1s la opci\u00f3n de recibir el producto en DVD.<\/p>\n<p>Para m\u00e1s informaci\u00f3n puede descargar un cat\u00e1logo de Monedas. (ver la\u00a0<a href=\"https:\/\/coinscatalogs.com\/es\/pagina-de-demostracion\/\"><strong>Manifestaci\u00f3n<\/strong><\/a>\u00a0p\u00e1gina para un cat\u00e1logo de demostraci\u00f3n).<\/p>","protected":false},"excerpt":{"rendered":"<p>Cat\u00e1logo de Monedas del Mundo A\u00f1o 2025 Volumen 5 (Pa\u00edses F), 12782 monedas est\u00e1n listadas en este cat\u00e1logo.<\/p>","protected":false},"featured_media":974706,"template":"","meta":[],"product_brand":[],"product_cat":[17],"product_tag":[],"class_list":{"0":"post-974705","1":"product","2":"type-product","3":"status-publish","4":"has-post-thumbnail","6":"product_cat-coins-catalog","7":"sales-flash-overlay","8":"woocommerce-text-align-center","9":"woocommerce-image-align-center","10":"do-quantity-buttons","12":"first","13":"instock","14":"virtual","15":"purchasable","16":"product-type-simple"},"_links":{"self":[{"href":"https:\/\/coinscatalogs.com\/es\/wp-json\/wp\/v2\/product\/974705","targetHints":{"allow":["GET"]}}],"collection":[{"href":"https:\/\/coinscatalogs.com\/es\/wp-json\/wp\/v2\/product"}],"about":[{"href":"https:\/\/coinscatalogs.com\/es\/wp-json\/wp\/v2\/types\/product"}],"wp:featuredmedia":[{"embeddable":true,"href":"https:\/\/coinscatalogs.com\/es\/wp-json\/wp\/v2\/media\/974706"}],"wp:attachment":[{"href":"https:\/\/coinscatalogs.com\/es\/wp-json\/wp\/v2\/media?parent=974705"}],"wp:term":[{"taxonomy":"product_brand","embeddable":true,"href":"https:\/\/coinscatalogs.com\/es\/wp-json\/wp\/v2\/product_brand?post=974705"},{"taxonomy":"product_cat","embeddable":true,"href":"https:\/\/coinscatalogs.com\/es\/wp-json\/wp\/v2\/product_cat?post=974705"},{"taxonomy":"product_tag","embeddable":true,"href":"https:\/\/coinscatalogs.com\/es\/wp-json\/wp\/v2\/product_tag?post=974705"}],"curies":[{"name":"wp","href":"https:\/\/api.w.org\/{rel}","templated":true}]}}