{"id":974701,"date":"2025-04-28T11:11:13","date_gmt":"2025-04-28T15:11:13","guid":{"rendered":"https:\/\/coinscatalogs.com\/?post_type=product&#038;p=974701"},"modified":"2026-01-06T14:55:44","modified_gmt":"2026-01-06T14:55:44","slug":"catalogo-de-monedas-del-mundo-volumen-3","status":"publish","type":"product","link":"https:\/\/coinscatalogs.com\/es\/catalogo-de-monedas-del-mundo-volumen-3\/","title":{"rendered":"Cat\u00e1logo Mundial de Monedas 2025 Volumen 3 (Pa\u00edses C)"},"content":{"rendered":"<p>El volumen 3 incluye listados de pa\u00edses del mundo que comienzan con la letra <strong>do<\/strong>. Estos comienzan con Cabo Verde y terminan con Checoslovaquia.<\/p>\n<h4><strong><em>20144<\/em><\/strong> Las monedas se enumeran en este cat\u00e1logo<\/h4>\n<p>El volumen 3 incluye\u00a0 <em><strong>38<\/strong><\/em> Pa\u00edses (incluye tanto los existentes como los que ya no existen). Los pa\u00edses incluidos en el Volumen 3 son los siguientes:<\/p>\n<p><strong>Cabo Verde, Camboya, Camer\u00fan, Canad\u00e1, Cabo de Buena Esperanza, Imperio Carolingio, Cartago, Islas Caim\u00e1n, Rep\u00fablica Centroafricana, Estados de \u00c1frica Central, Ceil\u00e1n, Chad, Chile, China - Estados t\u00edteres japoneses, Imperios din\u00e1sticos de China, Rep\u00fablica Popular China, Rep\u00fablica China de, Rep\u00fablica Sovi\u00e9tica de China, Islas Cocos (Keeling), Colombia, Colombia, Santander, Comoras, Estados Confederados de Am\u00e9rica, Rep\u00fablica Democr\u00e1tica del Congo (Kinshasa), Estado Libre del Congo, Rep\u00fablica del Congo (Brazzaville), Islas Cook, Costa Rica, Ducado de Curlandia y Semigalia, Creta, Kanato de Crimea, Croacia, Estados cruzados, Cuba, Curazao, Chipre, Rep\u00fablica Checa, Checoslovaquia.<\/strong><\/p>\n<p><em><p><strong>Este cat\u00e1logo de monedas est\u00e1 completamente ilustrado en color con im\u00e1genes de alta calidad.<\/strong><\/p>\n<p>Estos cat\u00e1logos se entregan en formato PDF y son visibles en cualquier ordenador.<\/p>\n<p><strong>Entrega:\u00a0<\/strong>Este es un libro electr\u00f3nico en formato PDF que recibir\u00e1s por correo electr\u00f3nico en 24 horas o menos. Tambi\u00e9n tendr\u00e1s la opci\u00f3n de recibir el producto en DVD.<\/p>\n<p>Para m\u00e1s informaci\u00f3n puede descargar un cat\u00e1logo de Monedas. (ver la\u00a0<a href=\"https:\/\/coinscatalogs.com\/es\/pagina-de-demostracion\/\"><strong>Manifestaci\u00f3n<\/strong><\/a>\u00a0p\u00e1gina para un cat\u00e1logo de demostraci\u00f3n).<\/p><\/em><\/p>","protected":false},"excerpt":{"rendered":"<p>Cat\u00e1logo de Monedas del Mundo A\u00f1o 2025 Volumen 3 (Pa\u00edses C), 2014En esta base de datos se listan 4 monedas.<\/p>","protected":false},"featured_media":974702,"template":"","meta":[],"product_brand":[],"product_cat":[17],"product_tag":[],"class_list":{"0":"post-974701","1":"product","2":"type-product","3":"status-publish","4":"has-post-thumbnail","6":"product_cat-coins-catalog","7":"sales-flash-overlay","8":"woocommerce-text-align-center","9":"woocommerce-image-align-center","10":"do-quantity-buttons","12":"first","13":"instock","14":"virtual","15":"purchasable","16":"product-type-simple"},"_links":{"self":[{"href":"https:\/\/coinscatalogs.com\/es\/wp-json\/wp\/v2\/product\/974701","targetHints":{"allow":["GET"]}}],"collection":[{"href":"https:\/\/coinscatalogs.com\/es\/wp-json\/wp\/v2\/product"}],"about":[{"href":"https:\/\/coinscatalogs.com\/es\/wp-json\/wp\/v2\/types\/product"}],"wp:featuredmedia":[{"embeddable":true,"href":"https:\/\/coinscatalogs.com\/es\/wp-json\/wp\/v2\/media\/974702"}],"wp:attachment":[{"href":"https:\/\/coinscatalogs.com\/es\/wp-json\/wp\/v2\/media?parent=974701"}],"wp:term":[{"taxonomy":"product_brand","embeddable":true,"href":"https:\/\/coinscatalogs.com\/es\/wp-json\/wp\/v2\/product_brand?post=974701"},{"taxonomy":"product_cat","embeddable":true,"href":"https:\/\/coinscatalogs.com\/es\/wp-json\/wp\/v2\/product_cat?post=974701"},{"taxonomy":"product_tag","embeddable":true,"href":"https:\/\/coinscatalogs.com\/es\/wp-json\/wp\/v2\/product_tag?post=974701"}],"curies":[{"name":"wp","href":"https:\/\/api.w.org\/{rel}","templated":true}]}}