{"id":974698,"date":"2025-04-28T11:03:19","date_gmt":"2025-04-28T15:03:19","guid":{"rendered":"https:\/\/coinscatalogs.com\/?post_type=product&#038;p=974698"},"modified":"2025-06-23T15:59:26","modified_gmt":"2025-06-23T15:59:26","slug":"catalogo-de-monedas-del-mundo-volumen-2","status":"publish","type":"product","link":"https:\/\/coinscatalogs.com\/es\/catalogo-de-monedas-del-mundo-volumen-2\/","title":{"rendered":"Cat\u00e1logo Mundial de Monedas 2025 Volumen 2 (Pa\u00edses B)"},"content":{"rendered":"<p>El volumen 2 incluye listados de pa\u00edses del mundo que comienzan con la letra <strong>B<\/strong>Estos comienzan con Bahamas y terminan con el Imperio Bizantino.<\/p>\n<h4><strong><em>9378<\/em><\/strong> Las monedas se enumeran en este cat\u00e1logo<\/h4>\n<p>El Volumen 2 incluye 34 pa\u00edses (tanto los existentes como los que ya no existen). Los pa\u00edses incluidos en el Volumen 2 son los siguientes:<\/p>\n<p><strong><em>Bahamas, Bar\u00e9in, Bangladesh, Barbados, Bielorrusia, Congo Belga, Congo Belga, Ruanda-Urundi, B\u00e9lgica, Belice, Ben\u00edn, Bermudas, But\u00e1n, Biafra, Bohemia, Bohemia y Moravia, Bolivia, Bosnia y Herzegovina, Botsuana, Brasil, Territorio Ant\u00e1rtico Brit\u00e1nico (BAT), \u00c1frica Oriental Brit\u00e1nica (Kenia, Uganda y Tanganyika), Guayana Brit\u00e1nica, Honduras Brit\u00e1nica, Territorio Brit\u00e1nico del Oc\u00e9ano \u00cdndico, Borneo del Norte Brit\u00e1nico, Islas V\u00edrgenes Brit\u00e1nicas, \u00c1frica Occidental Brit\u00e1nica, Indias Occidentales Brit\u00e1nicas, Brun\u00e9i Darussalam, Bulgaria, Burkina Faso, Birmania, Burundi, Imperio Bizantino.<\/em><\/strong><\/p>\n<p><strong>Este cat\u00e1logo de monedas est\u00e1 completamente ilustrado en color con im\u00e1genes de alta calidad.<\/strong><\/p>\n<p>Estos cat\u00e1logos se entregan en formato PDF y son visibles en cualquier ordenador.<\/p>\n<p><strong>Entrega:\u00a0<\/strong>Este es un libro electr\u00f3nico en formato PDF que recibir\u00e1s por correo electr\u00f3nico en 24 horas o menos. Tambi\u00e9n tendr\u00e1s la opci\u00f3n de recibir el producto en DVD.<\/p>\n<p>Para m\u00e1s informaci\u00f3n puede descargar un cat\u00e1logo de Monedas. (ver la\u00a0<a href=\"https:\/\/coinscatalogs.com\/es\/pagina-de-demostracion\/\"><strong>Manifestaci\u00f3n<\/strong><\/a>\u00a0p\u00e1gina para un cat\u00e1logo de demostraci\u00f3n).<\/p>","protected":false},"excerpt":{"rendered":"<p>Cat\u00e1logo Mundial de Monedas A\u00f1o 2025 Volumen 2 (Pa\u00edses B), 9378 monedas est\u00e1n listadas en este Cat\u00e1logo.<\/p>","protected":false},"featured_media":974699,"template":"","meta":[],"product_brand":[],"product_cat":[17],"product_tag":[],"class_list":{"0":"post-974698","1":"product","2":"type-product","3":"status-publish","4":"has-post-thumbnail","6":"product_cat-coins-catalog","7":"sales-flash-overlay","8":"woocommerce-text-align-center","9":"woocommerce-image-align-center","10":"do-quantity-buttons","12":"first","13":"instock","14":"virtual","15":"purchasable","16":"product-type-simple"},"_links":{"self":[{"href":"https:\/\/coinscatalogs.com\/es\/wp-json\/wp\/v2\/product\/974698","targetHints":{"allow":["GET"]}}],"collection":[{"href":"https:\/\/coinscatalogs.com\/es\/wp-json\/wp\/v2\/product"}],"about":[{"href":"https:\/\/coinscatalogs.com\/es\/wp-json\/wp\/v2\/types\/product"}],"wp:featuredmedia":[{"embeddable":true,"href":"https:\/\/coinscatalogs.com\/es\/wp-json\/wp\/v2\/media\/974699"}],"wp:attachment":[{"href":"https:\/\/coinscatalogs.com\/es\/wp-json\/wp\/v2\/media?parent=974698"}],"wp:term":[{"taxonomy":"product_brand","embeddable":true,"href":"https:\/\/coinscatalogs.com\/es\/wp-json\/wp\/v2\/product_brand?post=974698"},{"taxonomy":"product_cat","embeddable":true,"href":"https:\/\/coinscatalogs.com\/es\/wp-json\/wp\/v2\/product_cat?post=974698"},{"taxonomy":"product_tag","embeddable":true,"href":"https:\/\/coinscatalogs.com\/es\/wp-json\/wp\/v2\/product_tag?post=974698"}],"curies":[{"name":"wp","href":"https:\/\/api.w.org\/{rel}","templated":true}]}}