{"id":974696,"date":"2025-04-28T10:55:59","date_gmt":"2025-04-28T14:55:59","guid":{"rendered":"https:\/\/coinscatalogs.com\/?post_type=product&#038;p=974696"},"modified":"2025-06-23T15:59:22","modified_gmt":"2025-06-23T15:59:22","slug":"catalogo-de-monedas-del-mundo-volumen-1","status":"publish","type":"product","link":"https:\/\/coinscatalogs.com\/es\/catalogo-de-monedas-del-mundo-volumen-1\/","title":{"rendered":"Cat\u00e1logo Mundial de Monedas 2025 Volumen 1 (Pa\u00edses A)"},"content":{"rendered":"<p>El volumen 1 incluye listados de pa\u00edses del mundo que comienzan con la letra <strong>A<\/strong>Estos comienzan con Abjasia y terminan con las Azores.<\/p>\n<h4><strong><em>14495<\/em><\/strong> Las monedas se enumeran en este cat\u00e1logo<\/h4>\n<p>El Volumen 1 incluye 34 pa\u00edses (tanto los existentes como los que ya no existen). Los pa\u00edses incluidos en el Volumen 1 son los siguientes:<\/p>\n<p><strong>Abjasia, Afganist\u00e1n, Ajman, Albania, Alderney, Argelia, Samoa Americana, Andorra, Angola, Anguila, Antigua y Barbuda, Araucan\u00eda y Patagonia, Argentina, Argentina Buenos Aires, Confederaci\u00f3n Argentina, Argentina C\u00f3rdoba, Argentina Entre R\u00edos, Argentina La Rioja, Argentina Mendoza, Argentina Provincias Unidas del R\u00edo de la Plata, Argentina Salta, Argentina Santiago del Estero, Argentina Tucum\u00e1n, Armenia, Artsaj (Nagorno-Karabaj), Aruba, Ascensi\u00f3n Isla, Australia, Austria, Pa\u00edses Bajos austr\u00edacos, Estados austr\u00edacos, Monarqu\u00eda austroh\u00fangara, Azerbaiy\u00e1n, Azores.<\/strong><\/p>\n<p><strong>Este cat\u00e1logo de monedas est\u00e1 completamente ilustrado en color con im\u00e1genes de alta calidad.<\/strong><\/p>\n<p>Estos cat\u00e1logos se entregan en formato PDF y son visibles en cualquier ordenador.<\/p>\n<p><strong>Entrega:\u00a0<\/strong>Este es un libro electr\u00f3nico en formato PDF que recibir\u00e1s por correo electr\u00f3nico en 24 horas o menos. Tambi\u00e9n tendr\u00e1s la opci\u00f3n de recibir el producto en DVD.<\/p>\n<p>Para m\u00e1s informaci\u00f3n puede descargar un cat\u00e1logo de Monedas. (ver la\u00a0<a href=\"https:\/\/coinscatalogs.com\/es\/pagina-de-demostracion\/\"><strong>Manifestaci\u00f3n<\/strong><\/a>\u00a0p\u00e1gina para un cat\u00e1logo de demostraci\u00f3n).<\/p>","protected":false},"excerpt":{"rendered":"<p>Cat\u00e1logo de Monedas del Mundo A\u00f1o 2025 Volumen 1 (Pa\u00edses A), 14495 monedas est\u00e1n listadas en esta base de datos.<\/p>","protected":false},"featured_media":974697,"template":"","meta":[],"product_brand":[],"product_cat":[17],"product_tag":[],"class_list":{"0":"post-974696","1":"product","2":"type-product","3":"status-publish","4":"has-post-thumbnail","6":"product_cat-coins-catalog","7":"sales-flash-overlay","8":"woocommerce-text-align-center","9":"woocommerce-image-align-center","10":"do-quantity-buttons","12":"first","13":"instock","14":"virtual","15":"purchasable","16":"product-type-simple"},"_links":{"self":[{"href":"https:\/\/coinscatalogs.com\/es\/wp-json\/wp\/v2\/product\/974696","targetHints":{"allow":["GET"]}}],"collection":[{"href":"https:\/\/coinscatalogs.com\/es\/wp-json\/wp\/v2\/product"}],"about":[{"href":"https:\/\/coinscatalogs.com\/es\/wp-json\/wp\/v2\/types\/product"}],"wp:featuredmedia":[{"embeddable":true,"href":"https:\/\/coinscatalogs.com\/es\/wp-json\/wp\/v2\/media\/974697"}],"wp:attachment":[{"href":"https:\/\/coinscatalogs.com\/es\/wp-json\/wp\/v2\/media?parent=974696"}],"wp:term":[{"taxonomy":"product_brand","embeddable":true,"href":"https:\/\/coinscatalogs.com\/es\/wp-json\/wp\/v2\/product_brand?post=974696"},{"taxonomy":"product_cat","embeddable":true,"href":"https:\/\/coinscatalogs.com\/es\/wp-json\/wp\/v2\/product_cat?post=974696"},{"taxonomy":"product_tag","embeddable":true,"href":"https:\/\/coinscatalogs.com\/es\/wp-json\/wp\/v2\/product_tag?post=974696"}],"curies":[{"name":"wp","href":"https:\/\/api.w.org\/{rel}","templated":true}]}}