{"id":974641,"date":"2024-08-27T10:28:05","date_gmt":"2024-08-27T14:28:05","guid":{"rendered":"https:\/\/coinscatalogs.com\/?post_type=product&#038;p=974641"},"modified":"2025-05-16T00:35:44","modified_gmt":"2025-05-16T04:35:44","slug":"base-de-datos-de-monedas-del-mundo-paises-uvwyz","status":"publish","type":"product","link":"https:\/\/coinscatalogs.com\/es\/base-de-datos-de-monedas-del-mundo-paises-uvwyz\/","title":{"rendered":"Base de datos de monedas del mundo 2025, volumen 13 (pa\u00edses UVWYZ)"},"content":{"rendered":"<p>El volumen 13 incluye listados de pa\u00edses del mundo que comienzan con la letra <strong>UVWYZ<\/strong>Estos comienzan con Uganda y terminan con Zimbabwe.<\/p>\n<h4><strong><em>14594<\/em><\/strong> Las monedas est\u00e1n listadas en esta base de datos<\/h4>\n<p>El Volumen 13 incluye 24 pa\u00edses (tanto los existentes como los que ya no existen). Los pa\u00edses incluidos en el Volumen 13 son los siguientes:<\/p>\n<p><strong><em>Uganda, Ucrania, Umm al-Qiwain, Emiratos \u00c1rabes Unidos, Reino Unido de Gran Breta\u00f1a e Irlanda del Norte, Estados Unidos de Am\u00e9rica, Uruguay, Uzbekist\u00e1n, Vanuatu, Ciudad del Vaticano, Estados Pontificios del Vaticano, Venezuela, Vietnam, Estados de \u00c1frica Occidental, Islas de Barlovento, Yemen, Rep\u00fablica Democr\u00e1tica Popular del Yemen, Rep\u00fablica del Yemen, Yemen Arabia Meridional, Yugoslavia, Zaire, Zambia, Zanz\u00edbar, Zimbabue. <\/em><\/strong><\/p>\n<p>Recibir\u00e1 el archivo de base de datos que incluye la imagen de las monedas en formato de hoja de c\u00e1lculo de Excel editable (.xlsx).<\/p>\n<p>Aunque Excel es la forma m\u00e1s sencilla de abrir un archivo .XLSX, otros programas de hojas de c\u00e1lculo como Apple Numbers, OpenOffice Calc, LibreOffice Calc y Google Sheets tambi\u00e9n pueden abrir el archivo .XLSX. Estos programas son compatibles con archivos de Excel y permiten verlos, editarlos y guardarlos sin necesidad de Microsoft Office.<\/p>\n<p>Entrega: Recibir\u00e1 el archivo de la hoja de c\u00e1lculo de Excel (.xlsx) por correo electr\u00f3nico con un enlace de descarga dentro de las 24 horas o menos de forma gratuita. Tambi\u00e9n tendr\u00e1 la opci\u00f3n de recibir el producto en DVD (por UPS, USPS).<\/p>","protected":false},"excerpt":{"rendered":"<p>Base de datos de hojas de c\u00e1lculo de Excel de monedas del mundo, a\u00f1o 2025, volumen 13 (pa\u00edses UVWYZ), se enumeran 14594 monedas en esta base de datos.<\/p>","protected":false},"featured_media":974642,"template":"","meta":[],"product_brand":[],"product_cat":[3115],"product_tag":[],"class_list":{"0":"post-974641","1":"product","2":"type-product","3":"status-publish","4":"has-post-thumbnail","6":"product_cat-world-coin-database","7":"sales-flash-overlay","8":"woocommerce-text-align-center","9":"woocommerce-image-align-center","10":"do-quantity-buttons","12":"first","13":"instock","14":"downloadable","15":"virtual","16":"purchasable","17":"product-type-simple"},"_links":{"self":[{"href":"https:\/\/coinscatalogs.com\/es\/wp-json\/wp\/v2\/product\/974641","targetHints":{"allow":["GET"]}}],"collection":[{"href":"https:\/\/coinscatalogs.com\/es\/wp-json\/wp\/v2\/product"}],"about":[{"href":"https:\/\/coinscatalogs.com\/es\/wp-json\/wp\/v2\/types\/product"}],"wp:featuredmedia":[{"embeddable":true,"href":"https:\/\/coinscatalogs.com\/es\/wp-json\/wp\/v2\/media\/974642"}],"wp:attachment":[{"href":"https:\/\/coinscatalogs.com\/es\/wp-json\/wp\/v2\/media?parent=974641"}],"wp:term":[{"taxonomy":"product_brand","embeddable":true,"href":"https:\/\/coinscatalogs.com\/es\/wp-json\/wp\/v2\/product_brand?post=974641"},{"taxonomy":"product_cat","embeddable":true,"href":"https:\/\/coinscatalogs.com\/es\/wp-json\/wp\/v2\/product_cat?post=974641"},{"taxonomy":"product_tag","embeddable":true,"href":"https:\/\/coinscatalogs.com\/es\/wp-json\/wp\/v2\/product_tag?post=974641"}],"curies":[{"name":"wp","href":"https:\/\/api.w.org\/{rel}","templated":true}]}}