{"id":974637,"date":"2024-08-27T08:32:08","date_gmt":"2024-08-27T12:32:08","guid":{"rendered":"https:\/\/coinscatalogs.com\/?post_type=product&#038;p=974637"},"modified":"2025-06-23T15:59:15","modified_gmt":"2025-06-23T15:59:15","slug":"base-de-datos-de-monedas-del-mundo-paises-2","status":"publish","type":"product","link":"https:\/\/coinscatalogs.com\/es\/base-de-datos-de-monedas-del-mundo-paises-2\/","title":{"rendered":"Base de datos de monedas del mundo 2025, volumen 11 (pa\u00edses S)"},"content":{"rendered":"<p>El volumen 11 incluye listados de pa\u00edses del mundo que comienzan con la letra <strong>S<\/strong>Estos comienzan con Sarre y terminan con Siria.<\/p>\n<h4><strong><em>15275<\/em><\/strong> Las monedas est\u00e1n listadas en esta base de datos<\/h4>\n<p>El Volumen 11 incluye 42 pa\u00edses (tanto los existentes como los que ya no existen). Los pa\u00edses incluidos en el Volumen 11 son los siguientes:<\/p>\n<p><strong><em>Saar, Rep\u00fablica \u00c1rabe Saharaui Democr\u00e1tica, San Bartolom\u00e9, San Eustaquio, Santa Elena, Santa Elena y Ascensi\u00f3n, San Crist\u00f3bal y Nieves, Santa Luc\u00eda, San Pedro y Miquel\u00f3n, San Vicente y las Granadinas, Samoa, San Marino, Santo Tom\u00e9 y Pr\u00edncipe, Sarawak, Arabia Saudita, Escocia, Eslovaquia, Eslovenia, Islas Salom\u00f3n, Somalia, Somalilandia, Sud\u00e1frica, Georgia del Sur y Sandwich del Sur, Osetia del Sur, Sud\u00e1n del Sur, Rhodesia del Sur, Espa\u00f1a, Pa\u00edses Bajos espa\u00f1oles, Sri Lanka, Establecimientos del Estrecho, Sud\u00e1n, Surinam, Svalbard, Suecia, Suiza, Siria. <\/em><\/strong><\/p>\n<p>Recibir\u00e1 el archivo de base de datos que incluye la imagen de las monedas en formato de hoja de c\u00e1lculo de Excel editable (.xlsx).<\/p>\n<p>Aunque Excel es la forma m\u00e1s sencilla de abrir un archivo .XLSX, otros programas de hojas de c\u00e1lculo como Apple Numbers, OpenOffice Calc, LibreOffice Calc y Google Sheets tambi\u00e9n pueden abrir el archivo .XLSX. Estos programas son compatibles con archivos de Excel y permiten verlos, editarlos y guardarlos sin necesidad de Microsoft Office.<\/p>\n<p>Entrega: Recibir\u00e1 el archivo de la hoja de c\u00e1lculo de Excel (.xlsx) por correo electr\u00f3nico con un enlace de descarga dentro de las 24 horas o menos de forma gratuita. Tambi\u00e9n tendr\u00e1 la opci\u00f3n de recibir el producto en DVD (por UPS, USPS).<\/p>","protected":false},"excerpt":{"rendered":"<p>Base de datos de hojas de c\u00e1lculo de Excel de monedas del mundo, a\u00f1o 2025, volumen 11 (pa\u00edses S), se enumeran 15275 monedas en esta base de datos.<\/p>","protected":false},"featured_media":974638,"template":"","meta":[],"product_brand":[],"product_cat":[3115],"product_tag":[],"class_list":{"0":"post-974637","1":"product","2":"type-product","3":"status-publish","4":"has-post-thumbnail","6":"product_cat-world-coin-database","7":"sales-flash-overlay","8":"woocommerce-text-align-center","9":"woocommerce-image-align-center","10":"do-quantity-buttons","12":"first","13":"instock","14":"virtual","15":"purchasable","16":"product-type-simple"},"_links":{"self":[{"href":"https:\/\/coinscatalogs.com\/es\/wp-json\/wp\/v2\/product\/974637","targetHints":{"allow":["GET"]}}],"collection":[{"href":"https:\/\/coinscatalogs.com\/es\/wp-json\/wp\/v2\/product"}],"about":[{"href":"https:\/\/coinscatalogs.com\/es\/wp-json\/wp\/v2\/types\/product"}],"wp:featuredmedia":[{"embeddable":true,"href":"https:\/\/coinscatalogs.com\/es\/wp-json\/wp\/v2\/media\/974638"}],"wp:attachment":[{"href":"https:\/\/coinscatalogs.com\/es\/wp-json\/wp\/v2\/media?parent=974637"}],"wp:term":[{"taxonomy":"product_brand","embeddable":true,"href":"https:\/\/coinscatalogs.com\/es\/wp-json\/wp\/v2\/product_brand?post=974637"},{"taxonomy":"product_cat","embeddable":true,"href":"https:\/\/coinscatalogs.com\/es\/wp-json\/wp\/v2\/product_cat?post=974637"},{"taxonomy":"product_tag","embeddable":true,"href":"https:\/\/coinscatalogs.com\/es\/wp-json\/wp\/v2\/product_tag?post=974637"}],"curies":[{"name":"wp","href":"https:\/\/api.w.org\/{rel}","templated":true}]}}