{"id":974635,"date":"2024-08-27T08:21:35","date_gmt":"2024-08-27T12:21:35","guid":{"rendered":"https:\/\/coinscatalogs.com\/?post_type=product&#038;p=974635"},"modified":"2025-07-12T04:11:16","modified_gmt":"2025-07-12T04:11:16","slug":"base-de-datos-de-monedas-del-mundo-paises-pqr","status":"publish","type":"product","link":"https:\/\/coinscatalogs.com\/es\/base-de-datos-de-monedas-del-mundo-paises-pqr\/","title":{"rendered":"Base de datos de monedas del mundo 2025, volumen 10 (Pa\u00edses PQR)"},"content":{"rendered":"<p>El volumen 10 incluye listados de pa\u00edses del mundo que comienzan con la letra <strong>PQR<\/strong>Estos comienzan con Pakist\u00e1n y terminan con Ruanda.<\/p>\n<h4><strong><em>11047<\/em><\/strong> Las monedas est\u00e1n listadas en esta base de datos<\/h4>\n<p>El Volumen 10 incluye 23 pa\u00edses (tanto los existentes como los que ya no existen). Los pa\u00edses incluidos en el Volumen 10 son los siguientes:<\/p>\n<p><strong><em>Pakist\u00e1n, Palaos, Palestina \u2013 Mandato Brit\u00e1nico, Panam\u00e1, Pap\u00faa Nueva Guinea, Paraguay, Per\u00fa, Filipinas, Islas Pitcairn, Polonia, Portugal, Guinea Portuguesa, Puerto Rico, Qatar, Rep\u00fablica de Ragusa, Ras al Khaimah, Reuni\u00f3n, Rodesia, Rodesia y Nyasalandia, Ruman\u00eda, Rusia, Ruanda, Ruanda y Burundi. <\/em><\/strong><\/p>\n<p>Recibir\u00e1 el archivo de base de datos que incluye la imagen de las monedas en formato de hoja de c\u00e1lculo de Excel editable (.xlsx).<\/p>\n<p>Aunque Excel es la forma m\u00e1s sencilla de abrir un archivo .XLSX, otros programas de hojas de c\u00e1lculo como Apple Numbers, OpenOffice Calc, LibreOffice Calc y Google Sheets tambi\u00e9n pueden abrir el archivo .XLSX. Estos programas son compatibles con archivos de Excel y permiten verlos, editarlos y guardarlos sin necesidad de Microsoft Office.<\/p>\n<p>Entrega: Recibir\u00e1 el archivo de la hoja de c\u00e1lculo de Excel (.xlsx) por correo electr\u00f3nico con un enlace de descarga dentro de las 24 horas o menos de forma gratuita. Tambi\u00e9n tendr\u00e1 la opci\u00f3n de recibir el producto en DVD (por UPS, USPS).<\/p>","protected":false},"excerpt":{"rendered":"<p>Base de datos de hojas de c\u00e1lculo de Excel de monedas del mundo, a\u00f1o 2025, volumen 10 (pa\u00edses PQR), se enumeran 11047 monedas en esta base de datos.<\/p>","protected":false},"featured_media":974636,"template":"","meta":[],"product_brand":[],"product_cat":[3115],"product_tag":[],"class_list":{"0":"post-974635","1":"product","2":"type-product","3":"status-publish","4":"has-post-thumbnail","6":"product_cat-world-coin-database","7":"sales-flash-overlay","8":"woocommerce-text-align-center","9":"woocommerce-image-align-center","10":"do-quantity-buttons","12":"first","13":"instock","14":"virtual","15":"purchasable","16":"product-type-simple"},"_links":{"self":[{"href":"https:\/\/coinscatalogs.com\/es\/wp-json\/wp\/v2\/product\/974635","targetHints":{"allow":["GET"]}}],"collection":[{"href":"https:\/\/coinscatalogs.com\/es\/wp-json\/wp\/v2\/product"}],"about":[{"href":"https:\/\/coinscatalogs.com\/es\/wp-json\/wp\/v2\/types\/product"}],"wp:featuredmedia":[{"embeddable":true,"href":"https:\/\/coinscatalogs.com\/es\/wp-json\/wp\/v2\/media\/974636"}],"wp:attachment":[{"href":"https:\/\/coinscatalogs.com\/es\/wp-json\/wp\/v2\/media?parent=974635"}],"wp:term":[{"taxonomy":"product_brand","embeddable":true,"href":"https:\/\/coinscatalogs.com\/es\/wp-json\/wp\/v2\/product_brand?post=974635"},{"taxonomy":"product_cat","embeddable":true,"href":"https:\/\/coinscatalogs.com\/es\/wp-json\/wp\/v2\/product_cat?post=974635"},{"taxonomy":"product_tag","embeddable":true,"href":"https:\/\/coinscatalogs.com\/es\/wp-json\/wp\/v2\/product_tag?post=974635"}],"curies":[{"name":"wp","href":"https:\/\/api.w.org\/{rel}","templated":true}]}}