{"id":974633,"date":"2024-08-27T08:14:12","date_gmt":"2024-08-27T12:14:12","guid":{"rendered":"https:\/\/coinscatalogs.com\/?post_type=product&#038;p=974633"},"modified":"2026-03-07T03:47:29","modified_gmt":"2026-03-07T03:47:29","slug":"base-de-datos-de-monedas-del-mundo-paises-no","status":"publish","type":"product","link":"https:\/\/coinscatalogs.com\/es\/base-de-datos-de-monedas-del-mundo-paises-no\/","title":{"rendered":"World Coins Database 2025 Volume 9 ( Countries N-O )"},"content":{"rendered":"<p>El volumen 9 incluye listados de pa\u00edses del mundo que comienzan con la letra <strong>NO<\/strong>Estos comienzan con Namibia y terminan con Om\u00e1n.<\/p>\n<h4><strong><em>12158<\/em><\/strong> Las monedas est\u00e1n listadas en esta base de datos<\/h4>\n<p>El Volumen 9 incluye 18 pa\u00edses (tanto los existentes como los que ya no existen). Los pa\u00edses incluidos en el Volumen 9 son los siguientes:<\/p>\n<p><strong><em>Namibia, Nauru, Nepal, Pa\u00edses Bajos, Antillas Neerlandesas, Indias Orientales Neerlandesas, Nueva Caledonia, Nueva Guinea, Nuevas H\u00e9bridas, Nueva Zelanda, Nicaragua, N\u00edger, Nigeria, Niue, Macedonia del Norte, Islas Marianas del Norte, Noruega, Om\u00e1n. <\/em><\/strong><\/p>\n<p>Recibir\u00e1 el archivo de base de datos que incluye la imagen de las monedas en formato de hoja de c\u00e1lculo de Excel editable (.xlsx).<\/p>\n<p>Aunque Excel es la forma m\u00e1s sencilla de abrir un archivo .XLSX, otros programas de hojas de c\u00e1lculo como Apple Numbers, OpenOffice Calc, LibreOffice Calc y Google Sheets tambi\u00e9n pueden abrir el archivo .XLSX. Estos programas son compatibles con archivos de Excel y permiten verlos, editarlos y guardarlos sin necesidad de Microsoft Office.<\/p>\n<p>Entrega: Recibir\u00e1 el archivo de la hoja de c\u00e1lculo de Excel (.xlsx) por correo electr\u00f3nico con un enlace de descarga dentro de las 24 horas o menos de forma gratuita. Tambi\u00e9n tendr\u00e1 la opci\u00f3n de recibir el producto en DVD (por UPS, USPS).<\/p>","protected":false},"excerpt":{"rendered":"<p>World Coins Excel Worksheet Database Year 2025 Volume 9 (Countries N-O), 12158 coins are listed in this database.<\/p>","protected":false},"featured_media":974634,"template":"","meta":[],"product_brand":[],"product_cat":[3115],"product_tag":[],"class_list":{"0":"post-974633","1":"product","2":"type-product","3":"status-publish","4":"has-post-thumbnail","6":"product_cat-world-coin-database","7":"sales-flash-overlay","8":"woocommerce-text-align-center","9":"woocommerce-image-align-center","10":"do-quantity-buttons","12":"first","13":"instock","14":"virtual","15":"purchasable","16":"product-type-simple"},"_links":{"self":[{"href":"https:\/\/coinscatalogs.com\/es\/wp-json\/wp\/v2\/product\/974633","targetHints":{"allow":["GET"]}}],"collection":[{"href":"https:\/\/coinscatalogs.com\/es\/wp-json\/wp\/v2\/product"}],"about":[{"href":"https:\/\/coinscatalogs.com\/es\/wp-json\/wp\/v2\/types\/product"}],"wp:featuredmedia":[{"embeddable":true,"href":"https:\/\/coinscatalogs.com\/es\/wp-json\/wp\/v2\/media\/974634"}],"wp:attachment":[{"href":"https:\/\/coinscatalogs.com\/es\/wp-json\/wp\/v2\/media?parent=974633"}],"wp:term":[{"taxonomy":"product_brand","embeddable":true,"href":"https:\/\/coinscatalogs.com\/es\/wp-json\/wp\/v2\/product_brand?post=974633"},{"taxonomy":"product_cat","embeddable":true,"href":"https:\/\/coinscatalogs.com\/es\/wp-json\/wp\/v2\/product_cat?post=974633"},{"taxonomy":"product_tag","embeddable":true,"href":"https:\/\/coinscatalogs.com\/es\/wp-json\/wp\/v2\/product_tag?post=974633"}],"curies":[{"name":"wp","href":"https:\/\/api.w.org\/{rel}","templated":true}]}}