{"id":974620,"date":"2024-06-10T00:23:22","date_gmt":"2024-06-10T04:23:22","guid":{"rendered":"https:\/\/coinscatalogs.com\/?post_type=product&#038;p=974620"},"modified":"2025-06-23T15:57:21","modified_gmt":"2025-06-23T15:57:21","slug":"paises-de-la-base-de-datos-de-monedas-del-mundo","status":"publish","type":"product","link":"https:\/\/coinscatalogs.com\/es\/paises-de-la-base-de-datos-de-monedas-del-mundo\/","title":{"rendered":"Base de datos de monedas del mundo 2025 Volumen 4 (Pa\u00edses DE)"},"content":{"rendered":"<p>El volumen 4 incluye listados de pa\u00edses del mundo que comienzan con letras <strong>Delaware<\/strong>Estos comienzan con Dahomey y terminan en Etiop\u00eda.<\/p>\n<h4><strong><em>4130<\/em><\/strong> Las monedas est\u00e1n listadas en esta base de datos<\/h4>\n<p>El Volumen 4 incluye 21 pa\u00edses (tanto los existentes como los que ya no existen). Los pa\u00edses incluidos en el Volumen 4 son los siguientes:<\/p>\n<p><strong><em>Dahomey, Indias Occidentales Danesas, Colonia De Demerara-Essequibo, Dinamarca, Dinamarca Gluckstadt, Dinamarca Holstein-Gottorp-Rendsborg, Djibouti, Dominica, Rep\u00fablica Dominicana, Estados del Caribe Oriental, Timor Oriental, Ecuador, Egipto, Egipto \u2013 Antiguo, El Salvador, Estados de \u00c1frica Ecuatorial, Guinea Ecuatorial, Eritrea, Estonia, Eswatini (Swazilandia), Etiop\u00eda. <\/em><\/strong><\/p>\n<p>Recibir\u00e1 el archivo de base de datos que incluye la imagen de las monedas en formato de hoja de c\u00e1lculo de Excel editable (.xlsx).<\/p>\n<p>Aunque Excel es la forma m\u00e1s sencilla de abrir un archivo .XLSX, otros programas de hojas de c\u00e1lculo como Apple Numbers, OpenOffice Calc, LibreOffice Calc y Google Sheets tambi\u00e9n pueden abrir el archivo .XLSX. Estos programas son compatibles con archivos de Excel y permiten verlos, editarlos y guardarlos sin necesidad de Microsoft Office.<\/p>\n<p>Entrega: Recibir\u00e1 el archivo de la hoja de c\u00e1lculo de Excel (.xlsx) por correo electr\u00f3nico con un enlace de descarga dentro de las 24 horas o menos de forma gratuita. Tambi\u00e9n tendr\u00e1 la opci\u00f3n de recibir el producto en DVD (por UPS, USPS).<\/p>","protected":false},"excerpt":{"rendered":"<p>Base de datos de hojas de c\u00e1lculo de Excel de monedas del mundo, a\u00f1o 2025, volumen 4 (pa\u00edses DE), se enumeran 4130 monedas en esta base de datos.<\/p>","protected":false},"featured_media":974621,"template":"","meta":[],"product_brand":[],"product_cat":[3115],"product_tag":[],"class_list":{"0":"post-974620","1":"product","2":"type-product","3":"status-publish","4":"has-post-thumbnail","6":"product_cat-world-coin-database","7":"sales-flash-overlay","8":"woocommerce-text-align-center","9":"woocommerce-image-align-center","10":"do-quantity-buttons","12":"first","13":"instock","14":"virtual","15":"purchasable","16":"product-type-simple"},"_links":{"self":[{"href":"https:\/\/coinscatalogs.com\/es\/wp-json\/wp\/v2\/product\/974620","targetHints":{"allow":["GET"]}}],"collection":[{"href":"https:\/\/coinscatalogs.com\/es\/wp-json\/wp\/v2\/product"}],"about":[{"href":"https:\/\/coinscatalogs.com\/es\/wp-json\/wp\/v2\/types\/product"}],"wp:featuredmedia":[{"embeddable":true,"href":"https:\/\/coinscatalogs.com\/es\/wp-json\/wp\/v2\/media\/974621"}],"wp:attachment":[{"href":"https:\/\/coinscatalogs.com\/es\/wp-json\/wp\/v2\/media?parent=974620"}],"wp:term":[{"taxonomy":"product_brand","embeddable":true,"href":"https:\/\/coinscatalogs.com\/es\/wp-json\/wp\/v2\/product_brand?post=974620"},{"taxonomy":"product_cat","embeddable":true,"href":"https:\/\/coinscatalogs.com\/es\/wp-json\/wp\/v2\/product_cat?post=974620"},{"taxonomy":"product_tag","embeddable":true,"href":"https:\/\/coinscatalogs.com\/es\/wp-json\/wp\/v2\/product_tag?post=974620"}],"curies":[{"name":"wp","href":"https:\/\/api.w.org\/{rel}","templated":true}]}}