{"id":974618,"date":"2024-06-08T03:33:01","date_gmt":"2024-06-08T07:33:01","guid":{"rendered":"https:\/\/coinscatalogs.com\/?post_type=product&#038;p=974618"},"modified":"2025-07-03T07:49:22","modified_gmt":"2025-07-03T07:49:22","slug":"paises-de-la-base-de-datos-de-monedas-del-mundo-c","status":"publish","type":"product","link":"https:\/\/coinscatalogs.com\/es\/paises-de-la-base-de-datos-de-monedas-del-mundo-c\/","title":{"rendered":"Base de datos de monedas del mundo 2025 Volumen 3 (Pa\u00edses C)"},"content":{"rendered":"<p>El volumen 3 incluye listados de pa\u00edses del mundo que comienzan con la letra <strong>do<\/strong>. Estos comienzan con Cabo Verde y terminan con Checoslovaquia.<\/p>\n<h4><strong><em>20144<\/em><\/strong> Las monedas est\u00e1n listadas en esta base de datos<\/h4>\n<p>El Volumen 3 incluye 38 pa\u00edses (tanto los existentes como los que ya no existen). Los pa\u00edses incluidos en el Volumen 3 son los siguientes:<\/p>\n<p><em>Cabo Verde, Camboya, Camer\u00fan, Canad\u00e1, Cabo de Buena Esperanza, Imperio Carolingio, Cartago, Islas Caim\u00e1n, Rep\u00fablica Centroafricana, Estados de \u00c1frica Central, Ceil\u00e1n, Chad, Chile, China - Estados t\u00edteres japoneses, Imperios din\u00e1sticos de China, Rep\u00fablica Popular China, Rep\u00fablica China de, Rep\u00fablica Sovi\u00e9tica de China, Islas Cocos (Keeling), Colombia, Colombia, Santander, Comoras, Estados Confederados de Am\u00e9rica, Rep\u00fablica Democr\u00e1tica del Congo (Kinshasa), Estado Libre del Congo, Rep\u00fablica del Congo (Brazzaville), Islas Cook, Costa Rica, Ducado de Curlandia y Semigalia, Creta, Kanato de Crimea, Croacia, Estados cruzados, Cuba, Curazao, Chipre, Rep\u00fablica Checa, Checoslovaquia.<\/em><\/p>\n<p>Recibir\u00e1 el archivo de base de datos que incluye la imagen de las monedas en formato de hoja de c\u00e1lculo de Excel editable (.xlsx).<\/p>\n<p>Aunque Excel es la forma m\u00e1s sencilla de abrir un archivo .XLSX, otros programas de hojas de c\u00e1lculo como Apple Numbers, OpenOffice Calc, LibreOffice Calc y Google Sheets tambi\u00e9n pueden abrir el archivo .XLSX. Estos programas son compatibles con archivos de Excel y permiten verlos, editarlos y guardarlos sin necesidad de Microsoft Office.<\/p>\n<p>Entrega: Recibir\u00e1 el archivo de la hoja de c\u00e1lculo de Excel (.xlsx) por correo electr\u00f3nico con un enlace de descarga dentro de las 24 horas o menos de forma gratuita. Tambi\u00e9n tendr\u00e1 la opci\u00f3n de recibir el producto en DVD (por UPS, USPS).<\/p>","protected":false},"excerpt":{"rendered":"<p>Base de datos de hojas de c\u00e1lculo de Excel de monedas del mundo, a\u00f1o 2025, volumen 3 (pa\u00edses C), 20144 monedas se enumeran en esta base de datos.<\/p>","protected":false},"featured_media":974619,"template":"","meta":[],"product_brand":[],"product_cat":[3115],"product_tag":[],"class_list":{"0":"post-974618","1":"product","2":"type-product","3":"status-publish","4":"has-post-thumbnail","6":"product_cat-world-coin-database","7":"sales-flash-overlay","8":"woocommerce-text-align-center","9":"woocommerce-image-align-center","10":"do-quantity-buttons","12":"first","13":"instock","14":"downloadable","15":"virtual","16":"purchasable","17":"product-type-simple"},"_links":{"self":[{"href":"https:\/\/coinscatalogs.com\/es\/wp-json\/wp\/v2\/product\/974618","targetHints":{"allow":["GET"]}}],"collection":[{"href":"https:\/\/coinscatalogs.com\/es\/wp-json\/wp\/v2\/product"}],"about":[{"href":"https:\/\/coinscatalogs.com\/es\/wp-json\/wp\/v2\/types\/product"}],"wp:featuredmedia":[{"embeddable":true,"href":"https:\/\/coinscatalogs.com\/es\/wp-json\/wp\/v2\/media\/974619"}],"wp:attachment":[{"href":"https:\/\/coinscatalogs.com\/es\/wp-json\/wp\/v2\/media?parent=974618"}],"wp:term":[{"taxonomy":"product_brand","embeddable":true,"href":"https:\/\/coinscatalogs.com\/es\/wp-json\/wp\/v2\/product_brand?post=974618"},{"taxonomy":"product_cat","embeddable":true,"href":"https:\/\/coinscatalogs.com\/es\/wp-json\/wp\/v2\/product_cat?post=974618"},{"taxonomy":"product_tag","embeddable":true,"href":"https:\/\/coinscatalogs.com\/es\/wp-json\/wp\/v2\/product_tag?post=974618"}],"curies":[{"name":"wp","href":"https:\/\/api.w.org\/{rel}","templated":true}]}}