{"id":974616,"date":"2024-06-08T02:50:32","date_gmt":"2024-06-08T06:50:32","guid":{"rendered":"https:\/\/coinscatalogs.com\/?post_type=product&#038;p=974616"},"modified":"2025-10-14T13:41:27","modified_gmt":"2025-10-14T13:41:27","slug":"paises-de-la-base-de-datos-de-monedas-del-mundo-b","status":"publish","type":"product","link":"https:\/\/coinscatalogs.com\/es\/paises-de-la-base-de-datos-de-monedas-del-mundo-b\/","title":{"rendered":"Base de datos de monedas del mundo 2025, volumen 2 (pa\u00edses B)"},"content":{"rendered":"<p>El volumen 2 incluye listados de pa\u00edses del mundo que comienzan con la letra <strong>B<\/strong>Estos comienzan con Bahamas y terminan con el Imperio Bizantino.<\/p>\n<h4><strong><em>9390<\/em><\/strong> Las monedas est\u00e1n listadas en esta base de datos<\/h4>\n<p>El Volumen 2 incluye 34 pa\u00edses (tanto los existentes como los que ya no existen). Los pa\u00edses incluidos en el Volumen 2 son los siguientes:<\/p>\n<p><em>Bahamas, Bar\u00e9in, Bangladesh, Barbados, Bielorrusia, Congo Belga, Congo Belga, Ruanda-Urundi, B\u00e9lgica, Belice, Ben\u00edn, Bermudas, But\u00e1n, Biafra, Bohemia, Bohemia y Moravia, Bolivia, Bosnia y Herzegovina, Botsuana, Brasil, Territorio Ant\u00e1rtico Brit\u00e1nico (BAT), \u00c1frica Oriental Brit\u00e1nica (Kenia, Uganda y Tanganyika), Guayana Brit\u00e1nica, Honduras Brit\u00e1nica, Territorio Brit\u00e1nico del Oc\u00e9ano \u00cdndico, Borneo del Norte Brit\u00e1nico, Islas V\u00edrgenes Brit\u00e1nicas, \u00c1frica Occidental Brit\u00e1nica, Indias Occidentales Brit\u00e1nicas, Brun\u00e9i Darussalam, Bulgaria, Burkina Faso, Birmania, Burundi, Imperio Bizantino.<\/em><\/p>\n<p>Recibir\u00e1 el archivo de base de datos que incluye la imagen de las monedas en formato de hoja de c\u00e1lculo de Excel editable (.xlsx).<\/p>\n<p>Aunque Excel es la forma m\u00e1s sencilla de abrir un archivo .XLSX, otros programas de hojas de c\u00e1lculo como Apple Numbers, OpenOffice Calc, LibreOffice Calc y Google Sheets tambi\u00e9n pueden abrir el archivo .XLSX. Estos programas son compatibles con archivos de Excel y permiten verlos, editarlos y guardarlos sin necesidad de Microsoft Office.<\/p>\n<p>Entrega: Recibir\u00e1 el archivo de la hoja de c\u00e1lculo de Excel (.xlsx) por correo electr\u00f3nico con un enlace de descarga dentro de las 24 horas o menos de forma gratuita. Tambi\u00e9n tendr\u00e1 la opci\u00f3n de recibir el producto en DVD (por UPS, USPS).<\/p>","protected":false},"excerpt":{"rendered":"<p>World Coins Excel Worksheet Database Year 2025 Volume 2 (Countries B), 9390 coins are listed in this database.<\/p>","protected":false},"featured_media":974617,"template":"","meta":[],"product_brand":[],"product_cat":[3115],"product_tag":[],"class_list":{"0":"post-974616","1":"product","2":"type-product","3":"status-publish","4":"has-post-thumbnail","6":"product_cat-world-coin-database","7":"sales-flash-overlay","8":"woocommerce-text-align-center","9":"woocommerce-image-align-center","10":"do-quantity-buttons","12":"first","13":"instock","14":"virtual","15":"purchasable","16":"product-type-simple"},"_links":{"self":[{"href":"https:\/\/coinscatalogs.com\/es\/wp-json\/wp\/v2\/product\/974616","targetHints":{"allow":["GET"]}}],"collection":[{"href":"https:\/\/coinscatalogs.com\/es\/wp-json\/wp\/v2\/product"}],"about":[{"href":"https:\/\/coinscatalogs.com\/es\/wp-json\/wp\/v2\/types\/product"}],"wp:featuredmedia":[{"embeddable":true,"href":"https:\/\/coinscatalogs.com\/es\/wp-json\/wp\/v2\/media\/974617"}],"wp:attachment":[{"href":"https:\/\/coinscatalogs.com\/es\/wp-json\/wp\/v2\/media?parent=974616"}],"wp:term":[{"taxonomy":"product_brand","embeddable":true,"href":"https:\/\/coinscatalogs.com\/es\/wp-json\/wp\/v2\/product_brand?post=974616"},{"taxonomy":"product_cat","embeddable":true,"href":"https:\/\/coinscatalogs.com\/es\/wp-json\/wp\/v2\/product_cat?post=974616"},{"taxonomy":"product_tag","embeddable":true,"href":"https:\/\/coinscatalogs.com\/es\/wp-json\/wp\/v2\/product_tag?post=974616"}],"curies":[{"name":"wp","href":"https:\/\/api.w.org\/{rel}","templated":true}]}}