{"id":725,"date":"2021-01-22T01:07:35","date_gmt":"2021-01-22T06:07:35","guid":{"rendered":"https:\/\/coinscatalogs.com\/p\/united-kingdom-of-great-britain-northern-ireland-coins-catalog-75-bc-to-2020\/"},"modified":"2026-02-11T17:34:04","modified_gmt":"2026-02-11T17:34:04","slug":"catalogo-de-monedas-del-reino-unido-de-gran-bretana-e-irlanda-del-norte-75-a-c-a-2020","status":"publish","type":"product","link":"https:\/\/coinscatalogs.com\/es\/catalogo-de-monedas-del-reino-unido\/","title":{"rendered":"Cat\u00e1logo de monedas del Reino Unido de Gran Breta\u00f1a e Irlanda del Norte 2025"},"content":{"rendered":"<h2>Cat\u00e1logo de monedas del Reino Unido de Gran Breta\u00f1a e Irlanda del Norte 2025<\/h2>\n<p>Cat\u00e1logo ilustrado a todo color de monedas del Reino Unido de Gran Breta\u00f1a e Irlanda del Norte<\/p>\n<h4><strong><em>700 Pages<\/em><\/strong><\/h4>\n<h3>5547 Coins listed<\/h3>\n<p><strong>Este cat\u00e1logo de monedas est\u00e1 completamente ilustrado en color con im\u00e1genes de alta calidad.<\/strong><\/p>\n<p>Estos cat\u00e1logos se entregan en formato PDF y son visibles en cualquier ordenador.<\/p>\n<p><strong>Entrega:\u00a0<\/strong>Este es un libro electr\u00f3nico en formato PDF que recibir\u00e1s por correo electr\u00f3nico en 24 horas o menos. Tambi\u00e9n tendr\u00e1s la opci\u00f3n de recibir el producto en DVD.<\/p>\n<p>Para m\u00e1s informaci\u00f3n puede descargar un cat\u00e1logo de Monedas. (ver la\u00a0<a href=\"https:\/\/coinscatalogs.com\/es\/pagina-de-demostracion\/\"><strong>Manifestaci\u00f3n<\/strong><\/a>\u00a0p\u00e1gina para un cat\u00e1logo de demostraci\u00f3n).<\/p>","protected":false},"excerpt":{"rendered":"<p>Printable Full Color Illustrated United Kingdom of Great Britain &amp; Northern Ireland Coins catalog 2025 ( 700 pages ) 5547 Coins listed<\/p>","protected":false},"featured_media":724,"template":"","meta":[],"product_brand":[],"product_cat":[17],"product_tag":[],"class_list":{"0":"post-725","1":"product","2":"type-product","3":"status-publish","4":"has-post-thumbnail","6":"product_cat-coins-catalog","7":"sales-flash-overlay","8":"woocommerce-text-align-center","9":"woocommerce-image-align-center","10":"do-quantity-buttons","12":"first","13":"instock","14":"sale","15":"downloadable","16":"virtual","17":"purchasable","18":"product-type-simple"},"_links":{"self":[{"href":"https:\/\/coinscatalogs.com\/es\/wp-json\/wp\/v2\/product\/725","targetHints":{"allow":["GET"]}}],"collection":[{"href":"https:\/\/coinscatalogs.com\/es\/wp-json\/wp\/v2\/product"}],"about":[{"href":"https:\/\/coinscatalogs.com\/es\/wp-json\/wp\/v2\/types\/product"}],"wp:featuredmedia":[{"embeddable":true,"href":"https:\/\/coinscatalogs.com\/es\/wp-json\/wp\/v2\/media\/724"}],"wp:attachment":[{"href":"https:\/\/coinscatalogs.com\/es\/wp-json\/wp\/v2\/media?parent=725"}],"wp:term":[{"taxonomy":"product_brand","embeddable":true,"href":"https:\/\/coinscatalogs.com\/es\/wp-json\/wp\/v2\/product_brand?post=725"},{"taxonomy":"product_cat","embeddable":true,"href":"https:\/\/coinscatalogs.com\/es\/wp-json\/wp\/v2\/product_cat?post=725"},{"taxonomy":"product_tag","embeddable":true,"href":"https:\/\/coinscatalogs.com\/es\/wp-json\/wp\/v2\/product_tag?post=725"}],"curies":[{"name":"wp","href":"https:\/\/api.w.org\/{rel}","templated":true}]}}