{"id":646,"date":"2021-01-22T06:07:19","date_gmt":"2021-01-22T11:07:19","guid":{"rendered":"https:\/\/coinscatalogs.com\/p\/austria-coins-catalog-1923-to-2020\/"},"modified":"2025-06-23T15:50:23","modified_gmt":"2025-06-23T15:50:23","slug":"catalogo-de-monedas-de-austria-de-1923-a-2020","status":"publish","type":"product","link":"https:\/\/coinscatalogs.com\/es\/catalogo-de-monedas-de-austria\/","title":{"rendered":"Cat\u00e1logo de monedas de Austria 2025"},"content":{"rendered":"<h2>Cat\u00e1logo de monedas de Austria 2025<\/h2>\n<p><strong>Cat\u00e1logo de monedas austriacas ilustrado a todo color<\/strong><\/p>\n<h4><em>789 monedas enumeradas, 95 p\u00e1ginas<\/em><\/h4>\n<p><strong>Este cat\u00e1logo de monedas est\u00e1 completamente ilustrado en color con im\u00e1genes de alta calidad.<\/strong><\/p>\n<p>Estos cat\u00e1logos se entregan en formato PDF y son visibles en cualquier ordenador.<\/p>\n<p><strong>Entrega:\u00a0<\/strong>Este es un libro electr\u00f3nico en formato PDF que recibir\u00e1s por correo electr\u00f3nico en 24 horas o menos. Tambi\u00e9n tendr\u00e1s la opci\u00f3n de recibir el producto en DVD.<\/p>\n<p>Para m\u00e1s informaci\u00f3n puede descargar un cat\u00e1logo de Monedas. (ver la\u00a0<a href=\"https:\/\/coinscatalogs.com\/es\/pagina-de-demostracion\/\"><strong>Manifestaci\u00f3n<\/strong><\/a>\u00a0p\u00e1gina para un cat\u00e1logo de demostraci\u00f3n).<\/p>","protected":false},"excerpt":{"rendered":"<p>Cat\u00e1logo de monedas de Austria 2025, ilustrado a todo color e imprimible (95 p\u00e1ginas), 789 monedas listadas<\/p>","protected":false},"featured_media":645,"template":"","meta":[],"product_brand":[],"product_cat":[17],"product_tag":[],"class_list":{"0":"post-646","1":"product","2":"type-product","3":"status-publish","4":"has-post-thumbnail","6":"product_cat-coins-catalog","7":"sales-flash-overlay","8":"woocommerce-text-align-center","9":"woocommerce-image-align-center","10":"do-quantity-buttons","12":"first","13":"instock","14":"virtual","15":"purchasable","16":"product-type-simple"},"_links":{"self":[{"href":"https:\/\/coinscatalogs.com\/es\/wp-json\/wp\/v2\/product\/646","targetHints":{"allow":["GET"]}}],"collection":[{"href":"https:\/\/coinscatalogs.com\/es\/wp-json\/wp\/v2\/product"}],"about":[{"href":"https:\/\/coinscatalogs.com\/es\/wp-json\/wp\/v2\/types\/product"}],"wp:featuredmedia":[{"embeddable":true,"href":"https:\/\/coinscatalogs.com\/es\/wp-json\/wp\/v2\/media\/645"}],"wp:attachment":[{"href":"https:\/\/coinscatalogs.com\/es\/wp-json\/wp\/v2\/media?parent=646"}],"wp:term":[{"taxonomy":"product_brand","embeddable":true,"href":"https:\/\/coinscatalogs.com\/es\/wp-json\/wp\/v2\/product_brand?post=646"},{"taxonomy":"product_cat","embeddable":true,"href":"https:\/\/coinscatalogs.com\/es\/wp-json\/wp\/v2\/product_cat?post=646"},{"taxonomy":"product_tag","embeddable":true,"href":"https:\/\/coinscatalogs.com\/es\/wp-json\/wp\/v2\/product_tag?post=646"}],"curies":[{"name":"wp","href":"https:\/\/api.w.org\/{rel}","templated":true}]}}