{"id":642,"date":"2021-01-22T06:07:19","date_gmt":"2021-01-22T06:07:19","guid":{"rendered":"https:\/\/coinscatalogs.com\/p\/vatican-city-coins-catalog-929-to-2020\/"},"modified":"2025-06-23T15:50:19","modified_gmt":"2025-06-23T15:50:19","slug":"catalogo-de-monedas-de-la-ciudad-del-vaticano-929-2020","status":"publish","type":"product","link":"https:\/\/coinscatalogs.com\/es\/catalogo-de-monedas-de-la-ciudad-del-vaticano\/","title":{"rendered":"Cat\u00e1logo de Monedas de la Ciudad del Vaticano 2024"},"content":{"rendered":"<h2>Cat\u00e1logo de Monedas de la Ciudad del Vaticano 2024<\/h2>\n<p>Cat\u00e1logo de monedas de la Ciudad del Vaticano ilustrado a todo color<\/p>\n<h3><em>768 monedas enumeradas, 92 p\u00e1ginas<\/em><\/h3>\n<p><strong><em><p><strong>Este cat\u00e1logo de monedas est\u00e1 completamente ilustrado en color con im\u00e1genes de alta calidad.<\/strong><\/p>\n<p>Estos cat\u00e1logos se entregan en formato PDF y son visibles en cualquier ordenador.<\/p>\n<p><strong>Entrega:\u00a0<\/strong>Este es un libro electr\u00f3nico en formato PDF que recibir\u00e1s por correo electr\u00f3nico en 24 horas o menos. Tambi\u00e9n tendr\u00e1s la opci\u00f3n de recibir el producto en DVD.<\/p>\n<p>Para m\u00e1s informaci\u00f3n puede descargar un cat\u00e1logo de Monedas. (ver la\u00a0<a href=\"https:\/\/coinscatalogs.com\/es\/pagina-de-demostracion\/\"><strong>Manifestaci\u00f3n<\/strong><\/a>\u00a0p\u00e1gina para un cat\u00e1logo de demostraci\u00f3n).<\/p><\/em><\/strong><\/p>","protected":false},"excerpt":{"rendered":"<p>Cat\u00e1logo de monedas de la Ciudad del Vaticano, ilustrado a todo color e imprimible, 2024 (92 p\u00e1ginas), 768 monedas listadas<\/p>","protected":false},"featured_media":641,"template":"","meta":[],"product_brand":[],"product_cat":[17],"product_tag":[],"class_list":{"0":"post-642","1":"product","2":"type-product","3":"status-publish","4":"has-post-thumbnail","6":"product_cat-coins-catalog","7":"sales-flash-overlay","8":"woocommerce-text-align-center","9":"woocommerce-image-align-center","10":"do-quantity-buttons","12":"first","13":"instock","14":"sale","15":"virtual","16":"purchasable","17":"product-type-simple"},"_links":{"self":[{"href":"https:\/\/coinscatalogs.com\/es\/wp-json\/wp\/v2\/product\/642","targetHints":{"allow":["GET"]}}],"collection":[{"href":"https:\/\/coinscatalogs.com\/es\/wp-json\/wp\/v2\/product"}],"about":[{"href":"https:\/\/coinscatalogs.com\/es\/wp-json\/wp\/v2\/types\/product"}],"wp:featuredmedia":[{"embeddable":true,"href":"https:\/\/coinscatalogs.com\/es\/wp-json\/wp\/v2\/media\/641"}],"wp:attachment":[{"href":"https:\/\/coinscatalogs.com\/es\/wp-json\/wp\/v2\/media?parent=642"}],"wp:term":[{"taxonomy":"product_brand","embeddable":true,"href":"https:\/\/coinscatalogs.com\/es\/wp-json\/wp\/v2\/product_brand?post=642"},{"taxonomy":"product_cat","embeddable":true,"href":"https:\/\/coinscatalogs.com\/es\/wp-json\/wp\/v2\/product_cat?post=642"},{"taxonomy":"product_tag","embeddable":true,"href":"https:\/\/coinscatalogs.com\/es\/wp-json\/wp\/v2\/product_tag?post=642"}],"curies":[{"name":"wp","href":"https:\/\/api.w.org\/{rel}","templated":true}]}}