{"id":389617,"date":"2022-06-04T22:24:08","date_gmt":"2022-06-05T02:24:08","guid":{"rendered":"https:\/\/coinscatalogs.com\/?post_type=product&#038;p=389617"},"modified":"2025-05-18T13:37:47","modified_gmt":"2025-05-18T17:37:47","slug":"catalogo-de-monedas-del-mundo","status":"publish","type":"product","link":"https:\/\/coinscatalogs.com\/es\/catalogo-de-monedas-del-mundo\/","title":{"rendered":"Cat\u00e1logo de Monedas del Mundo 2023 (GRATIS)"},"content":{"rendered":"<h1>Cat\u00e1logo de Monedas del Mundo Gratis<\/h1>\n<h2>Cat\u00e1logo de monedas del mundo <em><strong>2023\u00a0<\/strong><\/em><\/h2>\n<h3>Cat\u00e1logo ilustrado a todo color de monedas del mundo<\/h3>\n<h4><em><strong><span style=\"color: #0000ff;\">21260<\/span> P\u00e1ginas, <\/strong><\/em><span style=\"color: #0000ff;\"><strong>172,739 <\/strong><\/span><strong>Monedas listadas<\/strong><\/h4>\n<h4>Incluye monedas del mundo de <strong>700 a. C.<\/strong> a <strong>2023<\/strong><\/h4>\n<h5><em><span style=\"color: #d62d20;\"><strong>Entrega instant\u00e1nea de correo electr\u00f3nico<\/strong><\/span><\/em><\/h5>\n<p>&nbsp;<\/p>\n<h5 style=\"text-align: center;\"><strong>Lista de pa\u00edses<\/strong>: Abjasia, Afganist\u00e1n, Ajm\u00e1n, Albania, Alderney, Argelia, Samoa Americana, Andorra, Angola, Anguila, Antigua y Barbuda, Araucan\u00eda y Patagonia, Argentina, Argentina, Confederaci\u00f3n, Armenia, Artsaj, Aruba, Isla Ascensi\u00f3n, Australia, Austria, Pa\u00edses Bajos Austriacos, Estados Austriacos, Monarqu\u00eda Austroh\u00fangara, Azerbaiy\u00e1n, Azores, Bahamas, Bar\u00e9in, Bangladesh, Barbados, Bielorrusia, Congo Belga, Ruanda-Urundi, B\u00e9lgica, Belice, Ben\u00edn, Bermudas, But\u00e1n, Biafra, Bohemia y Moravia, Bohemia, Bolivia, Bosnia y Herzegovina, Botsuana, Brasil, Territorio Ant\u00e1rtico Brit\u00e1nico, \u00c1frica Oriental Brit\u00e1nica, Guayana Brit\u00e1nica, Honduras Brit\u00e1nica, Territorio Brit\u00e1nico del Oc\u00e9ano \u00cdndico, Borneo del Norte Brit\u00e1nico, Islas V\u00edrgenes Brit\u00e1nicas, \u00c1frica Occidental Brit\u00e1nica, Indias Occidentales Brit\u00e1nicas, Brun\u00e9i Darussalam, Bulgaria, Burkina Faso, Burundi, Imperio Bizantino, Cabo Verde, Camboya, Camer\u00fan, Canad\u00e1, Cabo de Buena Esperanza, Carolingio Imperio, Cartago, Islas Caim\u00e1n, Rep\u00fablica Centroafricana, Estados de \u00c1frica Central, Ceil\u00e1n, Chad, Chile, China - Estados T\u00edteres Japoneses, China, Imperios Din\u00e1sticos, China, Rep\u00fablica Popular, China, Rep\u00fablica de, China, Rep\u00fablica Sovi\u00e9tica, Islas Cocos, Colombia, Colombia, Santander, Comoras, Estados Confederados de Am\u00e9rica, Congo, Rep\u00fablica Democr\u00e1tica, Congo, Estado Libre, Congo, Rep\u00fablica, Islas Cook, Costa Rica, Curlandia y Semigalia, Ducado de, Creta, Kanato de Crimea, Croacia, Estados Cruzados, Cuba, Curazao, Chipre, Rep\u00fablica Checa, Checoslovaquia, Dahomey, Indias Occidentales Danesas, Dinamarca Gluckstadt, Dinamarca Holstein-Gottorp-Rendsborg, Dinamarca, Yibuti, Dominica, Rep\u00fablica Dominicana, Estados del Caribe Oriental, Timor Oriental, Ecuador, Egipto - Antiguo, Egipto, El Salvador, Estados de \u00c1frica Ecuatorial, Guinea Ecuatorial, Eritrea, Estonia, Etiop\u00eda, Islas Malvinas, Asuntos Fant\u00e1sticos, Islas Feroe, Estados Federales Malayos, Rep\u00fablica Federal de Am\u00e9rica Central, Fiyi, Finlandia, Francia, Afars e Issas franceses, Antillas francesas, Cochinchina francesa, Colonias francesas, \u00c1frica Ecuatorial Francesa, Guayana Francesa, Indochina francesa, Ocean\u00eda francesa, Polinesia francesa, Somalilandia francesa, Tierras australes y ant\u00e1rticas francesas, \u00c1frica occidental francesa, Fujairah, Gab\u00f3n, Gambia, Georgia, \u00c1frica Oriental Alemana, Nueva Guinea Alemana, Estados alemanes, Alemania, Rep\u00fablica Democr\u00e1tica, Alemania, Imperio, Alemania, Rep\u00fablica Federal, Alemania, Tercer Reich, Alemania, Rep\u00fablica de Weimar, Ghana, Gibraltar, Costa de Oro, Horda de Oro, Isla Gough, Grecia \u2013 Antigua, Grecia, Groenlandia, Granada, Guadalupe, Guatemala, Guernsey, Guinea, Guinea-Bissau, Guyana, Hait\u00ed, Haw\u00e1i, Honduras, Hong Kong, Hungr\u00eda, Islandia, Islas de Francia y Bonapart, India, Brit\u00e1nica, India, Danesa, India, Neerlandesa, India, Estados feudales, India, Francesa, India, Portuguesa, India, Rep\u00fablica, Reino indoheftalita, Indonesia, Islas J\u00f3nicas \u2013 Administraci\u00f3n brit\u00e1nica, Ir\u00e1n, Irak, Irlanda, Irlanda-Hibernia, Isla de Borb\u00f3n, Isla de Man, Israel, Estados Pontificios Italianos, Somalilandia Italiana, Estados Italianos, Italia, Costa de Marfil, Jamaica, Jap\u00f3n, Jersey, Jordania, Judea, Reino, Katanga, Kazajst\u00e1n, Kenia, Rep\u00fablica Popular Sovi\u00e9tica de Khorezm, Kiao Chau, Reino de Jerusal\u00e9n, Kiribati, Corea, Corea del Norte, Corea del Sur, Kuwait, Kirguist\u00e1n, Laos, Letonia, L\u00edbano, Lesoto, Liberia, Libia, Liechtenstein, Lieja, Lituania, Livonia, Luxemburgo, Lydia, Macao, Madagascar, Islas Madeira, Malawi, Malaya y Borneo Brit\u00e1nico, Malaya, Malasia, Maldivas, Mali, Malta, Malta, Orden Soberana y Militar de, Islas Marshall, Martinica, Mauritania, Mauricio, Mayotte, M\u00e9xico, M\u00e9xico, Provincias, Micronesia, Estados Federados de, Moldavia y Valaquia, Principado de Moldavia, Moldavia, Mombasa, M\u00f3naco, Mongolia, Montenegro, Montserrat, Marruecos, Mozambique, Mascate y Om\u00e1n, Myanmar, Namibia, Nauru, Nepal, Antillas Holandesas, Indias Orientales Holandesas, Pa\u00edses Bajos, Pa\u00edses Bajos, Estados Holandeses, Nevis, Nuevo Brunswick, Nueva Caledonia, Nueva Guinea, Nuevas H\u00e9bridas, Nueva Zelanda, Terranova, Nicaragua, N\u00edger, Nigeria, Niue, Macedonia del Norte, Islas Marianas del Norte, Noruega, Nueva Escocia, Om\u00e1n, Pakist\u00e1n, Palau, Palestina \u2013 Mandato Brit\u00e1nico, Panam\u00e1, Papua Nueva Guinea, Paraguay, Per\u00fa, Filipinas, Fenicia, Islas Pitcairn, Polonia, Polonia, Gdansk, Commonwealth Polaco-Lituana, Portugal, Guinea Portuguesa, Isla del Pr\u00edncipe Eduardo, Puerto Rico, Qatar y Dubai, Qatar, Ragusa, Rep\u00fablica, Ras al Khaimah, Reuni\u00f3n, Rhodesia y Nyasaland, Rhodesia, Imperio Romano, Rumania, Rusia, Rusia, Caucasia, Rusia, Imperio, Ruanda y Burundi, Ruanda, Sarre, Rep\u00fablica \u00c1rabe Saharaui Democr\u00e1tica, San Bartolom\u00e9, San Eustaquio, Santa Elena y Ascensi\u00f3n, Santa Elena, San Crist\u00f3bal y Nieves, Santa Luc\u00eda, San Pedro y Miquel\u00f3n, San Vicente y las Granadinas, Samoa, San Marino, Santo Tom\u00e9 y Pr\u00edncipe, Sarawak, Imperio Sas\u00e1nida, Arabia Saudita, Escocia, Imperio Sel\u00e9ucida, Imperio Sel\u00e9ucida, Senegal, Serbia, Seychelles, Sharjah, Sierra Leona, Singapur, Eslovaquia, Eslovenia, Islas Salom\u00f3n, Somalia, Somalilandia, Sud\u00e1frica, Islas Georgias del Sur y Sandwich del Sur, Sud\u00e1n del Sur, Rodesia del Sur, Uni\u00f3n Sovi\u00e9tica, URSS, Espa\u00f1a, Espa\u00f1a, Guerra Civil, Espa\u00f1a, Estados, Pa\u00edses Bajos Espa\u00f1oles, Sri Lanka, Establecimientos del Estrecho, Sud\u00e1n, Surinam, Svalbard, Suazilandia, Suecia, Cantones Suizos, Suiza, Siria, Taiw\u00e1n, Tayikist\u00e1n, Tannu Tuva, Tanzania, Tailandia, T\u00edbet, Timor, Tobago, Togo, Tokelau, Tonga, Transnistria, Transilvania, Trinidad y Tobago, Trinidad, Trist\u00e1n da Cunha, T\u00fanez, Turqu\u00eda, Turkmenist\u00e1n, Islas Turcas y Islas Caicos, Tuvalu, Uganda, Ucrania, Umm al-Qaiwain, Emiratos \u00c1rabes Unidos, Reino Unido de Gran Breta\u00f1a e Irlanda del Norte, Estados Unidos, Estados Unidos de Am\u00e9rica, Uruguay, Uzbekist\u00e1n, Vanuatu, Ciudad del Vaticano, Estados Pontificios del Vaticano, Venezuela, Vietnam, Vietnam, Dinast\u00edas, Vietnam, Norte, Vietnam, Sur, Estados de \u00c1frica Occidental, Islas de Barlovento, En todo el mundo, Yemen, Yemen, Estados del Protectorado de Ad\u00e9n, Yemen, Rep\u00fablica \u00c1rabe, Yemen, Rep\u00fablica Democr\u00e1tica del, Yemen, Rep\u00fablica, Yemen, Arabia del Sur, Yugoslavia, Zaire, Zambia, Zanz\u00edbar, Zimbabue.<\/h5>\n<p>&nbsp;<\/p>\n<p><strong>Este cat\u00e1logo de monedas est\u00e1 completamente ilustrado en color con im\u00e1genes de alta calidad.<\/strong><\/p>\n<p>Estos Cat\u00e1logos se entregan en formato PDF y son visualizables en cualquier ordenador.<\/p>\n<p><strong>Entrega:\u00a0<\/strong>Este es un libro electr\u00f3nico en formato PDF que recibir\u00e1s por correo electr\u00f3nico (entrega instant\u00e1nea). Tambi\u00e9n tendr\u00e1s la opci\u00f3n de recibir el producto en DVD.<\/p>\n<p>Para m\u00e1s informaci\u00f3n puede descargar un Cat\u00e1logo de Monedas. (ver el\u00a0<a href=\"https:\/\/coinscatalogs.com\/es\/pagina-de-demostracion\/\">Manifestaci\u00f3n<\/a>\u00a0p\u00e1gina para un cat\u00e1logo de demostraci\u00f3n).<\/p>","protected":false},"excerpt":{"rendered":"<p><em>Cat\u00e1logo de Monedas del Mundo Gratis<\/em>Cat\u00e1logo de monedas del mundo ilustrado a todo color para imprimir <em>2023<\/em> ( <strong><em><span style=\"color: #003300;\">172,739 <\/span>Monedas listadas<\/em><\/strong> )<\/p>","protected":false},"featured_media":389618,"template":"","meta":[],"product_brand":[],"product_cat":[17],"product_tag":[],"class_list":{"0":"post-389617","1":"product","2":"type-product","3":"status-publish","4":"has-post-thumbnail","6":"product_cat-coins-catalog","7":"sales-flash-overlay","8":"woocommerce-text-align-center","9":"woocommerce-image-align-center","10":"do-quantity-buttons","12":"first","13":"instock","14":"sale","15":"featured","16":"downloadable","17":"virtual","18":"purchasable","19":"product-type-simple"},"_links":{"self":[{"href":"https:\/\/coinscatalogs.com\/es\/wp-json\/wp\/v2\/product\/389617","targetHints":{"allow":["GET"]}}],"collection":[{"href":"https:\/\/coinscatalogs.com\/es\/wp-json\/wp\/v2\/product"}],"about":[{"href":"https:\/\/coinscatalogs.com\/es\/wp-json\/wp\/v2\/types\/product"}],"wp:featuredmedia":[{"embeddable":true,"href":"https:\/\/coinscatalogs.com\/es\/wp-json\/wp\/v2\/media\/389618"}],"wp:attachment":[{"href":"https:\/\/coinscatalogs.com\/es\/wp-json\/wp\/v2\/media?parent=389617"}],"wp:term":[{"taxonomy":"product_brand","embeddable":true,"href":"https:\/\/coinscatalogs.com\/es\/wp-json\/wp\/v2\/product_brand?post=389617"},{"taxonomy":"product_cat","embeddable":true,"href":"https:\/\/coinscatalogs.com\/es\/wp-json\/wp\/v2\/product_cat?post=389617"},{"taxonomy":"product_tag","embeddable":true,"href":"https:\/\/coinscatalogs.com\/es\/wp-json\/wp\/v2\/product_tag?post=389617"}],"curies":[{"name":"wp","href":"https:\/\/api.w.org\/{rel}","templated":true}]}}