{"id":71,"date":"2021-01-22T06:30:31","date_gmt":"2021-01-22T06:30:31","guid":{"rendered":"https:\/\/coinscatalogs.com\/?page_id=71"},"modified":"2022-05-23T07:29:33","modified_gmt":"2022-05-23T11:29:33","slug":"demo","status":"publish","type":"page","link":"https:\/\/coinscatalogs.com\/es\/pagina-de-demostracion\/","title":{"rendered":"Manifestaci\u00f3n"},"content":{"rendered":"<p><strong>Cat\u00e1logo de monedas<\/strong><\/p>\n\n\n\n<p>\u00bfC\u00f3mo es el cat\u00e1logo de monedas? Para m\u00e1s informaci\u00f3n, puede descargar un cat\u00e1logo de muestra a trav\u00e9s del enlace a continuaci\u00f3n. *<\/p>\n\n\n\n<p><a href=\"https:\/\/coinscatalogs.com\/demo\/coinscatalogs-Demo.zip\">https:\/\/coinscatalogs.com\/demo\/coinscatalogs-Demo.zip<\/a><\/p>\n\n\n\n<p>Utilice la \u00faltima versi\u00f3n de Acrobat Reader para abrir el archivo PDF; puede visitar el sitio web de Adobe en&nbsp;<a href=\"https:\/\/get.adobe.com\/reader\/\" target=\"_blank\" rel=\"noopener\">https:\/\/get.adobe.com\/reader\/<\/a>&nbsp;y descarga uno gratis.<\/p>","protected":false},"excerpt":{"rendered":"<p>Cat\u00e1logo de monedas. \u00bfC\u00f3mo es el cat\u00e1logo de monedas? Para m\u00e1s informaci\u00f3n\u2026 <a title=\"Manifestaci\u00f3n\" class=\"read-more\" href=\"https:\/\/coinscatalogs.com\/es\/pagina-de-demostracion\/\" aria-label=\"Leer m\u00e1s sobre la demostraci\u00f3n\">Leer m\u00e1s<\/a><\/p>","protected":false},"author":1,"featured_media":0,"parent":0,"menu_order":0,"comment_status":"closed","ping_status":"closed","template":"","meta":{"footnotes":""},"class_list":["post-71","page","type-page","status-publish"],"_links":{"self":[{"href":"https:\/\/coinscatalogs.com\/es\/wp-json\/wp\/v2\/pages\/71","targetHints":{"allow":["GET"]}}],"collection":[{"href":"https:\/\/coinscatalogs.com\/es\/wp-json\/wp\/v2\/pages"}],"about":[{"href":"https:\/\/coinscatalogs.com\/es\/wp-json\/wp\/v2\/types\/page"}],"author":[{"embeddable":true,"href":"https:\/\/coinscatalogs.com\/es\/wp-json\/wp\/v2\/users\/1"}],"replies":[{"embeddable":true,"href":"https:\/\/coinscatalogs.com\/es\/wp-json\/wp\/v2\/comments?post=71"}],"version-history":[{"count":0,"href":"https:\/\/coinscatalogs.com\/es\/wp-json\/wp\/v2\/pages\/71\/revisions"}],"wp:attachment":[{"href":"https:\/\/coinscatalogs.com\/es\/wp-json\/wp\/v2\/media?parent=71"}],"curies":[{"name":"wp","href":"https:\/\/api.w.org\/{rel}","templated":true}]}}