{"id":974721,"date":"2025-04-28T11:46:15","date_gmt":"2025-04-28T15:46:15","guid":{"rendered":"https:\/\/coinscatalogs.com\/?post_type=product&#038;p=974721"},"modified":"2026-02-11T17:36:13","modified_gmt":"2026-02-11T17:36:13","slug":"weltmunzenkatalog-band-13","status":"publish","type":"product","link":"https:\/\/coinscatalogs.com\/de\/weltmunzenkatalog-band-13\/","title":{"rendered":"Weltm\u00fcnzenkatalog 2025, Band 13 (L\u00e4nder UVWYZ)"},"content":{"rendered":"<p>Band 13 enth\u00e4lt Listen f\u00fcr L\u00e4nder der Welt, die mit Buchstaben beginnen <strong>UVWYZ<\/strong>Diese beginnen mit Uganda und enden mit Simbabwe.<\/p>\n<h4><strong><em>13460<\/em><\/strong> M\u00fcnzen sind in diesem Katalog aufgef\u00fchrt<\/h4>\n<p>Band 13 umfasst 24 L\u00e4nder (sowohl bestehende als auch nicht mehr existierende L\u00e4nder). Die in Band 13 enthaltenen L\u00e4nder sind wie folgt:<\/p>\n<p><strong><em>Uganda, Ukraine, Umm al-Qiwain, Vereinigte Arabische Emirate, Vereinigtes K\u00f6nigreich von Gro\u00dfbritannien und Nordirland, Vereinigte Staaten von Amerika, Uruguay, Usbekistan, Vanuatu, Vatikanstadt, Vatikanischer Kirchenstaat, Venezuela, Vietnam, Westafrikanische Staaten, Inseln \u00fcber dem Winde, Jemen, Jemenitische Demokratische Volksrepublik, Jemenitische Republik, Jemen-S\u00fcdarabien, Jugoslawien, Zaire, Sambia, Sansibar, Simbabwe. <\/em><\/strong><\/p>\n<p><strong>Dieser M\u00fcnzkatalog ist vollst\u00e4ndig in Farbe mit hochwertigen Bildern illustriert.<\/strong><\/p>\n<p>Diese Kataloge werden im PDF-Format geliefert und k\u00f6nnen auf jedem Computer angezeigt werden.<\/p>\n<p><strong>Lieferung:\u00a0<\/strong>Dies ist ein eBook im PDF-Format, das Sie innerhalb von 24 Stunden oder weniger per E-Mail erhalten. Sie haben auch die M\u00f6glichkeit, das Produkt per DVD zu erhalten.<\/p>\n<p>F\u00fcr weitere Informationen k\u00f6nnen Sie einen M\u00fcnzkatalog herunterladen. (siehe die\u00a0<a href=\"https:\/\/coinscatalogs.com\/de\/demoseite\/\"><strong>Demo<\/strong><\/a>\u00a0Seite f\u00fcr einen Demokatalog).<\/p>","protected":false},"excerpt":{"rendered":"<p>World Coins catalog Year 2025 Volume 13 (Countries U-V-W-Y-Z), 13460 coins are listed in this catalog.<\/p>","protected":false},"featured_media":974722,"template":"","meta":[],"product_brand":[],"product_cat":[17],"product_tag":[],"class_list":{"0":"post-974721","1":"product","2":"type-product","3":"status-publish","4":"has-post-thumbnail","6":"product_cat-coins-catalog","7":"sales-flash-overlay","8":"woocommerce-text-align-center","9":"woocommerce-image-align-center","10":"do-quantity-buttons","12":"first","13":"instock","14":"downloadable","15":"virtual","16":"purchasable","17":"product-type-simple"},"_links":{"self":[{"href":"https:\/\/coinscatalogs.com\/de\/wp-json\/wp\/v2\/product\/974721","targetHints":{"allow":["GET"]}}],"collection":[{"href":"https:\/\/coinscatalogs.com\/de\/wp-json\/wp\/v2\/product"}],"about":[{"href":"https:\/\/coinscatalogs.com\/de\/wp-json\/wp\/v2\/types\/product"}],"wp:featuredmedia":[{"embeddable":true,"href":"https:\/\/coinscatalogs.com\/de\/wp-json\/wp\/v2\/media\/974722"}],"wp:attachment":[{"href":"https:\/\/coinscatalogs.com\/de\/wp-json\/wp\/v2\/media?parent=974721"}],"wp:term":[{"taxonomy":"product_brand","embeddable":true,"href":"https:\/\/coinscatalogs.com\/de\/wp-json\/wp\/v2\/product_brand?post=974721"},{"taxonomy":"product_cat","embeddable":true,"href":"https:\/\/coinscatalogs.com\/de\/wp-json\/wp\/v2\/product_cat?post=974721"},{"taxonomy":"product_tag","embeddable":true,"href":"https:\/\/coinscatalogs.com\/de\/wp-json\/wp\/v2\/product_tag?post=974721"}],"curies":[{"name":"wp","href":"https:\/\/api.w.org\/{rel}","templated":true}]}}