{"id":974717,"date":"2025-04-28T11:40:29","date_gmt":"2025-04-28T15:40:29","guid":{"rendered":"https:\/\/coinscatalogs.com\/?post_type=product&#038;p=974717"},"modified":"2025-06-23T15:59:56","modified_gmt":"2025-06-23T15:59:56","slug":"weltmunzen-datenbankkatalog-band-11","status":"publish","type":"product","link":"https:\/\/coinscatalogs.com\/de\/weltmunzen-datenbankkatalog-band-11\/","title":{"rendered":"Weltm\u00fcnzenkatalog 2025, Band 11 (L\u00e4nder S)"},"content":{"rendered":"<p>Band 11 enth\u00e4lt Listen f\u00fcr L\u00e4nder der Welt, die mit Buchstaben beginnen <strong>S<\/strong>Diese beginnen mit <strong>Saar<\/strong> und enden mit <strong>Syrien<\/strong>.<\/p>\n<h4><strong><em>15275<\/em><\/strong> M\u00fcnzen sind in diesem Katalog aufgef\u00fchrt<\/h4>\n<p>Band 11 umfasst 42 L\u00e4nder (sowohl bestehende als auch nicht mehr existierende L\u00e4nder). Die in Band 11 enthaltenen L\u00e4nder sind wie folgt:<\/p>\n<p><strong><em>Saar, Demokratische Arabische Republik Sahara, St. Barth\u00e9lemy, St. Eustatius, St. Helena, St. Helena und Ascension, St. Kitts und Nevis, St. Lucia, St. Pierre und Miquelon, St. Vincent und die Grenadinen, Samoa, San Marino, S\u00e3o Tom\u00e9 und Pr\u00edncipe, Sarawak, Saudi-Arabien, Schottland, Senegal, Serbien, Seychellen, Sharjah, Sierra Leone, Singapur, Slowakei, Slowenien, Salomonen, Somalia, Somaliland, S\u00fcdafrika, S\u00fcdgeorgien und die S\u00fcdlichen Sandwichinseln, S\u00fcdossetien, S\u00fcdsudan, S\u00fcdrhodesien, Spanien, Spanische Niederlande, Sri Lanka, Straits Settlements, Sudan, Suriname, Spitzbergen, Schweden, Schweiz, Syrien. <\/em><\/strong><\/p>\n<p><strong>Dieser M\u00fcnzkatalog ist vollst\u00e4ndig in Farbe mit hochwertigen Bildern illustriert.<\/strong><\/p>\n<p>Diese Kataloge werden im PDF-Format geliefert und k\u00f6nnen auf jedem Computer angezeigt werden.<\/p>\n<p><strong>Lieferung:\u00a0<\/strong>Dies ist ein eBook im PDF-Format, das Sie innerhalb von 24 Stunden oder weniger per E-Mail erhalten. Sie haben auch die M\u00f6glichkeit, das Produkt per DVD zu erhalten.<\/p>\n<p>F\u00fcr weitere Informationen k\u00f6nnen Sie einen M\u00fcnzkatalog herunterladen. (siehe die\u00a0<a href=\"https:\/\/coinscatalogs.com\/de\/demoseite\/\"><strong>Demo<\/strong><\/a>\u00a0Seite f\u00fcr einen Demokatalog).<\/p>","protected":false},"excerpt":{"rendered":"<p>Weltm\u00fcnzenkatalog Jahr 2025 Band 11 (L\u00e4nder S), 15275 M\u00fcnzen sind in diesem Katalog aufgef\u00fchrt.<\/p>","protected":false},"featured_media":974718,"template":"","meta":[],"product_brand":[],"product_cat":[17],"product_tag":[],"class_list":{"0":"post-974717","1":"product","2":"type-product","3":"status-publish","4":"has-post-thumbnail","6":"product_cat-coins-catalog","7":"sales-flash-overlay","8":"woocommerce-text-align-center","9":"woocommerce-image-align-center","10":"do-quantity-buttons","12":"first","13":"instock","14":"virtual","15":"purchasable","16":"product-type-simple"},"_links":{"self":[{"href":"https:\/\/coinscatalogs.com\/de\/wp-json\/wp\/v2\/product\/974717","targetHints":{"allow":["GET"]}}],"collection":[{"href":"https:\/\/coinscatalogs.com\/de\/wp-json\/wp\/v2\/product"}],"about":[{"href":"https:\/\/coinscatalogs.com\/de\/wp-json\/wp\/v2\/types\/product"}],"wp:featuredmedia":[{"embeddable":true,"href":"https:\/\/coinscatalogs.com\/de\/wp-json\/wp\/v2\/media\/974718"}],"wp:attachment":[{"href":"https:\/\/coinscatalogs.com\/de\/wp-json\/wp\/v2\/media?parent=974717"}],"wp:term":[{"taxonomy":"product_brand","embeddable":true,"href":"https:\/\/coinscatalogs.com\/de\/wp-json\/wp\/v2\/product_brand?post=974717"},{"taxonomy":"product_cat","embeddable":true,"href":"https:\/\/coinscatalogs.com\/de\/wp-json\/wp\/v2\/product_cat?post=974717"},{"taxonomy":"product_tag","embeddable":true,"href":"https:\/\/coinscatalogs.com\/de\/wp-json\/wp\/v2\/product_tag?post=974717"}],"curies":[{"name":"wp","href":"https:\/\/api.w.org\/{rel}","templated":true}]}}