{"id":974715,"date":"2025-04-28T11:37:20","date_gmt":"2025-04-28T15:37:20","guid":{"rendered":"https:\/\/coinscatalogs.com\/?post_type=product&#038;p=974715"},"modified":"2025-07-12T04:10:50","modified_gmt":"2025-07-12T04:10:50","slug":"weltmunzenkatalog-band-10","status":"publish","type":"product","link":"https:\/\/coinscatalogs.com\/de\/weltmunzenkatalog-band-10\/","title":{"rendered":"Weltm\u00fcnzenkatalog 2025, Band 10 (L\u00e4nder PQR)"},"content":{"rendered":"<p>Band 10 enth\u00e4lt Listen f\u00fcr L\u00e4nder der Welt, die mit Buchstaben beginnen <strong>PQR<\/strong>Diese beginnen mit <strong>Pakistan<\/strong> und enden mit <strong>Ruanda<\/strong>.<\/p>\n<h4><strong><em>11047<\/em><\/strong> M\u00fcnzen sind in diesem Katalog aufgef\u00fchrt<\/h4>\n<p>Band 10 umfasst 23 L\u00e4nder (sowohl bestehende als auch nicht mehr existierende L\u00e4nder). Die in Band 10 enthaltenen L\u00e4nder sind wie folgt:<\/p>\n<p><strong><em>Pakistan, Palau, Pal\u00e4stina \u2013 Britisches Mandat, Panama, Papua-Neuguinea, Paraguay, Peru, Philippinen, Pitcairninseln, Polen, Portugal, Portugiesisch-Guinea, Puerto Rico, Katar, Republik Ragusa, Ras al Khaimah, R\u00e9union, Rhodesien, Rhodesien und Nyasaland, Rum\u00e4nien, Russland, Ruanda, Ruanda und Burundi. <\/em><\/strong><\/p>\n<p><strong>Dieser M\u00fcnzkatalog ist vollst\u00e4ndig in Farbe mit hochwertigen Bildern illustriert.<\/strong><\/p>\n<p>Diese Kataloge werden im PDF-Format geliefert und k\u00f6nnen auf jedem Computer angezeigt werden.<\/p>\n<p><strong>Lieferung:\u00a0<\/strong>Dies ist ein eBook im PDF-Format, das Sie innerhalb von 24 Stunden oder weniger per E-Mail erhalten. Sie haben auch die M\u00f6glichkeit, das Produkt per DVD zu erhalten.<\/p>\n<p>F\u00fcr weitere Informationen k\u00f6nnen Sie einen M\u00fcnzkatalog herunterladen. (siehe die\u00a0<a href=\"https:\/\/coinscatalogs.com\/de\/demoseite\/\"><strong>Demo<\/strong><\/a>\u00a0Seite f\u00fcr einen Demokatalog).<\/p>","protected":false},"excerpt":{"rendered":"<p>Weltm\u00fcnzenkatalog, Jahr 2024, Band 10 (L\u00e4nder PQR), 11047 M\u00fcnzen sind in diesem Katalog aufgef\u00fchrt.<\/p>","protected":false},"featured_media":974716,"template":"","meta":[],"product_brand":[],"product_cat":[17],"product_tag":[],"class_list":{"0":"post-974715","1":"product","2":"type-product","3":"status-publish","4":"has-post-thumbnail","6":"product_cat-coins-catalog","7":"sales-flash-overlay","8":"woocommerce-text-align-center","9":"woocommerce-image-align-center","10":"do-quantity-buttons","12":"first","13":"instock","14":"virtual","15":"purchasable","16":"product-type-simple"},"_links":{"self":[{"href":"https:\/\/coinscatalogs.com\/de\/wp-json\/wp\/v2\/product\/974715","targetHints":{"allow":["GET"]}}],"collection":[{"href":"https:\/\/coinscatalogs.com\/de\/wp-json\/wp\/v2\/product"}],"about":[{"href":"https:\/\/coinscatalogs.com\/de\/wp-json\/wp\/v2\/types\/product"}],"wp:featuredmedia":[{"embeddable":true,"href":"https:\/\/coinscatalogs.com\/de\/wp-json\/wp\/v2\/media\/974716"}],"wp:attachment":[{"href":"https:\/\/coinscatalogs.com\/de\/wp-json\/wp\/v2\/media?parent=974715"}],"wp:term":[{"taxonomy":"product_brand","embeddable":true,"href":"https:\/\/coinscatalogs.com\/de\/wp-json\/wp\/v2\/product_brand?post=974715"},{"taxonomy":"product_cat","embeddable":true,"href":"https:\/\/coinscatalogs.com\/de\/wp-json\/wp\/v2\/product_cat?post=974715"},{"taxonomy":"product_tag","embeddable":true,"href":"https:\/\/coinscatalogs.com\/de\/wp-json\/wp\/v2\/product_tag?post=974715"}],"curies":[{"name":"wp","href":"https:\/\/api.w.org\/{rel}","templated":true}]}}