{"id":974711,"date":"2025-04-28T11:30:24","date_gmt":"2025-04-28T15:30:24","guid":{"rendered":"https:\/\/coinscatalogs.com\/?post_type=product&#038;p=974711"},"modified":"2025-06-23T15:59:46","modified_gmt":"2025-06-23T15:59:46","slug":"weltmunzenkatalog-band-8","status":"publish","type":"product","link":"https:\/\/coinscatalogs.com\/de\/weltmunzenkatalog-band-8\/","title":{"rendered":"Weltm\u00fcnzenkatalog 2025, Band 8 (L\u00e4nder KLM)"},"content":{"rendered":"<p>Band 8 enth\u00e4lt Listen f\u00fcr L\u00e4nder der Welt, die mit Buchstaben beginnen <strong>kLM<\/strong>Diese beginnen mit <strong>Katanga<\/strong> und enden mit <strong>Myanmar<\/strong>.<\/p>\n<h4><strong><em>14605<\/em><\/strong> M\u00fcnzen sind in diesem Katalog aufgef\u00fchrt<\/h4>\n<p>Band 8 enth\u00e4lt\u00a0 <strong><em>50<\/em><\/strong> L\u00e4nder (umfasst sowohl bestehende als auch nicht mehr existierende L\u00e4nder). Die in Band 8 enthaltenen L\u00e4nder sind die folgenden:<\/p>\n<p>Katanga, Kasachstan, Kenia, Volkssowjetrepublik Khorezm, Kiao Chau, Kiribati, Korea, Nordkorea, S\u00fcdkorea, Kuwait, Kirgisistan, Laos, Lettland, Libanon, Lesotho, Liberia, Libyen, Liechtenstein, L\u00fcttich, Litauen, Livland, Luxemburg, Macau, Madagaskar, Madeira-Inseln, Malawi, Malaya, Malaysia, Malediven, Mali, Malta, Malta Souver\u00e4ner Milit\u00e4rorden, Marshallinseln, Martinique, Mauretanien, Mauritius, Mayotte, Mexiko, F\u00f6derierte Staaten Mikronesien, Moldawien und Walachei, F\u00fcrstentum Moldau, Moldawien, Mombasa, Monaco, Mongolei, Montenegro, Montserrat, Marokko, Mosambik, Myanmar.<\/p>\n<p><strong>Dieser M\u00fcnzkatalog ist vollst\u00e4ndig in Farbe mit hochwertigen Bildern illustriert.<\/strong><\/p>\n<p>Diese Kataloge werden im PDF-Format geliefert und k\u00f6nnen auf jedem Computer angezeigt werden.<\/p>\n<p><strong>Lieferung:\u00a0<\/strong>Dies ist ein eBook im PDF-Format, das Sie innerhalb von 24 Stunden oder weniger per E-Mail erhalten. Sie haben auch die M\u00f6glichkeit, das Produkt per DVD zu erhalten.<\/p>\n<p>F\u00fcr weitere Informationen k\u00f6nnen Sie einen M\u00fcnzkatalog herunterladen. (siehe die\u00a0<a href=\"https:\/\/coinscatalogs.com\/de\/demoseite\/\"><strong>Demo<\/strong><\/a>\u00a0Seite f\u00fcr einen Demokatalog).<\/p>","protected":false},"excerpt":{"rendered":"<p>Weltm\u00fcnzenkatalog Jahr 2025 Band 8 (L\u00e4nder KLM), 14605 M\u00fcnzen sind in diesem Katalog aufgef\u00fchrt.<\/p>","protected":false},"featured_media":974712,"template":"","meta":[],"product_brand":[],"product_cat":[17],"product_tag":[],"class_list":{"0":"post-974711","1":"product","2":"type-product","3":"status-publish","4":"has-post-thumbnail","6":"product_cat-coins-catalog","7":"sales-flash-overlay","8":"woocommerce-text-align-center","9":"woocommerce-image-align-center","10":"do-quantity-buttons","12":"first","13":"instock","14":"virtual","15":"purchasable","16":"product-type-simple"},"_links":{"self":[{"href":"https:\/\/coinscatalogs.com\/de\/wp-json\/wp\/v2\/product\/974711","targetHints":{"allow":["GET"]}}],"collection":[{"href":"https:\/\/coinscatalogs.com\/de\/wp-json\/wp\/v2\/product"}],"about":[{"href":"https:\/\/coinscatalogs.com\/de\/wp-json\/wp\/v2\/types\/product"}],"wp:featuredmedia":[{"embeddable":true,"href":"https:\/\/coinscatalogs.com\/de\/wp-json\/wp\/v2\/media\/974712"}],"wp:attachment":[{"href":"https:\/\/coinscatalogs.com\/de\/wp-json\/wp\/v2\/media?parent=974711"}],"wp:term":[{"taxonomy":"product_brand","embeddable":true,"href":"https:\/\/coinscatalogs.com\/de\/wp-json\/wp\/v2\/product_brand?post=974711"},{"taxonomy":"product_cat","embeddable":true,"href":"https:\/\/coinscatalogs.com\/de\/wp-json\/wp\/v2\/product_cat?post=974711"},{"taxonomy":"product_tag","embeddable":true,"href":"https:\/\/coinscatalogs.com\/de\/wp-json\/wp\/v2\/product_tag?post=974711"}],"curies":[{"name":"wp","href":"https:\/\/api.w.org\/{rel}","templated":true}]}}