{"id":974705,"date":"2025-04-28T11:18:47","date_gmt":"2025-04-28T15:18:47","guid":{"rendered":"https:\/\/coinscatalogs.com\/?post_type=product&#038;p=974705"},"modified":"2025-06-23T15:59:36","modified_gmt":"2025-06-23T15:59:36","slug":"weltmunzenkatalog-band-5","status":"publish","type":"product","link":"https:\/\/coinscatalogs.com\/de\/weltmunzenkatalog-band-5\/","title":{"rendered":"Weltm\u00fcnzenkatalog 2025 Band 5 (L\u00e4nder F)"},"content":{"rendered":"<p>Band 5 enth\u00e4lt Listen f\u00fcr L\u00e4nder der Welt, die mit Buchstaben beginnen <strong>F<\/strong>Diese beginnen mit<strong> Falklandinseln<\/strong> und enden mit <strong>Fudschaira<\/strong>.<\/p>\n<h4><strong><em>12782<\/em><\/strong> M\u00fcnzen sind in diesem Katalog aufgef\u00fchrt<\/h4>\n<p>Band 5 umfasst 18 L\u00e4nder (sowohl bestehende als auch nicht mehr existierende L\u00e4nder). Die in Band 5 enthaltenen L\u00e4nder sind wie folgt:<\/p>\n<p>Falklandinseln, F\u00e4r\u00f6er-Inseln, Bundesrepublik Mittelamerika, Fidschi, Finnland, Frankreich, Franz\u00f6sisch-Afar und Issas, Franz\u00f6sische Antillen, Franz\u00f6sische Kolonien, Franz\u00f6sisch-\u00c4quatorialafrika, Franz\u00f6sisch-Guayana, Franz\u00f6sisch-Indochina, Franz\u00f6sisch-Ozeanien, Franz\u00f6sisch-Polynesien, Franz\u00f6sisch-Somaliland, Franz\u00f6sische S\u00fcd- und Antarktisgebiete, Franz\u00f6sisch-Westafrika, Fujairah.<\/p>\n<p><strong>Dieser M\u00fcnzkatalog ist vollst\u00e4ndig in Farbe mit hochwertigen Bildern illustriert.<\/strong><\/p>\n<p>Diese Kataloge werden im PDF-Format geliefert und k\u00f6nnen auf jedem Computer angezeigt werden.<\/p>\n<p><strong>Lieferung:\u00a0<\/strong>Dies ist ein eBook im PDF-Format, das Sie innerhalb von 24 Stunden oder weniger per E-Mail erhalten. Sie haben auch die M\u00f6glichkeit, das Produkt per DVD zu erhalten.<\/p>\n<p>F\u00fcr weitere Informationen k\u00f6nnen Sie einen M\u00fcnzkatalog herunterladen. (siehe die\u00a0<a href=\"https:\/\/coinscatalogs.com\/de\/demoseite\/\"><strong>Demo<\/strong><\/a>\u00a0Seite f\u00fcr einen Demokatalog).<\/p>","protected":false},"excerpt":{"rendered":"<p>Weltm\u00fcnzenkatalog Jahr 2025 Band 5 (L\u00e4nder F), 12782 M\u00fcnzen sind in diesem Katalog aufgef\u00fchrt.<\/p>","protected":false},"featured_media":974706,"template":"","meta":[],"product_brand":[],"product_cat":[17],"product_tag":[],"class_list":{"0":"post-974705","1":"product","2":"type-product","3":"status-publish","4":"has-post-thumbnail","6":"product_cat-coins-catalog","7":"sales-flash-overlay","8":"woocommerce-text-align-center","9":"woocommerce-image-align-center","10":"do-quantity-buttons","12":"first","13":"instock","14":"virtual","15":"purchasable","16":"product-type-simple"},"_links":{"self":[{"href":"https:\/\/coinscatalogs.com\/de\/wp-json\/wp\/v2\/product\/974705","targetHints":{"allow":["GET"]}}],"collection":[{"href":"https:\/\/coinscatalogs.com\/de\/wp-json\/wp\/v2\/product"}],"about":[{"href":"https:\/\/coinscatalogs.com\/de\/wp-json\/wp\/v2\/types\/product"}],"wp:featuredmedia":[{"embeddable":true,"href":"https:\/\/coinscatalogs.com\/de\/wp-json\/wp\/v2\/media\/974706"}],"wp:attachment":[{"href":"https:\/\/coinscatalogs.com\/de\/wp-json\/wp\/v2\/media?parent=974705"}],"wp:term":[{"taxonomy":"product_brand","embeddable":true,"href":"https:\/\/coinscatalogs.com\/de\/wp-json\/wp\/v2\/product_brand?post=974705"},{"taxonomy":"product_cat","embeddable":true,"href":"https:\/\/coinscatalogs.com\/de\/wp-json\/wp\/v2\/product_cat?post=974705"},{"taxonomy":"product_tag","embeddable":true,"href":"https:\/\/coinscatalogs.com\/de\/wp-json\/wp\/v2\/product_tag?post=974705"}],"curies":[{"name":"wp","href":"https:\/\/api.w.org\/{rel}","templated":true}]}}