{"id":974701,"date":"2025-04-28T11:11:13","date_gmt":"2025-04-28T15:11:13","guid":{"rendered":"https:\/\/coinscatalogs.com\/?post_type=product&#038;p=974701"},"modified":"2026-01-06T14:55:44","modified_gmt":"2026-01-06T14:55:44","slug":"weltmunzenkatalog-band-3","status":"publish","type":"product","link":"https:\/\/coinscatalogs.com\/de\/weltmunzenkatalog-band-3\/","title":{"rendered":"Weltm\u00fcnzenkatalog 2025 Band 3 (L\u00e4nder C)"},"content":{"rendered":"<p>Band 3 enth\u00e4lt Listen f\u00fcr L\u00e4nder der Welt, die mit Buchstaben beginnen <strong>C<\/strong>Diese beginnen mit Kap Verde und enden mit der Tschechoslowakei.<\/p>\n<h4><strong><em>20144<\/em><\/strong> M\u00fcnzen sind in diesem Katalog aufgef\u00fchrt<\/h4>\n<p>Band 3 enth\u00e4lt\u00a0 <em><strong>38<\/strong><\/em> L\u00e4nder (umfasst sowohl bestehende als auch nicht mehr existierende L\u00e4nder). Die in Band 3 enthaltenen L\u00e4nder sind die folgenden:<\/p>\n<p><strong>Kap Verde, Kambodscha, Kamerun, Kanada, Kap der Guten Hoffnung, Karolingerreich, Karthago, Kaimaninseln, Zentralafrikanische Republik, Zentralafrikanische Staaten, Ceylon, Tschad, Chile, China \u2013 Japanische Marionettenstaaten, Chinesische Dynastische Reiche, Volksrepublik China, Republik China, Chinesische Sowjetrepublik, Kokosinseln (Keelinginseln), Kolumbien, Santander, Komoren, Konf\u00f6derierte Staaten von Amerika, Demokratische Republik Kongo (Kinshasa), Freistaat Kongo, Republik Kongo (Brazzaville), Cookinseln, Costa Rica, Herzogtum Kurland und Semgallen, Kreta, Krim-Khanat, Kroatien, Kreuzfahrerstaaten, Kuba, Cura\u00e7ao, Zypern, Tschechische Republik, Tschechoslowakei.<\/strong><\/p>\n<p><em><p><strong>Dieser M\u00fcnzkatalog ist vollst\u00e4ndig in Farbe mit hochwertigen Bildern illustriert.<\/strong><\/p>\n<p>Diese Kataloge werden im PDF-Format geliefert und k\u00f6nnen auf jedem Computer angezeigt werden.<\/p>\n<p><strong>Lieferung:\u00a0<\/strong>Dies ist ein eBook im PDF-Format, das Sie innerhalb von 24 Stunden oder weniger per E-Mail erhalten. Sie haben auch die M\u00f6glichkeit, das Produkt per DVD zu erhalten.<\/p>\n<p>F\u00fcr weitere Informationen k\u00f6nnen Sie einen M\u00fcnzkatalog herunterladen. (siehe die\u00a0<a href=\"https:\/\/coinscatalogs.com\/de\/demoseite\/\"><strong>Demo<\/strong><\/a>\u00a0Seite f\u00fcr einen Demokatalog).<\/p><\/em><\/p>","protected":false},"excerpt":{"rendered":"<p>Weltm\u00fcnzenkatalog Jahr 2025 Band 3 (L\u00e4nder C), 20144 M\u00fcnzen sind in dieser Datenbank aufgef\u00fchrt.<\/p>","protected":false},"featured_media":974702,"template":"","meta":[],"product_brand":[],"product_cat":[17],"product_tag":[],"class_list":{"0":"post-974701","1":"product","2":"type-product","3":"status-publish","4":"has-post-thumbnail","6":"product_cat-coins-catalog","7":"sales-flash-overlay","8":"woocommerce-text-align-center","9":"woocommerce-image-align-center","10":"do-quantity-buttons","12":"first","13":"instock","14":"virtual","15":"purchasable","16":"product-type-simple"},"_links":{"self":[{"href":"https:\/\/coinscatalogs.com\/de\/wp-json\/wp\/v2\/product\/974701","targetHints":{"allow":["GET"]}}],"collection":[{"href":"https:\/\/coinscatalogs.com\/de\/wp-json\/wp\/v2\/product"}],"about":[{"href":"https:\/\/coinscatalogs.com\/de\/wp-json\/wp\/v2\/types\/product"}],"wp:featuredmedia":[{"embeddable":true,"href":"https:\/\/coinscatalogs.com\/de\/wp-json\/wp\/v2\/media\/974702"}],"wp:attachment":[{"href":"https:\/\/coinscatalogs.com\/de\/wp-json\/wp\/v2\/media?parent=974701"}],"wp:term":[{"taxonomy":"product_brand","embeddable":true,"href":"https:\/\/coinscatalogs.com\/de\/wp-json\/wp\/v2\/product_brand?post=974701"},{"taxonomy":"product_cat","embeddable":true,"href":"https:\/\/coinscatalogs.com\/de\/wp-json\/wp\/v2\/product_cat?post=974701"},{"taxonomy":"product_tag","embeddable":true,"href":"https:\/\/coinscatalogs.com\/de\/wp-json\/wp\/v2\/product_tag?post=974701"}],"curies":[{"name":"wp","href":"https:\/\/api.w.org\/{rel}","templated":true}]}}