{"id":974696,"date":"2025-04-28T10:55:59","date_gmt":"2025-04-28T14:55:59","guid":{"rendered":"https:\/\/coinscatalogs.com\/?post_type=product&#038;p=974696"},"modified":"2025-06-23T15:59:22","modified_gmt":"2025-06-23T15:59:22","slug":"weltmunzenkatalog-band-1","status":"publish","type":"product","link":"https:\/\/coinscatalogs.com\/de\/weltmunzenkatalog-band-1\/","title":{"rendered":"Weltm\u00fcnzenkatalog 2025 Band 1 (L\u00e4nder A)"},"content":{"rendered":"<p>Band 1 enth\u00e4lt Listen f\u00fcr L\u00e4nder der Welt, die mit Buchstaben beginnen <strong>A<\/strong>Diese beginnen mit Abchasien und enden mit den Azoren.<\/p>\n<h4><strong><em>14495<\/em><\/strong> M\u00fcnzen sind in diesem Katalog aufgef\u00fchrt<\/h4>\n<p>Band 1 umfasst 34 L\u00e4nder (sowohl bestehende als auch nicht mehr existierende L\u00e4nder). Die in Band 1 enthaltenen L\u00e4nder sind wie folgt:<\/p>\n<p><strong>Abchasien, Afghanistan, Adschman, Albanien, Alderney, Algerien, Amerikanisch-Samoa, Andorra, Angola, Anguilla, Antigua und Barbuda, Araukanien und Patagonien, Argentinien, Argentinien Buenos Aires, Argentinische Konf\u00f6deration, Argentinien C\u00f3rdoba, Argentinien Entre Rios, Argentinien La Rioja, Argentinien Mendoza, Argentinien Provincias Unidas del Rio de la Plata, Argentinien Salta, Argentinien Santiago del Estero, Argentinien Tucum\u00e1n, Armenien, Artsakh (Berg-Karabach), Aruba, Ascension Island, Australien, \u00d6sterreich, \u00d6sterreichische Niederlande, \u00d6sterreichische Staaten, \u00d6sterreichisch-ungarische Monarchie, Aserbaidschan, Azoren.<\/strong><\/p>\n<p><strong>Dieser M\u00fcnzkatalog ist vollst\u00e4ndig in Farbe mit hochwertigen Bildern illustriert.<\/strong><\/p>\n<p>Diese Kataloge werden im PDF-Format geliefert und k\u00f6nnen auf jedem Computer angezeigt werden.<\/p>\n<p><strong>Lieferung:\u00a0<\/strong>Dies ist ein eBook im PDF-Format, das Sie innerhalb von 24 Stunden oder weniger per E-Mail erhalten. Sie haben auch die M\u00f6glichkeit, das Produkt per DVD zu erhalten.<\/p>\n<p>F\u00fcr weitere Informationen k\u00f6nnen Sie einen M\u00fcnzkatalog herunterladen. (siehe die\u00a0<a href=\"https:\/\/coinscatalogs.com\/de\/demoseite\/\"><strong>Demo<\/strong><\/a>\u00a0Seite f\u00fcr einen Demokatalog).<\/p>","protected":false},"excerpt":{"rendered":"<p>Weltm\u00fcnzenkatalog Jahr 2025 Band 1 (L\u00e4nder A), 14495 M\u00fcnzen sind in dieser Datenbank aufgef\u00fchrt.<\/p>","protected":false},"featured_media":974697,"template":"","meta":[],"product_brand":[],"product_cat":[17],"product_tag":[],"class_list":{"0":"post-974696","1":"product","2":"type-product","3":"status-publish","4":"has-post-thumbnail","6":"product_cat-coins-catalog","7":"sales-flash-overlay","8":"woocommerce-text-align-center","9":"woocommerce-image-align-center","10":"do-quantity-buttons","12":"first","13":"instock","14":"virtual","15":"purchasable","16":"product-type-simple"},"_links":{"self":[{"href":"https:\/\/coinscatalogs.com\/de\/wp-json\/wp\/v2\/product\/974696","targetHints":{"allow":["GET"]}}],"collection":[{"href":"https:\/\/coinscatalogs.com\/de\/wp-json\/wp\/v2\/product"}],"about":[{"href":"https:\/\/coinscatalogs.com\/de\/wp-json\/wp\/v2\/types\/product"}],"wp:featuredmedia":[{"embeddable":true,"href":"https:\/\/coinscatalogs.com\/de\/wp-json\/wp\/v2\/media\/974697"}],"wp:attachment":[{"href":"https:\/\/coinscatalogs.com\/de\/wp-json\/wp\/v2\/media?parent=974696"}],"wp:term":[{"taxonomy":"product_brand","embeddable":true,"href":"https:\/\/coinscatalogs.com\/de\/wp-json\/wp\/v2\/product_brand?post=974696"},{"taxonomy":"product_cat","embeddable":true,"href":"https:\/\/coinscatalogs.com\/de\/wp-json\/wp\/v2\/product_cat?post=974696"},{"taxonomy":"product_tag","embeddable":true,"href":"https:\/\/coinscatalogs.com\/de\/wp-json\/wp\/v2\/product_tag?post=974696"}],"curies":[{"name":"wp","href":"https:\/\/api.w.org\/{rel}","templated":true}]}}