{"id":974635,"date":"2024-08-27T08:21:35","date_gmt":"2024-08-27T12:21:35","guid":{"rendered":"https:\/\/coinscatalogs.com\/?post_type=product&#038;p=974635"},"modified":"2025-07-12T04:11:16","modified_gmt":"2025-07-12T04:11:16","slug":"weltmunzen-datenbank-lander-pqr","status":"publish","type":"product","link":"https:\/\/coinscatalogs.com\/de\/weltmunzen-datenbank-lander-pqr\/","title":{"rendered":"Weltm\u00fcnzendatenbank 2025, Band 10 (L\u00e4nder-PQR)"},"content":{"rendered":"<p>Band 10 enth\u00e4lt Listen f\u00fcr L\u00e4nder der Welt, die mit Buchstaben beginnen <strong>PQR<\/strong>Diese beginnen mit Pakistan und enden mit Ruanda.<\/p>\n<h4><strong><em>11047<\/em><\/strong> M\u00fcnzen sind in dieser Datenbank aufgef\u00fchrt<\/h4>\n<p>Band 10 umfasst 23 L\u00e4nder (sowohl bestehende als auch nicht mehr existierende L\u00e4nder). Die in Band 10 enthaltenen L\u00e4nder sind wie folgt:<\/p>\n<p><strong><em>Pakistan, Palau, Pal\u00e4stina \u2013 Britisches Mandat, Panama, Papua-Neuguinea, Paraguay, Peru, Philippinen, Pitcairninseln, Polen, Portugal, Portugiesisch-Guinea, Puerto Rico, Katar, Republik Ragusa, Ras al Khaimah, R\u00e9union, Rhodesien, Rhodesien und Nyasaland, Rum\u00e4nien, Russland, Ruanda, Ruanda und Burundi. <\/em><\/strong><\/p>\n<p>Sie erhalten die Datenbankdatei einschlie\u00dflich des M\u00fcnzbildes im bearbeitbaren Excel-Arbeitsblattformat (.xlsx).<\/p>\n<p>W\u00e4hrend Excel die einfachste M\u00f6glichkeit zum \u00d6ffnen einer XLSX-Datei ist, k\u00f6nnen auch andere Tabellenkalkulationsprogramme wie Apple Numbers, OpenOffice Calc, LibreOffice Calc und Google Sheets XLSX-Dateien \u00f6ffnen. Diese Programme sind mit Excel-Dateien kompatibel und erm\u00f6glichen das Anzeigen, Bearbeiten und Speichern ohne Microsoft Office.<\/p>\n<p>Lieferung: Sie erhalten die Excel-Arbeitsblattdatei (.xlsx) innerhalb von 24 Stunden oder weniger kostenlos per E-Mail mit einem Download-Link. Sie haben auch die M\u00f6glichkeit, das Produkt per DVD (per UPS, USPS) zu erhalten.<\/p>","protected":false},"excerpt":{"rendered":"<p>Excel-Arbeitsblattdatenbank \u201eWeltm\u00fcnzen\u201c \u2013 Jahr 2025, Band 10 (L\u00e4nder-PQR). In dieser Datenbank sind 11.047 M\u00fcnzen aufgef\u00fchrt.<\/p>","protected":false},"featured_media":974636,"template":"","meta":[],"product_brand":[],"product_cat":[3115],"product_tag":[],"class_list":{"0":"post-974635","1":"product","2":"type-product","3":"status-publish","4":"has-post-thumbnail","6":"product_cat-world-coin-database","7":"sales-flash-overlay","8":"woocommerce-text-align-center","9":"woocommerce-image-align-center","10":"do-quantity-buttons","12":"first","13":"instock","14":"virtual","15":"purchasable","16":"product-type-simple"},"_links":{"self":[{"href":"https:\/\/coinscatalogs.com\/de\/wp-json\/wp\/v2\/product\/974635","targetHints":{"allow":["GET"]}}],"collection":[{"href":"https:\/\/coinscatalogs.com\/de\/wp-json\/wp\/v2\/product"}],"about":[{"href":"https:\/\/coinscatalogs.com\/de\/wp-json\/wp\/v2\/types\/product"}],"wp:featuredmedia":[{"embeddable":true,"href":"https:\/\/coinscatalogs.com\/de\/wp-json\/wp\/v2\/media\/974636"}],"wp:attachment":[{"href":"https:\/\/coinscatalogs.com\/de\/wp-json\/wp\/v2\/media?parent=974635"}],"wp:term":[{"taxonomy":"product_brand","embeddable":true,"href":"https:\/\/coinscatalogs.com\/de\/wp-json\/wp\/v2\/product_brand?post=974635"},{"taxonomy":"product_cat","embeddable":true,"href":"https:\/\/coinscatalogs.com\/de\/wp-json\/wp\/v2\/product_cat?post=974635"},{"taxonomy":"product_tag","embeddable":true,"href":"https:\/\/coinscatalogs.com\/de\/wp-json\/wp\/v2\/product_tag?post=974635"}],"curies":[{"name":"wp","href":"https:\/\/api.w.org\/{rel}","templated":true}]}}