{"id":974633,"date":"2024-08-27T08:14:12","date_gmt":"2024-08-27T12:14:12","guid":{"rendered":"https:\/\/coinscatalogs.com\/?post_type=product&#038;p=974633"},"modified":"2026-03-07T03:47:29","modified_gmt":"2026-03-07T03:47:29","slug":"weltmunzendatenbank-lander-nr","status":"publish","type":"product","link":"https:\/\/coinscatalogs.com\/de\/weltmunzendatenbank-lander-nr\/","title":{"rendered":"World Coins Database 2025 Volume 9 ( Countries N-O )"},"content":{"rendered":"<p>Band 9 enth\u00e4lt Listen f\u00fcr L\u00e4nder der Welt, die mit Buchstaben beginnen <strong>NEIN<\/strong>Diese beginnen mit Namibia und enden mit Oman.<\/p>\n<h4><strong><em>12158<\/em><\/strong> M\u00fcnzen sind in dieser Datenbank aufgef\u00fchrt<\/h4>\n<p>Band 9 umfasst 18 L\u00e4nder (sowohl bestehende als auch nicht mehr existierende L\u00e4nder). Die in Band 9 enthaltenen L\u00e4nder sind wie folgt:<\/p>\n<p><strong><em>Namibia, Nauru, Nepal, Niederlande, Niederl\u00e4ndische Antillen, Niederl\u00e4ndisch-Ostindien, Neukaledonien, Neuguinea, Neue Hebriden, Neuseeland, Nicaragua, Niger, Nigeria, Niue, Nordmazedonien, N\u00f6rdliche Marianen, Norwegen, Oman. <\/em><\/strong><\/p>\n<p>Sie erhalten die Datenbankdatei einschlie\u00dflich des M\u00fcnzbildes im bearbeitbaren Excel-Arbeitsblattformat (.xlsx).<\/p>\n<p>W\u00e4hrend Excel die einfachste M\u00f6glichkeit zum \u00d6ffnen einer XLSX-Datei ist, k\u00f6nnen auch andere Tabellenkalkulationsprogramme wie Apple Numbers, OpenOffice Calc, LibreOffice Calc und Google Sheets XLSX-Dateien \u00f6ffnen. Diese Programme sind mit Excel-Dateien kompatibel und erm\u00f6glichen das Anzeigen, Bearbeiten und Speichern ohne Microsoft Office.<\/p>\n<p>Lieferung: Sie erhalten die Excel-Arbeitsblattdatei (.xlsx) innerhalb von 24 Stunden oder weniger kostenlos per E-Mail mit einem Download-Link. Sie haben auch die M\u00f6glichkeit, das Produkt per DVD (per UPS, USPS) zu erhalten.<\/p>","protected":false},"excerpt":{"rendered":"<p>World Coins Excel Worksheet Database Year 2025 Volume 9 (Countries N-O), 12158 coins are listed in this database.<\/p>","protected":false},"featured_media":974634,"template":"","meta":[],"product_brand":[],"product_cat":[3115],"product_tag":[],"class_list":{"0":"post-974633","1":"product","2":"type-product","3":"status-publish","4":"has-post-thumbnail","6":"product_cat-world-coin-database","7":"sales-flash-overlay","8":"woocommerce-text-align-center","9":"woocommerce-image-align-center","10":"do-quantity-buttons","12":"first","13":"instock","14":"virtual","15":"purchasable","16":"product-type-simple"},"_links":{"self":[{"href":"https:\/\/coinscatalogs.com\/de\/wp-json\/wp\/v2\/product\/974633","targetHints":{"allow":["GET"]}}],"collection":[{"href":"https:\/\/coinscatalogs.com\/de\/wp-json\/wp\/v2\/product"}],"about":[{"href":"https:\/\/coinscatalogs.com\/de\/wp-json\/wp\/v2\/types\/product"}],"wp:featuredmedia":[{"embeddable":true,"href":"https:\/\/coinscatalogs.com\/de\/wp-json\/wp\/v2\/media\/974634"}],"wp:attachment":[{"href":"https:\/\/coinscatalogs.com\/de\/wp-json\/wp\/v2\/media?parent=974633"}],"wp:term":[{"taxonomy":"product_brand","embeddable":true,"href":"https:\/\/coinscatalogs.com\/de\/wp-json\/wp\/v2\/product_brand?post=974633"},{"taxonomy":"product_cat","embeddable":true,"href":"https:\/\/coinscatalogs.com\/de\/wp-json\/wp\/v2\/product_cat?post=974633"},{"taxonomy":"product_tag","embeddable":true,"href":"https:\/\/coinscatalogs.com\/de\/wp-json\/wp\/v2\/product_tag?post=974633"}],"curies":[{"name":"wp","href":"https:\/\/api.w.org\/{rel}","templated":true}]}}